{"id":84391,"date":"2022-08-30T07:46:04","date_gmt":"2022-08-30T07:46:04","guid":{"rendered":"https:\/\/staging.advisera.com\/contact\/"},"modified":"2024-07-09T14:06:29","modified_gmt":"2024-07-09T14:06:29","slug":"contact","status":"publish","type":"page","link":"https:\/\/staging.advisera.com\/fr\/contact\/","title":{"rendered":"Nous contacter"},"content":{"rendered":"<div id=\"pl-84391\"  class=\"panel-layout\" ><div id=\"pg-84391-0\"  class=\"panel-grid panel-has-style\" ><div class=\"bottom-padding-s bottom-padding-xs-m info-section panel-row-style panel-row-style-for-84391-0\" ><div id=\"pgc-84391-0-0\"  class=\"panel-grid-cell\" ><div id=\"panel-84391-0-0-0\" class=\"so-panel widget widget_sow-editor panel-first-child\" data-index=\"0\" ><div\n\t\t\t\n\t\t\tclass=\"so-widget-sow-editor so-widget-sow-editor-base\"\n\t\t\t\n\t\t>\n<div class=\"siteorigin-widget-tinymce textwidget\">\n\t<h1>Nous contacter<\/h1>\n<\/div>\n<\/div><\/div><div id=\"panel-84391-0-0-1\" class=\"so-panel widget widget_sow-editor\" data-index=\"1\" ><div\n\t\t\t\n\t\t\tclass=\"so-widget-sow-editor so-widget-sow-editor-base\"\n\t\t\t\n\t\t>\n<div class=\"siteorigin-widget-tinymce textwidget\">\n\t<h5>Comment pouvons-nous vous aider ?<\/h5>\n<\/div>\n<\/div><\/div><div id=\"panel-84391-0-0-2\" class=\"so-panel widget widget_adv_select_content panel-last-child\" data-index=\"2\" ><div\n\t\t\t\n\t\t\tclass=\"so-widget-adv_select_content so-widget-adv_select_content-base\"\n\t\t\t\n\t\t>\n<div class=\"select-content\">\n\t<div class=\"form-field has-default-value adv-select\">\n\t\t<legend>S\u00e9lectionnez la rubrique<\/legend>\n\t\t<select name=\"choose-content\" class=\"js-toggle\">\n\t\t\t\t\t<option value=\"Supportaideproduit\">Support \/ aide produit<\/option>\n\t\t\t\t\t<option value=\"Servicedesventes\">Service des ventes<\/option>\n\t\t\t\t\t<option value=\"Partenariats\">Partenariats<\/option>\n\t\t\t\t\n\t\t<\/select>\n\t\t<div class=\"hidden select-map\">\t\t\t\t\t<span data-hash=\"Supportaideproduit\">Support \/ aide produit<\/span>\n\t\t\t\t\t<span data-hash=\"Servicedesventes\">Service des ventes<\/span>\n\t\t\t\t\t<span data-hash=\"Partenariats\">Partenariats<\/span>\n\t\t\t\t\t\t\n\t\t<\/div>\n\t<\/div>\n\t\t\t<section class=\"toggle-content\" id=\"Supportaideproduit\">\n\t\t\t<div id=\"pl-wa29a7bff\"  class=\"panel-layout\" ><div id=\"pg-wa29a7bff-0\"  class=\"panel-grid panel-no-style\" ><div id=\"pgc-wa29a7bff-0-0\"  class=\"panel-grid-cell\" ><div id=\"panel-wa29a7bff-0-0-0\" class=\"widget_text so-panel widget widget_custom_html panel-first-child\" data-index=\"0\" ><div class=\"widget_text panel-widget-style panel-widget-style-for-wa29a7bff-0-0-0\" ><div class=\"textwidget custom-html-widget\"><h5 class=\"hide-on-submit\">Remplissez le formulaire ci-dessous<\/h5>\n<\/div><\/div><\/div><div id=\"panel-wa29a7bff-0-0-1\" class=\"so-panel widget widget_adv_hubspot panel-last-child\" data-index=\"1\" ><div class=\"panel-widget-style panel-widget-style-for-wa29a7bff-0-0-1\" ><div\n\t\t\t\n\t\t\tclass=\"so-widget-adv_hubspot so-widget-adv_hubspot-base\"\n\t\t\t\n\t\t>      <div class=\"hubspot-forms adv-style\">\n    <script charset=\"utf-8\" type=\"text\/javascript\" src=\"\/\/js.hsforms.net\/forms\/v2.js\"><\/script>\n    <script>\n      hbspt.forms.create({\n        region: \"na1\",\n        portalId: \"1983423\",\n        formId: \"ea025919-4f13-4dd6-900e-4210c113183f\"\n      });\n    <\/script>\n  <\/div>\n \n\n\n<\/div><\/div><\/div><\/div><\/div><\/div>\t\t\n\t\t<\/section>\n\t\t\t<section class=\"toggle-content hidden\" id=\"Servicedesventes\">\n\t\t\t<div id=\"pl-wdaefa435\"  class=\"panel-layout\" ><div id=\"pg-wdaefa435-0\"  class=\"panel-grid panel-has-style\" ><div class=\"info-section panel-row-style panel-row-style-for-wdaefa435-0\" ><div id=\"pgc-wdaefa435-0-0\"  class=\"panel-grid-cell\" ><div id=\"panel-wdaefa435-0-0-0\" class=\"so-panel widget widget_sow-editor panel-first-child panel-last-child\" data-index=\"0\" ><div class=\"panel-widget-style panel-widget-style-for-wdaefa435-0-0-0\" ><div\n\t\t\t\n\t\t\tclass=\"so-widget-sow-editor so-widget-sow-editor-base\"\n\t\t\t\n\t\t>\n<div class=\"siteorigin-widget-tinymce textwidget\">\n\t<h5>Notre \u00e9quipe commerciale peut \u00eatre contact\u00e9 \u00e0<\/h5>\n<p><a href=\"https:\/\/staging.advisera.com\/\/fr\/commencer\/\">sales@advisera.com<\/a><\/p>\n<h5>Autres fa\u00e7ons d\u2019obtenir plus d\u2019information<\/h5>\n<p>Consultez notre <a href=\"https:\/\/staging.advisera.com\/support\/fr\/knowledgebase\/\" target=\"_blank\" rel=\"noopener\">Centre d\u2019assistance<\/a>.<\/p>\n<p>Consultez notre <a href=\"https:\/\/staging.advisera.com\/resources\/\">Centre de ressources<\/a> pour d\u00e9couvrir les meilleures pratiques les plus r\u00e9centes et les derni\u00e8res tendances du secteur.<\/p>\n<\/div>\n<\/div><\/div><\/div><\/div><\/div><\/div><\/div>\t\t\n\t\t<\/section>\n\t\t\t<section class=\"toggle-content hidden\" id=\"Partenariats\">\n\t\t\t<div id=\"pl-w2d33aecf\"  class=\"panel-layout\" ><div id=\"pg-w2d33aecf-0\"  class=\"panel-grid panel-no-style\" ><div id=\"pgc-w2d33aecf-0-0\"  class=\"panel-grid-cell\" ><div id=\"panel-w2d33aecf-0-0-0\" class=\"widget_text so-panel widget widget_custom_html panel-first-child\" data-index=\"0\" ><div class=\"widget_text panel-widget-style panel-widget-style-for-w2d33aecf-0-0-0\" ><div class=\"textwidget custom-html-widget\"><h5 class=\"hide-on-submit\">Remplissez le formulaire ci-dessous<\/h5><\/div><\/div><\/div><div id=\"panel-w2d33aecf-0-0-1\" class=\"so-panel widget widget_adv_hubspot panel-last-child\" data-index=\"1\" ><div class=\"panel-widget-style panel-widget-style-for-w2d33aecf-0-0-1\" ><div\n\t\t\t\n\t\t\tclass=\"so-widget-adv_hubspot so-widget-adv_hubspot-base\"\n\t\t\t\n\t\t>      <div class=\"hubspot-forms adv-style\">\n    <script charset=\"utf-8\" type=\"text\/javascript\" src=\"\/\/js.hsforms.net\/forms\/v2.js\"><\/script>\n    <script>\n      hbspt.forms.create({\n        region: \"na1\",\n        portalId: \"1983423\",\n        formId: \"e7c07ddd-3af1-441d-9a80-fb4c1db2b6c0\"\n      });\n    <\/script>\n  <\/div>\n \n\n\n<\/div><\/div><\/div><\/div><\/div><\/div>\t\t\n\t\t<\/section>\n\t\t\t\n<\/div>\n<\/div><\/div><\/div><div id=\"pgc-84391-0-1\"  class=\"panel-grid-cell\" ><div class=\"panel-cell-style panel-cell-style-for-84391-0-1\" ><div id=\"panel-84391-0-1-0\" class=\"so-panel widget widget_sow-editor panel-first-child panel-last-child\" data-index=\"3\" ><div\n\t\t\t\n\t\t\tclass=\"so-widget-sow-editor so-widget-sow-editor-base\"\n\t\t\t\n\t\t>\n<div class=\"siteorigin-widget-tinymce textwidget\">\n\t<h2 class=\"h1\">Nos bureaux<\/h2>\n<h5>Bureau aux \u00c9tats-Unis<\/h5>\n<p><strong>Advisera Expert Solutions Ltd<\/strong><br \/>\n1178 Broadway, 3rd Floor #3829<br \/>\nNew York NY 10001<br \/>\n\u00c9tats-Unis<\/p>\n<h5>Bureau europ\u00e9en (UE)<\/h5>\n<p><strong>Advisera Expert Solutions Ltd<\/strong><br \/>\nZavizanska 12<br \/>\n10000 Zagreb<br \/>\nCroatie, Union europ\u00e9enne<\/p>\n<p class=\"small\" style=\"margin-top: 32px\">La soci\u00e9t\u00e9 est enregistr\u00e9e au Tribunal de Commerce de Zagreb, n\u00b0 080713015<\/p>\n<p class=\"small\">IBAN: HR1123600001102963989<\/p>\n<p class=\"small\">Num\u00e9ro de TVA : HR13077006668<\/p>\n<\/div>\n<\/div><\/div><\/div><\/div><\/div><\/div><\/div>","protected":false},"excerpt":{"rendered":"<p>Nous contacter Comment pouvons-nous vous aider ? Nos bureaux Bureau aux \u00c9tats-Unis Advisera Expert Solutions Ltd 1178 Broadway, 3rd Floor #3829 New York NY 10001 \u00c9tats-Unis Bureau europ\u00e9en (UE) Advisera Expert Solutions Ltd Zavizanska 12 10000 Zagreb Croatie, Union europ\u00e9enne La soci\u00e9t\u00e9 est enregistr\u00e9e au Tribunal de Commerce de Zagreb, n\u00b0 080713015 IBAN: HR1123600001102963989 Num\u00e9ro [&hellip;]<\/p>\n","protected":false},"author":138,"featured_media":0,"parent":0,"menu_order":251,"comment_status":"closed","ping_status":"closed","template":"","meta":{"_acf_changed":false,"inline_featured_image":false,"footnotes":""},"class_list":["post-84391","page","type-page","status-publish","hentry"],"acf":[],"_links":{"self":[{"href":"https:\/\/staging.advisera.com\/fr\/wp-json\/wp\/v2\/pages\/84391","targetHints":{"allow":["GET"]}}],"collection":[{"href":"https:\/\/staging.advisera.com\/fr\/wp-json\/wp\/v2\/pages"}],"about":[{"href":"https:\/\/staging.advisera.com\/fr\/wp-json\/wp\/v2\/types\/page"}],"author":[{"embeddable":true,"href":"https:\/\/staging.advisera.com\/fr\/wp-json\/wp\/v2\/users\/138"}],"replies":[{"embeddable":true,"href":"https:\/\/staging.advisera.com\/fr\/wp-json\/wp\/v2\/comments?post=84391"}],"version-history":[{"count":0,"href":"https:\/\/staging.advisera.com\/fr\/wp-json\/wp\/v2\/pages\/84391\/revisions"}],"wp:attachment":[{"href":"https:\/\/staging.advisera.com\/fr\/wp-json\/wp\/v2\/media?parent=84391"}],"curies":[{"name":"wp","href":"https:\/\/api.w.org\/{rel}","templated":true}]}}