{"id":110768,"date":"2023-09-06T18:42:47","date_gmt":"2023-09-06T18:42:47","guid":{"rendered":"https:\/\/staging.advisera.com\/iso-9001-free-preview\/"},"modified":"2023-10-17T19:22:00","modified_gmt":"2023-10-17T19:22:00","slug":"iso-9001-apercu-gratuit","status":"publish","type":"page","link":"https:\/\/staging.advisera.com\/fr\/iso-9001-apercu-gratuit\/","title":{"rendered":"Aper\u00e7u gratuit des Bo\u00eetes \u00e0 outils de documentation ISO 9001"},"content":{"rendered":"<div id=\"pl-110768\"  class=\"panel-layout\" ><div id=\"pg-110768-0\"  class=\"panel-grid panel-has-style\" ><div class=\"training-main-section top-padding-s bottom-padding-s panel-row-style panel-row-style-for-110768-0\" id=\"download-form\" ><div id=\"pgc-110768-0-0\"  class=\"panel-grid-cell\" ><div id=\"panel-110768-0-0-0\" class=\"so-panel widget widget_adv_content_editor panel-first-child\" data-index=\"0\" ><div\n\t\t\t\n\t\t\tclass=\"so-widget-adv_content_editor so-widget-adv_content_editor-base\"\n\t\t\t\n\t\t>\n<section class=\"adv-content-editor \">\n   \n         <h1 class=\"h1-m main-title h2\">T\u00e9l\u00e9chargez un aper\u00e7u gratuit des Bo\u00eetes \u00e0 outils de documentation ISO 9001<\/h1>\n   \n   \n\n   \n         <div class=\"adv-content\">\n         <p>Avez-vous besoin d\u2019un exemple de ce \u00e0 quoi devrait ressembler les documentations <strong>ISO\u00a09001\u00a0<\/strong>?<\/p>\n<p>Jetez un \u0153il \u00e0 tous les mod\u00e8les de documentation, tels que<strong> la<\/strong> <strong>Politique de qualit\u00e9, le Plan de qualit\u00e9, le Manuel de qualit\u00e9 ou la Proc\u00e9dure pour les revues de direction <\/strong>en t\u00e9l\u00e9chargeant cette d\u00e9mo gratuite\u00a0<strong>ISO\u00a09001<\/strong>.<\/p>\n<p>Nos experts ont adapt\u00e9 ces documents aux petites et moyennes entreprises afin de vous permettre d\u2019\u00e9viter les dossiers trop longs et trop complexes qui pourraient simplement vous d\u00e9passer.<\/p>\n      <\/div>\n   <\/section><\/div><\/div><div id=\"panel-110768-0-0-1\" class=\"so-panel widget widget_adv_image panel-last-child\" data-index=\"1\" ><div class=\"panel-widget-style panel-widget-style-for-110768-0-0-1\" ><div\n\t\t\t\n\t\t\tclass=\"so-widget-adv_image so-widget-adv_image-base\"\n\t\t\t\n\t\t><div class=\"adv-image \">\n\n\t\t\n\t\t\t\t<img decoding=\"async\" src=\"https:\/\/staging.advisera.com\/wp-content\/uploads\/2023\/10\/iso-9001-free-preview-display-img-fra.png\" alt=\"-\" sizes=\"(max-width: 1584px) 100vw, 1584px\" srcset=\"https:\/\/staging.advisera.com\/wp-content\/uploads\/2023\/10\/iso-9001-free-preview-display-img-fra.png 1584w, https:\/\/staging.advisera.com\/wp-content\/uploads\/2023\/10\/iso-9001-free-preview-display-img-fra-300x130.png 300w, https:\/\/staging.advisera.com\/wp-content\/uploads\/2023\/10\/iso-9001-free-preview-display-img-fra-768x333.png 768w, https:\/\/staging.advisera.com\/wp-content\/uploads\/2023\/10\/iso-9001-free-preview-display-img-fra-1024x443.png 1024w, https:\/\/staging.advisera.com\/wp-content\/uploads\/2023\/10\/iso-9001-free-preview-display-img-fra-1536x665.png 1536w\" =lazy title=\"\">\n\n\t\n\t\n\t<\/div>\n<\/div><\/div><\/div><\/div><div id=\"pgc-110768-0-1\"  class=\"panel-grid-cell\" ><div id=\"panel-110768-0-1-0\" class=\"so-panel widget widget_adv_enroll_live_training panel-first-child panel-last-child\" data-index=\"2\" ><div\n\t\t\t\n\t\t\tclass=\"so-widget-adv_enroll_live_training so-widget-adv_enroll_live_training-base\"\n\t\t\t\n\t\t><section class=\"enroll-ratings asic-logo-flex-wrap\">\n<\/section>\n\n<section class=\"enroll-live-training animated-ornaments ornaments-below-img\" \n\t>\n\t\t\t\t\t<div class=\"form-wrapper hubspot-forms adv-style\">\n\t\t\t<h2 class=\"h4 h2-m widget-title\">Telecharger l\u2019aper\u00e7u gratuit<\/h2>\t\t\n\t\t\t\t<script charset=\"utf-8\" type=\"text\/javascript\" src=\"\/\/js.hsforms.net\/forms\/v2.js\"><\/script>\n\t\t\t\t<script>\n\t\t\t\t  hbspt.forms.create({\n\t\t\t\t    region: \"na1\",\n\t\t\t\t    portalId: \"1983423\",\n\t\t\t\t    formId: \"fbdc5583-cddb-4307-99a4-be490e7ebcb7\"\n\t\t\t\t  });\n\t\t\t\t<\/script>\n\t\t\t\t\t<\/div>\n\t\t\t\n\n\t\t\t<!-- <div class=\"wrapper relative\"> -->\n\t\t\t\t\t\t<span class=\"ornament o-1 o-green\"><\/span>\n\t\t\t<span class=\"ornament o-2 o-grey\"><\/span>\n\t\t\t<span class=\"ornament o-3 o-blue\"><\/span>\n\t\t<!-- <\/div>  -->\n\t\t\n<\/section><\/div><\/div><\/div><\/div><\/div><div id=\"pg-110768-1\"  class=\"panel-grid panel-has-style\" ><div class=\"siteorigin-panels-stretch panel-row-style panel-row-style-for-110768-1\" data-stretch-type=\"full\" ><div id=\"pgc-110768-1-0\"  class=\"panel-grid-cell panel-grid-cell-mobile-last\" ><div id=\"panel-110768-1-0-0\" class=\"so-panel widget widget_adv_instructors panel-first-child panel-last-child\" data-index=\"3\" ><div\n\t\t\t\n\t\t\tclass=\"so-widget-adv_instructors so-widget-adv_instructors-base\"\n\t\t\t\n\t\t><section class=\"instructors-widget style-rounded text-light heading-style-h2\">\n          \n    <div class=\"cards-wrapper has-1-columns\">\n        \n                        <div class=\"instructor\">  \n                <div class=\"card-left figure\">\n                    <img decoding=\"async\" width=\"184\" height=\"184\" src=\"https:\/\/staging.advisera.com\/wp-content\/uploads\/2022\/08\/Carlos-Cruz-184x184.jpeg\" class=\"attachment-thumbnail size-thumbnail\" alt=\"-\" srcset=\"https:\/\/staging.advisera.com\/wp-content\/uploads\/2022\/08\/Carlos-Cruz-184x184.jpeg 184w, https:\/\/staging.advisera.com\/wp-content\/uploads\/2022\/08\/Carlos-Cruz.jpeg 200w\" sizes=\"(max-width: 184px) 100vw, 184px\" title=\"\">                <\/div>\n                <div class=\"card-right\">\n                                            <h3 class=\"instructor-title has-subtitle \">\n                            Quelle boite a outils choisir?                      \n                        <\/h3>\n                                                                <div class=\"subtitle\">\n                            Une fois que vous aurez t\u00e9l\u00e9charg\u00e9 notre version de d\u00e9monstration, nos experts vous contacteront pour vous offrir un entretien gratuit afin de vous aider \u00e0 choisir la boite \u00e0 outils qui correspond \u00e0 vos besoins.                       <\/div>\n                      \n                                            <div class=\"bio\">\n                            <p><strong>Carlos Pereira da Cruz<\/strong> - Expert ISO 9001<\/p>\n                       <\/div>\n                                         \n                <\/div>\n            <\/div>\n            <\/div>\n<\/section><\/div><\/div><\/div><div id=\"pgc-110768-1-1\"  class=\"panel-grid-cell panel-grid-cell-empty\" ><\/div><\/div><\/div><div id=\"pg-110768-2\"  class=\"panel-grid panel-has-style\" ><div class=\"siteorigin-panels-stretch top-padding-normal bottom-padding-xs no-top-padding-m no-bottom-padding-m panel-row-style panel-row-style-for-110768-2\" data-stretch-type=\"full\" ><div id=\"pgc-110768-2-0\"  class=\"panel-grid-cell\" ><div id=\"panel-110768-2-0-0\" class=\"so-panel widget widget_advisera_reviews_api_carousel_all_reviews panel-first-child panel-last-child\" data-index=\"4\" ><div\n\t\t\t\n\t\t\tclass=\"so-widget-advisera_reviews_api_carousel_all_reviews so-widget-advisera_reviews_api_carousel_all_reviews-base\"\n\t\t\t\n\t\t><section class=\"reviews-io style-heading-above-grid\">\n\t\t\t<h2 class=\"mobile-hidden tablet-hidden headline h1-m\">Des milliers de clients satisfaits<\/h2>\n\t\t<div class=\"reviews_io all-reviews-carousel\" data-items=\"2\">\n\n\t\t<div class=\"carousel-wrap\">\n\t\t\t\t\t\t<h2 class=\"desktop-hidden headline h1-m\">Des milliers de clients satisfaits<\/h2>\t\t\t\t\n\t\t\t\n\t\t\t\t\t<\/div>\n\t<\/div>\n<\/section><\/div><\/div><\/div><\/div><\/div><div id=\"pg-110768-3\"  class=\"panel-grid panel-has-style\" ><div class=\"top-padding-xs bottom-padding-xs panel-row-style panel-row-style-for-110768-3\" ><div id=\"pgc-110768-3-0\"  class=\"panel-grid-cell\" ><div id=\"panel-110768-3-0-0\" class=\"so-panel widget widget_adv_content_editor panel-first-child\" data-index=\"5\" ><div\n\t\t\t\n\t\t\tclass=\"so-widget-adv_content_editor so-widget-adv_content_editor-base\"\n\t\t\t\n\t\t>\n<section class=\"adv-content-editor \">\n   \n   \n   \n\n   \n         <div class=\"adv-content\">\n         <h4>Aper\u00e7u gratuit des mod\u00e8les de documentation iso 9001<\/h4>\n<p>Nous comprenons que vous avez quelques questions sur les bo\u00eete \u00e0 outils ISO 9001, et vous \u00eates probablement pr\u00e9occup\u00e9s par la qualit\u00e9 de la documentation. Nous croyons en notre produit, nous aimerions vous offrir un aper\u00e7u gratuit montrant les premi\u00e8res pages de chaque document de la bo\u00eete \u00e0 outils \u2013 avant de prendre votre d\u00e9cision d\u2019achat.<\/p>\n<h4>Qu\u2019allez vous trouver dedans?<\/h4>\n<p><strong>Les avantages de la version de d\u00e9monstration gratuite de nos boites \u00e0 outils iso 9001:<\/strong><\/p>\n<p>En t\u00e9l\u00e9chargeant votre aper\u00e7u gratuit de la bo\u00eete \u00e0 outils ISO 9001, vous ferez l\u2019exp\u00e9rience de la grande qualit\u00e9 et des vastes connaissances pr\u00e9sentes dans nos bo\u00eete \u00e0 outils. Elles sont con\u00e7ues pour rendre votre mise en oeuvre ISO rapide et facile.<\/p>\n<ul>\n<li><strong>Mod\u00e8les simple et clairs<\/strong>\u00a0\u2013\u00a0Nos outils sont faciles \u00e0 comprendre \u2013 voyez par vous-m\u00eame!<\/li>\n<li><strong>Pas besoin d\u2019un consultant<\/strong>\u00a0\u2013 Inquiet de le faire seul? D\u00e9couvrez \u00e0 quoi ressemble vraiment cette mise en \u0153uvre \u00ab\u00a0faites-le-vous-m\u00eame\u00a0\u00bb.<\/li>\n<li><strong>Moins de soucis<\/strong>\u00a0\u2013 Notre aper\u00e7u gratuit vous donnera la confiance dont vous avez besoin pour mettre en \u0153uvre rapidement et facilement ISO 9001.<\/li>\n<li><b><strong>Gagnez du temps et de l\u2019argent<\/strong><\/b>\u00a0\u2013 Votre aper\u00e7u gratuit des mod\u00e8les ISO 9001 illustrent les \u00e9conomies que vous r\u00e9aliserez \u2013 \u00e0 la fois du temps et de l\u2019argent!<\/li>\n<\/ul>\n<h4>Inquiet de ne pas avoir le temps et les ressources pour le faire?<\/h4>\n<p>De nombreuses entreprises d\u00e9pensent trop d\u2019argent pour des consultants \u00e0 cause de cette pr\u00e9occupation. La r\u00e9alit\u00e9 est que l\u2019auto-mise en \u0153uvre de la norme ISO 9001 ne doit pas prendre beaucoup de votre temps et de vos ressources qui sont pr\u00e9cieux. Notre aper\u00e7u gratuit va vous montrer pourquoi.<\/p>\n<p>Et, comme bonus suppl\u00e9mentaire, vous recevez une liste gratuite de conseils pour la gestion de votre documentation ISO 9001.<\/p>\n<p>Nous croyons en la qualit\u00e9 de nos bo\u00eete \u00e0 outils, ce qui explique pourquoi nous sommes pr\u00eats \u00e0 offrir ce genre d\u2019acc\u00e8s \u00e0 notre produit. T\u00e9l\u00e9chargez votre aper\u00e7u gratuitement d\u00e8s maintenant pour d\u00e9couvrir les premiers pas vers la conformit\u00e9 avec la norme ISO 9001.<\/p>\n      <\/div>\n   <\/section><\/div><\/div><div id=\"panel-110768-3-0-1\" class=\"so-panel widget widget_adv_buttons panel-last-child\" data-index=\"6\" ><div\n\t\t\t\n\t\t\tclass=\"so-widget-adv_buttons so-widget-adv_buttons-base\"\n\t\t\t\n\t\t>\t<a class=\"btn push-campaign-utms btn-empty\" href=\"#download-form\" aria-label=\"Telecharger l\u2019aper\u00e7u gratuit\">\r\n\t\tTelecharger l\u2019aper\u00e7u gratuit<i class=\"icon icon-arrow\"><\/i>\t<\/a>\r\n\r\n<\/div><\/div><\/div><\/div><\/div><div id=\"pg-110768-4\"  class=\"panel-grid panel-no-style\" ><div id=\"pgc-110768-4-0\"  class=\"panel-grid-cell\" ><div id=\"panel-110768-4-0-0\" class=\"so-panel widget widget_adv_display_site_element panel-first-child panel-last-child\" data-index=\"7\" ><div\n\t\t\t\n\t\t\tclass=\"so-widget-adv_display_site_element so-widget-adv_display_site_element-base\"\n\t\t\t\n\t\t><div class=\"site_element-wrap\"><div id=\"pl-84316\"  class=\"panel-layout\" ><div id=\"pg-84316-0\"  class=\"panel-grid panel-has-style\" ><div class=\"text-light siteorigin-panels-stretch top-padding-s bottom-padding-s cta-section panel-row-style panel-row-style-for-84316-0\" data-stretch-type=\"full\" ><div id=\"pgc-84316-0-0\"  class=\"panel-grid-cell\" ><div id=\"panel-84316-0-0-0\" class=\"so-panel widget widget_sow-editor panel-first-child panel-last-child\" data-index=\"0\" ><div\n\t\t\t\n\t\t\tclass=\"so-widget-sow-editor so-widget-sow-editor-base\"\n\t\t\t\n\t\t>\n<div class=\"siteorigin-widget-tinymce textwidget\">\n\t<h2 class=\"h1-m\">Nous contacter<\/h2>\n<p>Besoin d\u2019aide ? Contactez-nous d\u00e8s maintenant, nous r\u00e9pondons rapidement.<\/p>\n<\/div>\n<\/div><\/div><\/div><div id=\"pgc-84316-0-1\"  class=\"panel-grid-cell\" ><div id=\"panel-84316-0-1-0\" class=\"so-panel widget widget_adv_buttons panel-first-child panel-last-child\" data-index=\"1\" ><div\n\t\t\t\n\t\t\tclass=\"so-widget-adv_buttons so-widget-adv_buttons-base\"\n\t\t\t\n\t\t>\t<a class=\"btn push-campaign-utms btn-cta\" href=\"https:\/\/staging.advisera.com\/fr\/contact\/\" aria-label=\"Nous contacter\">\r\n\t\tNous contacter\t<\/a>\r\n\r\n<\/div><\/div><\/div><\/div><\/div><\/div><\/div><\/div><\/div><\/div><\/div><\/div>","protected":false},"excerpt":{"rendered":"<p>T\u00e9l\u00e9chargez un aper\u00e7u gratuit des Bo\u00eetes \u00e0 outils de documentation ISO 9001 Avez-vous besoin d\u2019un exemple de ce \u00e0 quoi devrait ressembler les documentations ISO\u00a09001\u00a0? Jetez un \u0153il \u00e0 tous les mod\u00e8les de documentation, tels que la Politique de qualit\u00e9, le Plan de qualit\u00e9, le Manuel de qualit\u00e9 ou la Proc\u00e9dure pour les revues de [&hellip;]<\/p>\n","protected":false},"author":138,"featured_media":111971,"parent":0,"menu_order":40,"comment_status":"closed","ping_status":"closed","template":"","meta":{"_acf_changed":false,"inline_featured_image":false,"footnotes":""},"class_list":["post-110768","page","type-page","status-publish","has-post-thumbnail","hentry","adv_standard-iso-9001-fr"],"acf":[],"_links":{"self":[{"href":"https:\/\/staging.advisera.com\/fr\/wp-json\/wp\/v2\/pages\/110768","targetHints":{"allow":["GET"]}}],"collection":[{"href":"https:\/\/staging.advisera.com\/fr\/wp-json\/wp\/v2\/pages"}],"about":[{"href":"https:\/\/staging.advisera.com\/fr\/wp-json\/wp\/v2\/types\/page"}],"author":[{"embeddable":true,"href":"https:\/\/staging.advisera.com\/fr\/wp-json\/wp\/v2\/users\/138"}],"replies":[{"embeddable":true,"href":"https:\/\/staging.advisera.com\/fr\/wp-json\/wp\/v2\/comments?post=110768"}],"version-history":[{"count":0,"href":"https:\/\/staging.advisera.com\/fr\/wp-json\/wp\/v2\/pages\/110768\/revisions"}],"wp:featuredmedia":[{"embeddable":true,"href":"https:\/\/staging.advisera.com\/fr\/wp-json\/wp\/v2\/media\/111971"}],"wp:attachment":[{"href":"https:\/\/staging.advisera.com\/fr\/wp-json\/wp\/v2\/media?parent=110768"}],"curies":[{"name":"wp","href":"https:\/\/api.w.org\/{rel}","templated":true}]}}