{"id":110731,"date":"2023-09-06T18:50:11","date_gmt":"2023-09-06T18:50:11","guid":{"rendered":"https:\/\/staging.advisera.com\/iso-27001-free-preview\/"},"modified":"2023-10-17T19:19:46","modified_gmt":"2023-10-17T19:19:46","slug":"iso-27001-apercu-gratuit","status":"publish","type":"page","link":"https:\/\/staging.advisera.com\/fr\/iso-27001-apercu-gratuit\/","title":{"rendered":"Aper\u00e7u gratuit des Bo\u00eetes \u00e0 outils de documentation ISO 27001 et ISO 22301"},"content":{"rendered":"<div id=\"pl-110731\"  class=\"panel-layout\" ><div id=\"pg-110731-0\"  class=\"panel-grid panel-has-style\" ><div class=\"training-main-section top-padding-s bottom-padding-s panel-row-style panel-row-style-for-110731-0\" id=\"download-form\" ><div id=\"pgc-110731-0-0\"  class=\"panel-grid-cell\" ><div id=\"panel-110731-0-0-0\" class=\"so-panel widget widget_adv_content_editor panel-first-child\" data-index=\"0\" ><div\n\t\t\t\n\t\t\tclass=\"so-widget-adv_content_editor so-widget-adv_content_editor-base\"\n\t\t\t\n\t\t>\n<section class=\"adv-content-editor \">\n   \n         <h1 class=\"h1-m main-title h2\">T\u00e9l\u00e9chargez un aper\u00e7u gratuit des Bo\u00eetes \u00e0 outils de documentation ISO 27001 et ISO 22301<\/h1>\n   \n   \n\n   \n         <div class=\"adv-content\">\n         <p>Avez-vous besoin d\u2019un exemple de ce \u00e0 quoi devrait ressembler les documentations <strong>ISO\u00a027001 et\u00a0ISO\u00a022301<\/strong>\u00a0?<\/p>\n<p>Jetez un \u0153il \u00e0 tous les mod\u00e8les de documentation, tels que<strong> la<\/strong> <strong>Politique de s\u00e9curit\u00e9 des technologies de l\u2019information, la Liste de contr\u00f4le d\u2019audit interne, la M\u00e9thodologie d\u2019\u00e9valuation <\/strong>et<strong> de traitement des risques <\/strong>en t\u00e9l\u00e9chargeant cette d\u00e9mo gratuite\u00a0<strong>ISO\u00a027001<\/strong>.<\/p>\n<p>Nos experts ont adapt\u00e9 ces documents aux petites et moyennes entreprises afin de vous permettre d\u2019\u00e9viter les dossiers trop longs et trop complexes qui pourraient simplement vous d\u00e9passer.<\/p>\n      <\/div>\n   <\/section><\/div><\/div><div id=\"panel-110731-0-0-1\" class=\"so-panel widget widget_adv_image panel-last-child\" data-index=\"1\" ><div class=\"panel-widget-style panel-widget-style-for-110731-0-0-1\" ><div\n\t\t\t\n\t\t\tclass=\"so-widget-adv_image so-widget-adv_image-base\"\n\t\t\t\n\t\t><div class=\"adv-image \">\n\n\t\t\n\t\t\t\t<img decoding=\"async\" src=\"https:\/\/staging.advisera.com\/wp-content\/uploads\/2023\/10\/iso-27001-free-preview-display-img-fra.png\" alt=\"-\" sizes=\"(max-width: 1584px) 100vw, 1584px\" srcset=\"https:\/\/staging.advisera.com\/wp-content\/uploads\/2023\/10\/iso-27001-free-preview-display-img-fra.png 1584w, https:\/\/staging.advisera.com\/wp-content\/uploads\/2023\/10\/iso-27001-free-preview-display-img-fra-300x130.png 300w, https:\/\/staging.advisera.com\/wp-content\/uploads\/2023\/10\/iso-27001-free-preview-display-img-fra-768x333.png 768w, https:\/\/staging.advisera.com\/wp-content\/uploads\/2023\/10\/iso-27001-free-preview-display-img-fra-1024x443.png 1024w, https:\/\/staging.advisera.com\/wp-content\/uploads\/2023\/10\/iso-27001-free-preview-display-img-fra-1536x665.png 1536w\" =lazy title=\"\">\n\n\t\n\t\n\t<\/div>\n<\/div><\/div><\/div><\/div><div id=\"pgc-110731-0-1\"  class=\"panel-grid-cell\" ><div id=\"panel-110731-0-1-0\" class=\"so-panel widget widget_adv_enroll_live_training panel-first-child panel-last-child\" data-index=\"2\" ><div\n\t\t\t\n\t\t\tclass=\"so-widget-adv_enroll_live_training so-widget-adv_enroll_live_training-base\"\n\t\t\t\n\t\t><section class=\"enroll-ratings asic-logo-flex-wrap\">\n<\/section>\n\n<section class=\"enroll-live-training animated-ornaments ornaments-below-img\" \n\t>\n\t\t\t\t\t<div class=\"form-wrapper hubspot-forms adv-style\">\n\t\t\t<h2 class=\"h4 h2-m widget-title\">Telecharger l\u2019aper\u00e7u gratuit<\/h2>\t\t\n\t\t\t\t<script charset=\"utf-8\" type=\"text\/javascript\" src=\"\/\/js.hsforms.net\/forms\/v2.js\"><\/script>\n\t\t\t\t<script>\n\t\t\t\t  hbspt.forms.create({\n\t\t\t\t    region: \"na1\",\n\t\t\t\t    portalId: \"1983423\",\n\t\t\t\t    formId: \"a6645034-415d-4bba-a85f-b3c7594140b0\"\n\t\t\t\t  });\n\t\t\t\t<\/script>\n\t\t\t\t\t<\/div>\n\t\t\t\n\n\t\t\t<!-- <div class=\"wrapper relative\"> -->\n\t\t\t\t\t\t<span class=\"ornament o-1 o-green\"><\/span>\n\t\t\t<span class=\"ornament o-2 o-blue\"><\/span>\n\t\t\t<span class=\"ornament o-3 o-grey\"><\/span>\n\t\t<!-- <\/div>  -->\n\t\t\n<\/section><\/div><\/div><\/div><\/div><\/div><div id=\"pg-110731-1\"  class=\"panel-grid panel-has-style\" ><div class=\"siteorigin-panels-stretch panel-row-style panel-row-style-for-110731-1\" data-stretch-type=\"full\" ><div id=\"pgc-110731-1-0\"  class=\"panel-grid-cell panel-grid-cell-mobile-last\" ><div id=\"panel-110731-1-0-0\" class=\"so-panel widget widget_adv_instructors panel-first-child panel-last-child\" data-index=\"3\" ><div\n\t\t\t\n\t\t\tclass=\"so-widget-adv_instructors so-widget-adv_instructors-base\"\n\t\t\t\n\t\t><section class=\"instructors-widget style-rounded text-light heading-style-h2\">\n          \n    <div class=\"cards-wrapper has-1-columns\">\n        \n                        <div class=\"instructor\">  \n                <div class=\"card-left figure\">\n                    <img decoding=\"async\" width=\"184\" height=\"184\" src=\"https:\/\/staging.advisera.com\/wp-content\/uploads\/2022\/08\/Dejan-Kosutic-184x184.png\" class=\"attachment-thumbnail size-thumbnail\" alt=\"-\" srcset=\"https:\/\/staging.advisera.com\/wp-content\/uploads\/2022\/08\/Dejan-Kosutic-184x184.png 184w, https:\/\/staging.advisera.com\/wp-content\/uploads\/2022\/08\/Dejan-Kosutic-300x300.png 300w, https:\/\/staging.advisera.com\/wp-content\/uploads\/2022\/08\/Dejan-Kosutic.png 500w\" sizes=\"(max-width: 184px) 100vw, 184px\" title=\"\">                <\/div>\n                <div class=\"card-right\">\n                                            <h3 class=\"instructor-title has-subtitle \">\n                            Quelle boite a outils choisir?                      \n                        <\/h3>\n                                                                <div class=\"subtitle\">\n                            Une fois que vous aurez t\u00e9l\u00e9charg\u00e9 notre version de d\u00e9monstration, nos experts vous contacteront pour vous offrir un entretien gratuit afin de vous aider \u00e0 choisir la boite \u00e0 outils qui correspond \u00e0 vos besoins.                       <\/div>\n                      \n                                            <div class=\"bio\">\n                            <strong>Dejan Kosutic<\/strong> - Expert principal ISO 27001\/ISO 22301                       <\/div>\n                                         \n                <\/div>\n            <\/div>\n            <\/div>\n<\/section><\/div><\/div><\/div><div id=\"pgc-110731-1-1\"  class=\"panel-grid-cell panel-grid-cell-empty\" ><\/div><\/div><\/div><div id=\"pg-110731-2\"  class=\"panel-grid panel-has-style\" ><div class=\"siteorigin-panels-stretch top-padding-normal bottom-padding-xs no-top-padding-m no-bottom-padding-m panel-row-style panel-row-style-for-110731-2\" data-stretch-type=\"full\" ><div id=\"pgc-110731-2-0\"  class=\"panel-grid-cell\" ><div id=\"panel-110731-2-0-0\" class=\"so-panel widget widget_advisera_reviews_api_carousel_all_reviews panel-first-child panel-last-child\" data-index=\"4\" ><div\n\t\t\t\n\t\t\tclass=\"so-widget-advisera_reviews_api_carousel_all_reviews so-widget-advisera_reviews_api_carousel_all_reviews-base\"\n\t\t\t\n\t\t><section class=\"reviews-io style-heading-above-grid\">\n\t\t\t<h2 class=\"mobile-hidden tablet-hidden headline h1-m\">Des milliers de clients satisfaits<\/h2>\n\t\t<div class=\"reviews_io all-reviews-carousel\" data-items=\"2\">\n\n\t\t<div class=\"carousel-wrap\">\n\t\t\t\t\t\t<h2 class=\"desktop-hidden headline h1-m\">Des milliers de clients satisfaits<\/h2>\t\t\t\t\n\t\t\t\n\t\t\t\t\t<\/div>\n\t<\/div>\n<\/section><\/div><\/div><\/div><\/div><\/div><div id=\"pg-110731-3\"  class=\"panel-grid panel-has-style\" ><div class=\"top-padding-xs bottom-padding-xs panel-row-style panel-row-style-for-110731-3\" ><div id=\"pgc-110731-3-0\"  class=\"panel-grid-cell\" ><div id=\"panel-110731-3-0-0\" class=\"so-panel widget widget_adv_content_editor panel-first-child\" data-index=\"5\" ><div\n\t\t\t\n\t\t\tclass=\"so-widget-adv_content_editor so-widget-adv_content_editor-base\"\n\t\t\t\n\t\t>\n<section class=\"adv-content-editor \">\n   \n   \n   \n\n   \n         <div class=\"adv-content\">\n         <h4>Previsualisez nos modeles de documentation pour les normes iso 27001 et iso 22301 \u2013 gratuitement!<\/h4>\n<p>Vous avez certainement des questions \u00e0 propos de nos coffrets ISO 27001 et ISO 22301. Peut-\u00eatre m\u00eame n\u2019\u00eates-vous pas surs de la qualit\u00e9 de nos produits? Parce que nous, nous sommes s\u00fbrs de ce que nous vous proposons, nous vous proposons d\u2019essayer gratuitement une version de d\u00e9monstration de nos produits qui contient de nombreuses pages de chaque mod\u00e8le inclut dans le coffret. Essayez-les avant d\u2019acheter!<\/p>\n<h4>Qu\u2019allez vous trouver dedans?<\/h4>\n<p><strong>Les avantages de la version de d\u00e9monstration gratuite de nos Boites \u00e0 Outils ISO 27001 et ISO 22301:<\/strong><\/p>\n<p>Lorsque vous t\u00e9l\u00e9chargez nos d\u00e9mos gratuites pour la norme ISO 27001 et ISO 22301, vous verrez par vous-m\u00eame la valeur et l\u2019expertise qui ont \u00e9t\u00e9 mises dans ces coffrets. Notre objectif: faire de la mise en place d\u2019une norme ISO un processus facile et rapide.<\/p>\n<ul>\n<li><strong>Mod\u00e8les faciles \u00e0 utiliser<\/strong>\u00a0\u2013 Vous allez adorer la clart\u00e9 et la facilit\u00e9 d\u2019utilisation de nos mod\u00e8les.<\/li>\n<li><strong>Vous n\u2019avez pas besoin d\u2019un consultant<\/strong>\u00a0\u2013 Vous avez peur de ne pas y arriver? Commencez par regarder ce que le faire par vous-m\u00eame implique.<\/li>\n<li><strong>Moins de stress<\/strong>\u00a0\u2013 Une fois que vous aurez vu combien nos mod\u00e8les sont faciles \u00e0 comprendre, vous pourrez \u00eatre rassur\u00e9s sur le fait que vous pouvez tout \u00e0 fait arriver \u00e0 mettre en place les normes ISO 27001 et ISO 22301.<\/li>\n<li><strong>Moins \u00e7a vous prend de temps et plus vous \u00e9conomisez d\u2019argent<\/strong>\u00a0\u2013 Une fois que vous aurez pr\u00e9visualis\u00e9 les mod\u00e8les disponibles pour les normes ISO 27001 et ISO 22301, vous verrez combien de temps et d\u2019argent vous allez gagner.<\/li>\n<\/ul>\n<h4>Vous pensez que vous n\u2019aurez ni le temps ni les competences?<\/h4>\n<p>De nombreuses entreprises d\u00e9pensent une petite fortune en consultants divers parce qu\u2019ils ont peur de ne pas y parvenir par eux-m\u00eames. Pourtant, effectuer la mise en place par soi-m\u00eame n\u2019est pas si compliqu\u00e9. Vous pouvez regarder nos d\u00e9mos gratuites pour les normes ISO 27001 et ISO 22301 pour vous en convaincre.<\/p>\n<p>En plus de cela, nous aimerions vous offrir un bonus GRATUIT: obtenir une liste de conseils utiles pour l\u2019utilisation de la documentation ISO 27001 et ISO 22301.<\/p>\n<p>Nous avons toute confiance en la qualit\u00e9 de nos produits et services. C\u2019est pourquoi nous sommes tr\u00e8s heureux de vous donner acc\u00e8s \u00e0 tous nos outils. Essayez-les: t\u00e9l\u00e9chargez nos d\u00e9mos gratuites pour les normes ISO 27001 et ISO 22301 pour d\u00e9couvrir par o\u00f9 commencer pour vous mettre en conformit\u00e9 avec ces standards.<\/p>\n      <\/div>\n   <\/section><\/div><\/div><div id=\"panel-110731-3-0-1\" class=\"so-panel widget widget_adv_buttons panel-last-child\" data-index=\"6\" ><div\n\t\t\t\n\t\t\tclass=\"so-widget-adv_buttons so-widget-adv_buttons-base\"\n\t\t\t\n\t\t>\t<a class=\"btn push-campaign-utms btn-empty\" href=\"#download-form\" aria-label=\"Telecharger l\u2019aper\u00e7u gratuit\">\r\n\t\tTelecharger l\u2019aper\u00e7u gratuit<i class=\"icon icon-arrow\"><\/i>\t<\/a>\r\n\r\n<\/div><\/div><\/div><\/div><\/div><div id=\"pg-110731-4\"  class=\"panel-grid panel-no-style\" ><div id=\"pgc-110731-4-0\"  class=\"panel-grid-cell\" ><div id=\"panel-110731-4-0-0\" class=\"so-panel widget widget_adv_display_site_element panel-first-child panel-last-child\" data-index=\"7\" ><div\n\t\t\t\n\t\t\tclass=\"so-widget-adv_display_site_element so-widget-adv_display_site_element-base\"\n\t\t\t\n\t\t><div class=\"site_element-wrap\"><div id=\"pl-84316\"  class=\"panel-layout\" ><div id=\"pg-84316-0\"  class=\"panel-grid panel-has-style\" ><div class=\"text-light siteorigin-panels-stretch top-padding-s bottom-padding-s cta-section panel-row-style panel-row-style-for-84316-0\" data-stretch-type=\"full\" ><div id=\"pgc-84316-0-0\"  class=\"panel-grid-cell\" ><div id=\"panel-84316-0-0-0\" class=\"so-panel widget widget_sow-editor panel-first-child panel-last-child\" data-index=\"0\" ><div\n\t\t\t\n\t\t\tclass=\"so-widget-sow-editor so-widget-sow-editor-base\"\n\t\t\t\n\t\t>\n<div class=\"siteorigin-widget-tinymce textwidget\">\n\t<h2 class=\"h1-m\">Nous contacter<\/h2>\n<p>Besoin d\u2019aide ? Contactez-nous d\u00e8s maintenant, nous r\u00e9pondons rapidement.<\/p>\n<\/div>\n<\/div><\/div><\/div><div id=\"pgc-84316-0-1\"  class=\"panel-grid-cell\" ><div id=\"panel-84316-0-1-0\" class=\"so-panel widget widget_adv_buttons panel-first-child panel-last-child\" data-index=\"1\" ><div\n\t\t\t\n\t\t\tclass=\"so-widget-adv_buttons so-widget-adv_buttons-base\"\n\t\t\t\n\t\t>\t<a class=\"btn push-campaign-utms btn-cta\" href=\"https:\/\/staging.advisera.com\/fr\/contact\/\" aria-label=\"Nous contacter\">\r\n\t\tNous contacter\t<\/a>\r\n\r\n<\/div><\/div><\/div><\/div><\/div><\/div><\/div><\/div><\/div><\/div><\/div><\/div>","protected":false},"excerpt":{"rendered":"<p>T\u00e9l\u00e9chargez un aper\u00e7u gratuit des Bo\u00eetes \u00e0 outils de documentation ISO 27001 et ISO 22301 Avez-vous besoin d\u2019un exemple de ce \u00e0 quoi devrait ressembler les documentations ISO\u00a027001 et\u00a0ISO\u00a022301\u00a0? Jetez un \u0153il \u00e0 tous les mod\u00e8les de documentation, tels que la Politique de s\u00e9curit\u00e9 des technologies de l\u2019information, la Liste de contr\u00f4le d\u2019audit interne, la [&hellip;]<\/p>\n","protected":false},"author":138,"featured_media":111963,"parent":0,"menu_order":37,"comment_status":"closed","ping_status":"closed","template":"","meta":{"_acf_changed":false,"inline_featured_image":false,"footnotes":""},"class_list":["post-110731","page","type-page","status-publish","has-post-thumbnail","hentry","adv_standard-iso-27001-fr"],"acf":[],"_links":{"self":[{"href":"https:\/\/staging.advisera.com\/fr\/wp-json\/wp\/v2\/pages\/110731","targetHints":{"allow":["GET"]}}],"collection":[{"href":"https:\/\/staging.advisera.com\/fr\/wp-json\/wp\/v2\/pages"}],"about":[{"href":"https:\/\/staging.advisera.com\/fr\/wp-json\/wp\/v2\/types\/page"}],"author":[{"embeddable":true,"href":"https:\/\/staging.advisera.com\/fr\/wp-json\/wp\/v2\/users\/138"}],"replies":[{"embeddable":true,"href":"https:\/\/staging.advisera.com\/fr\/wp-json\/wp\/v2\/comments?post=110731"}],"version-history":[{"count":0,"href":"https:\/\/staging.advisera.com\/fr\/wp-json\/wp\/v2\/pages\/110731\/revisions"}],"wp:featuredmedia":[{"embeddable":true,"href":"https:\/\/staging.advisera.com\/fr\/wp-json\/wp\/v2\/media\/111963"}],"wp:attachment":[{"href":"https:\/\/staging.advisera.com\/fr\/wp-json\/wp\/v2\/media?parent=110731"}],"curies":[{"name":"wp","href":"https:\/\/api.w.org\/{rel}","templated":true}]}}