{"id":80394,"date":"2022-09-01T18:23:35","date_gmt":"2022-09-01T18:23:35","guid":{"rendered":"https:\/\/staging.advisera.com\/migration\/get-started\/"},"modified":"2024-08-02T17:50:19","modified_gmt":"2024-08-02T17:50:19","slug":"empezar","status":"publish","type":"page","link":"https:\/\/staging.advisera.com\/es\/empezar\/","title":{"rendered":"Empezar"},"content":{"rendered":"<div id=\"pl-80394\"  class=\"panel-layout\" ><div id=\"pg-80394-0\"  class=\"panel-grid panel-has-style\" ><div class=\"bottom-padding-s panel-row-style panel-row-style-for-80394-0\" ><div id=\"pgc-80394-0-0\"  class=\"panel-grid-cell\" ><div id=\"panel-80394-0-0-0\" class=\"so-panel widget widget_adv_content_editor panel-first-child panel-last-child\" data-index=\"0\" ><div\n\t\t\t\n\t\t\tclass=\"so-widget-adv_content_editor so-widget-adv_content_editor-base\"\n\t\t\t\n\t\t>\n<section class=\"adv-content-editor \">\n   \n         <h1 class=\"h1-m main-title\">Empezar<\/h1>\n   \n   \n\n   \n         <div class=\"adv-content\">\n         <p>\u00bfNecesita cumplir con normas ISO y normativa de la UE pero no sabe por d\u00f3nde empezar? Complete el breve cuestionario que encontrar\u00e1 a continuaci\u00f3n y d\u00e9 el primer paso para obtener la certificaci\u00f3n.<\/p>\n      <\/div>\n   <\/section><\/div><\/div><\/div><\/div><\/div><div id=\"pg-80394-1\"  class=\"panel-grid panel-has-style\" ><div class=\"bottom-padding-normal panel-row-style panel-row-style-for-80394-1\" ><div id=\"pgc-80394-1-0\"  class=\"panel-grid-cell\" ><div id=\"panel-80394-1-0-0\" class=\"so-panel widget widget_adv_hubspot panel-first-child panel-last-child\" data-index=\"1\" ><div\n\t\t\t\n\t\t\tclass=\"so-widget-adv_hubspot so-widget-adv_hubspot-base\"\n\t\t\t\n\t\t>      <div class=\"hubspot-forms adv-style\">\n    <script charset=\"utf-8\" type=\"text\/javascript\" src=\"\/\/js.hsforms.net\/forms\/v2.js\"><\/script>\n    <script>\n      hbspt.forms.create({\n        region: \"na1\",\n        portalId: \"1983423\",\n        formId: \"f28382ae-3030-4dca-a9d2-6e17224db005\"\n      });\n    <\/script>\n  <\/div>\n \n\n\n<\/div><\/div><\/div><\/div><\/div><\/div>","protected":false},"excerpt":{"rendered":"<p>Empezar \u00bfNecesita cumplir con normas ISO y normativa de la UE pero no sabe por d\u00f3nde empezar? Complete el breve cuestionario que encontrar\u00e1 a continuaci\u00f3n y d\u00e9 el primer paso para obtener la certificaci\u00f3n.<\/p>\n","protected":false},"author":138,"featured_media":0,"parent":0,"menu_order":225,"comment_status":"closed","ping_status":"closed","template":"","meta":{"_acf_changed":false,"inline_featured_image":false,"footnotes":""},"class_list":["post-80394","page","type-page","status-publish","hentry"],"acf":[],"_links":{"self":[{"href":"https:\/\/staging.advisera.com\/es\/wp-json\/wp\/v2\/pages\/80394","targetHints":{"allow":["GET"]}}],"collection":[{"href":"https:\/\/staging.advisera.com\/es\/wp-json\/wp\/v2\/pages"}],"about":[{"href":"https:\/\/staging.advisera.com\/es\/wp-json\/wp\/v2\/types\/page"}],"author":[{"embeddable":true,"href":"https:\/\/staging.advisera.com\/es\/wp-json\/wp\/v2\/users\/138"}],"replies":[{"embeddable":true,"href":"https:\/\/staging.advisera.com\/es\/wp-json\/wp\/v2\/comments?post=80394"}],"version-history":[{"count":0,"href":"https:\/\/staging.advisera.com\/es\/wp-json\/wp\/v2\/pages\/80394\/revisions"}],"wp:attachment":[{"href":"https:\/\/staging.advisera.com\/es\/wp-json\/wp\/v2\/media?parent=80394"}],"curies":[{"name":"wp","href":"https:\/\/api.w.org\/{rel}","templated":true}]}}