{"id":110800,"date":"2023-09-06T16:40:55","date_gmt":"2023-09-06T16:40:55","guid":{"rendered":"https:\/\/staging.advisera.com\/eu-gdpr-free-preview\/"},"modified":"2023-10-17T19:12:06","modified_gmt":"2023-10-17T19:12:06","slug":"rgpd-ue-vistaprevia-gratuita","status":"publish","type":"page","link":"https:\/\/staging.advisera.com\/es\/rgpd-ue-vistaprevia-gratuita\/","title":{"rendered":"Vista previa gratuita de los Paquetes de Documentos del RGPD de la UE"},"content":{"rendered":"<div id=\"pl-110800\"  class=\"panel-layout\" ><div id=\"pg-110800-0\"  class=\"panel-grid panel-has-style\" ><div class=\"training-main-section top-padding-s bottom-padding-s panel-row-style panel-row-style-for-110800-0\" id=\"download-form\" ><div id=\"pgc-110800-0-0\"  class=\"panel-grid-cell\" ><div id=\"panel-110800-0-0-0\" class=\"so-panel widget widget_adv_content_editor panel-first-child\" data-index=\"0\" ><div\n\t\t\t\n\t\t\tclass=\"so-widget-adv_content_editor so-widget-adv_content_editor-base\"\n\t\t\t\n\t\t>\n<section class=\"adv-content-editor \">\n   \n         <h1 class=\"h1-m main-title h2\">Descargue una vista previa gratuita de los Paquetes de Documentos del RGPD de la UE<\/h1>\n   \n   \n\n   \n         <div class=\"adv-content\">\n         <p>\u00bfNecesita un ejemplo de c\u00f3mo se ver\u00eda la documentaci\u00f3n <strong>del RGPD de la UE<\/strong>?<\/p>\n<p>Eche un vistazo a todas las plantillas de documentaci\u00f3n, como la <strong>Pol\u00edtica de retenci\u00f3n de datos, la Pol\u00edtica de protecci\u00f3n de datos personales <\/strong>o<strong> la Pol\u00edtica de anonimizaci\u00f3n y seudonimizaci\u00f3n<\/strong>, descargando esta demostraci\u00f3n gratuita del <strong>RGPD de la UE.<\/strong><\/p>\n<p>Nuestros expertos han adaptado los documentos para organizaciones peque\u00f1as y medianas para ayudarle a evitar archivos demasiado complejos y largos que ser\u00edan excesivos para usted.<\/p>\n      <\/div>\n   <\/section><\/div><\/div><div id=\"panel-110800-0-0-1\" class=\"so-panel widget widget_adv_image panel-last-child\" data-index=\"1\" ><div class=\"panel-widget-style panel-widget-style-for-110800-0-0-1\" ><div\n\t\t\t\n\t\t\tclass=\"so-widget-adv_image so-widget-adv_image-base\"\n\t\t\t\n\t\t><div class=\"adv-image \">\n\n\t\t\n\t\t\t\t<img decoding=\"async\" src=\"https:\/\/staging.advisera.com\/wp-content\/uploads\/2023\/10\/eu-gdpr-free-preview-display-img-es.png\" alt=\"-\" sizes=\"(max-width: 1584px) 100vw, 1584px\" srcset=\"https:\/\/staging.advisera.com\/wp-content\/uploads\/2023\/10\/eu-gdpr-free-preview-display-img-es.png 1584w, https:\/\/staging.advisera.com\/wp-content\/uploads\/2023\/10\/eu-gdpr-free-preview-display-img-es-300x130.png 300w, https:\/\/staging.advisera.com\/wp-content\/uploads\/2023\/10\/eu-gdpr-free-preview-display-img-es-1024x443.png 1024w, https:\/\/staging.advisera.com\/wp-content\/uploads\/2023\/10\/eu-gdpr-free-preview-display-img-es-768x333.png 768w, https:\/\/staging.advisera.com\/wp-content\/uploads\/2023\/10\/eu-gdpr-free-preview-display-img-es-1536x665.png 1536w\" =lazy title=\"\">\n\n\t\n\t\n\t<\/div>\n<\/div><\/div><\/div><\/div><div id=\"pgc-110800-0-1\"  class=\"panel-grid-cell\" ><div id=\"panel-110800-0-1-0\" class=\"so-panel widget widget_adv_enroll_live_training panel-first-child panel-last-child\" data-index=\"2\" ><div\n\t\t\t\n\t\t\tclass=\"so-widget-adv_enroll_live_training so-widget-adv_enroll_live_training-base\"\n\t\t\t\n\t\t><section class=\"enroll-ratings asic-logo-flex-wrap\">\n<\/section>\n\n<section class=\"enroll-live-training animated-ornaments ornaments-below-img\" \n\t>\n\t\t\t\t\t<div class=\"form-wrapper hubspot-forms adv-style\">\n\t\t\t<h2 class=\"h4 h2-m widget-title\">Descargar muestra gratis<\/h2>\t\t\n\t\t\t\t<script charset=\"utf-8\" type=\"text\/javascript\" src=\"\/\/js.hsforms.net\/forms\/v2.js\"><\/script>\n\t\t\t\t<script>\n\t\t\t\t  hbspt.forms.create({\n\t\t\t\t    region: \"na1\",\n\t\t\t\t    portalId: \"1983423\",\n\t\t\t\t    formId: \"529dd937-f0ad-4fb6-b2f2-97e28c788a2d\"\n\t\t\t\t  });\n\t\t\t\t<\/script>\n\t\t\t\t\t<\/div>\n\t\t\t\n\n\t\t\t<!-- <div class=\"wrapper relative\"> -->\n\t\t\t\t\t\t<span class=\"ornament o-1 o-green\"><\/span>\n\t\t\t<span class=\"ornament o-2 o-grey\"><\/span>\n\t\t\t<span class=\"ornament o-3 o-blue\"><\/span>\n\t\t<!-- <\/div>  -->\n\t\t\n<\/section><\/div><\/div><\/div><\/div><\/div><div id=\"pg-110800-1\"  class=\"panel-grid panel-has-style\" ><div class=\"siteorigin-panels-stretch panel-row-style panel-row-style-for-110800-1\" data-stretch-type=\"full\" ><div id=\"pgc-110800-1-0\"  class=\"panel-grid-cell panel-grid-cell-mobile-last\" ><div id=\"panel-110800-1-0-0\" class=\"so-panel widget widget_adv_instructors panel-first-child panel-last-child\" data-index=\"3\" ><div\n\t\t\t\n\t\t\tclass=\"so-widget-adv_instructors so-widget-adv_instructors-base\"\n\t\t\t\n\t\t><section class=\"instructors-widget style-rounded text-light heading-style-h2\">\n          \n    <div class=\"cards-wrapper has-1-columns\">\n        \n                        <div class=\"instructor\">  \n                <div class=\"card-left figure\">\n                    <img decoding=\"async\" width=\"184\" height=\"184\" src=\"https:\/\/staging.advisera.com\/wp-content\/uploads\/2022\/08\/Tudor-Galos-184x184.jpeg\" class=\"attachment-thumbnail size-thumbnail\" alt=\"-\" srcset=\"https:\/\/staging.advisera.com\/wp-content\/uploads\/2022\/08\/Tudor-Galos-184x184.jpeg 184w, https:\/\/staging.advisera.com\/wp-content\/uploads\/2022\/08\/Tudor-Galos-300x300.jpeg 300w, https:\/\/staging.advisera.com\/wp-content\/uploads\/2022\/08\/Tudor-Galos.jpeg 571w\" sizes=\"(max-width: 184px) 100vw, 184px\" title=\"\">                <\/div>\n                <div class=\"card-right\">\n                                            <h3 class=\"instructor-title has-subtitle \">\n                            \u00bfQu\u00e9 paquete de documentos elegir?                      \n                        <\/h3>\n                                                                <div class=\"subtitle\">\n                            Una vez descargada la demostraci\u00f3n gratuita, nuestros expertos contactar\u00e1n con usted y le oferecer\u00e1n una consulta gratuita para ayudarle a saber qu\u00e9 paquete de documentos da respuesta a sus necesidades.                       <\/div>\n                      \n                                            <div class=\"bio\">\n                            <p><strong>Tudor Galos<\/strong> - Experto en seguridad de datos<\/p>\n                       <\/div>\n                                         \n                <\/div>\n            <\/div>\n            <\/div>\n<\/section><\/div><\/div><\/div><div id=\"pgc-110800-1-1\"  class=\"panel-grid-cell panel-grid-cell-empty\" ><\/div><\/div><\/div><div id=\"pg-110800-2\"  class=\"panel-grid panel-has-style\" ><div class=\"siteorigin-panels-stretch top-padding-normal bottom-padding-xs no-top-padding-m no-bottom-padding-m panel-row-style panel-row-style-for-110800-2\" data-stretch-type=\"full\" ><div id=\"pgc-110800-2-0\"  class=\"panel-grid-cell\" ><div id=\"panel-110800-2-0-0\" class=\"so-panel widget widget_advisera_reviews_api_carousel_all_reviews panel-first-child panel-last-child\" data-index=\"4\" ><div\n\t\t\t\n\t\t\tclass=\"so-widget-advisera_reviews_api_carousel_all_reviews so-widget-advisera_reviews_api_carousel_all_reviews-base\"\n\t\t\t\n\t\t><section class=\"reviews-io style-heading-above-grid\">\n\t\t\t<h2 class=\"mobile-hidden tablet-hidden headline h1-m\">Miles de clientes con \u00e9xito<\/h2>\n\t\t<div class=\"reviews_io all-reviews-carousel\" data-items=\"2\">\n\n\t\t<div class=\"carousel-wrap\">\n\t\t\t\t\t\t<h2 class=\"desktop-hidden headline h1-m\">Miles de clientes con \u00e9xito<\/h2>\t\t\t\t\n\t\t\t\n\t\t\t\t\t<\/div>\n\t<\/div>\n<\/section><\/div><\/div><\/div><\/div><\/div><div id=\"pg-110800-3\"  class=\"panel-grid panel-has-style\" ><div class=\"top-padding-xs bottom-padding-xs panel-row-style panel-row-style-for-110800-3\" ><div id=\"pgc-110800-3-0\"  class=\"panel-grid-cell\" ><div id=\"panel-110800-3-0-0\" class=\"so-panel widget widget_adv_content_editor panel-first-child\" data-index=\"5\" ><div\n\t\t\t\n\t\t\tclass=\"so-widget-adv_content_editor so-widget-adv_content_editor-base\"\n\t\t\t\n\t\t>\n<section class=\"adv-content-editor \">\n   \n   \n   \n\n   \n         <div class=\"adv-content\">\n         <h4>\u00a1Aproveche la muestra gratuita de nuestras plantillas de documentaci\u00f3n del RGPD UE!<\/h4>\n<p>Sabemos que probablemente tenga preguntas sobre nuestros Paquetes de Documentos del RGPD UE. Puede no estar seguro de su calidad y valor de nuestras plantillas. Lo entendemos, y creemos tanto en nuestro producto que le ofrecemos una demostraci\u00f3n gratuita de todos las plantillas de nuestros Paquetes de Documentos. Eche un vistazo antes de tomar la decisi\u00f3n de comprar.<\/p>\n<h4>\u00bfEntonces, qu\u00e9 beneficios puede esperar de la muestra gratuita de nuestro paquete de documentos del RGPD UE?<\/h4>\n<p>Una vez que haya descargado la muestra gratuita de la documentaci\u00f3n del RGPD, comprobar\u00e1 por s\u00ed mismo la excelente calidad e incre\u00edble valor del mismo. Plasmamos nuestra gran experiencia profesional en cada uno de nuestros Paquetes de Documentos. La finalidad de nuestros Paquetes de Documentos es ayudarle a implementar este reglamento RGPD de forma r\u00e1pida y f\u00e1cil.<\/p>\n<ul>\n<li><strong>Plantillas simples y claras<\/strong>\u00a0\u2013 no creer\u00e1 lo f\u00e1cil que es entender nuestras plantillas!<\/li>\n<li><strong>No es necesario un consultor caro<\/strong>\u00a0\u2013 obtenga una mejor comprensi\u00f3n de como ser\u00e1 la implementaci\u00f3n por sus propios medios sin la necesidad de un consultor.<\/li>\n<li><strong>Sin estr\u00e9s<\/strong>\u00a0\u2013 cuando descubra qu\u00e9 simple es completar nuestras plantillas, entonces podr\u00e1 quedarse tranquilo sabiendo que usted puede por s\u00ed mismo implementar el RGPD.<\/li>\n<li><strong>Ahorre tiempo, y dinero<\/strong>\u00a0\u2013 una vez haya descargado la muestra del Paquete de Documentos del RGPD, podr\u00e1 ver los grandes ahorros que tendr\u00e1 tanto en tiempo como dinero!<\/li>\n<\/ul>\n<h4>\u00bfPreocupado sobre el tiempo y el conocimiento que se necesitan?<\/h4>\n<p>Muchos negocios invierten grandes cantidades de dinero en consultores, porque est\u00e1n preocupados de que no van a disponer del tiempo o conocimiento especializado para hacerlo por s\u00ed mismos. Pero en realidad, la implementaci\u00f3n por sus propios medios no llevar\u00e1 el tiempo ni los recursos que podr\u00eda esperar. Compru\u00e9belo por usted mismo con nuestra muestra GRATUITA del RGPD UE.<\/p>\n<p>Y por si esto no fuera suficiente, tenemos una bonificaci\u00f3n GRATIS para usted: una lista de consejos valiosos para gestionar su documentaci\u00f3n del RGPD UE.<\/p>\n<p>Sabemos lo excelentes que son nuestros productos y servicios, por eso estamos encantados de mostrarle tanto de nuestros paquetes de documentos. Compru\u00e9belo por s\u00ed mismo: descargue ahora una muestra gratuita del RGPD para descubrir c\u00f3mo puede r\u00e1pida y f\u00e1cilmente implementar esta norma.<\/p>\n      <\/div>\n   <\/section><\/div><\/div><div id=\"panel-110800-3-0-1\" class=\"so-panel widget widget_adv_buttons panel-last-child\" data-index=\"6\" ><div\n\t\t\t\n\t\t\tclass=\"so-widget-adv_buttons so-widget-adv_buttons-base\"\n\t\t\t\n\t\t>\t<a class=\"btn push-campaign-utms btn-empty\" href=\"#download-form\" aria-label=\"Descargar muestra gratis\">\r\n\t\tDescargar muestra gratis<i class=\"icon icon-arrow\"><\/i>\t<\/a>\r\n\r\n<\/div><\/div><\/div><\/div><\/div><div id=\"pg-110800-4\"  class=\"panel-grid panel-no-style\" ><div id=\"pgc-110800-4-0\"  class=\"panel-grid-cell\" ><div id=\"panel-110800-4-0-0\" class=\"so-panel widget widget_adv_display_site_element panel-first-child panel-last-child\" data-index=\"7\" ><div\n\t\t\t\n\t\t\tclass=\"so-widget-adv_display_site_element so-widget-adv_display_site_element-base\"\n\t\t\t\n\t\t><div class=\"site_element-wrap\"><div id=\"pl-80462\"  class=\"panel-layout\" ><div id=\"pg-80462-0\"  class=\"panel-grid panel-has-style\" ><div class=\"text-light siteorigin-panels-stretch top-padding-s bottom-padding-s cta-section panel-row-style panel-row-style-for-80462-0\" data-stretch-type=\"full\" ><div id=\"pgc-80462-0-0\"  class=\"panel-grid-cell\" ><div id=\"panel-80462-0-0-0\" class=\"so-panel widget widget_sow-editor panel-first-child panel-last-child\" data-index=\"0\" ><div\n\t\t\t\n\t\t\tclass=\"so-widget-sow-editor so-widget-sow-editor-base\"\n\t\t\t\n\t\t>\n<div class=\"siteorigin-widget-tinymce textwidget\">\n\t<h2 class=\"h1-m\">P\u00f3ngase en contacto<\/h2>\n<p>\u00bfNecesita ayuda? Contacte con nosotros ahora. Le responderemos r\u00e1pidamente.<\/p>\n<\/div>\n<\/div><\/div><\/div><div id=\"pgc-80462-0-1\"  class=\"panel-grid-cell\" ><div id=\"panel-80462-0-1-0\" class=\"so-panel widget widget_adv_buttons panel-first-child panel-last-child\" data-index=\"1\" ><div\n\t\t\t\n\t\t\tclass=\"so-widget-adv_buttons so-widget-adv_buttons-base\"\n\t\t\t\n\t\t>\t<a class=\"btn push-campaign-utms btn-cta\" href=\"https:\/\/staging.advisera.com\/es\/contacto\/\" aria-label=\"Contacte con nosotros\">\r\n\t\tContacte con nosotros\t<\/a>\r\n\r\n<\/div><\/div><\/div><\/div><\/div><\/div><\/div><\/div><\/div><\/div><\/div><\/div>","protected":false},"excerpt":{"rendered":"<p>Descargue una vista previa gratuita de los Paquetes de Documentos del RGPD de la UE \u00bfNecesita un ejemplo de c\u00f3mo se ver\u00eda la documentaci\u00f3n del RGPD de la UE? Eche un vistazo a todas las plantillas de documentaci\u00f3n, como la Pol\u00edtica de retenci\u00f3n de datos, la Pol\u00edtica de protecci\u00f3n de datos personales o la Pol\u00edtica [&hellip;]<\/p>\n","protected":false},"author":138,"featured_media":111939,"parent":0,"menu_order":54,"comment_status":"closed","ping_status":"closed","template":"","meta":{"_acf_changed":false,"inline_featured_image":false,"footnotes":""},"class_list":["post-110800","page","type-page","status-publish","has-post-thumbnail","hentry","adv_standard-eu-gdpr"],"acf":[],"_links":{"self":[{"href":"https:\/\/staging.advisera.com\/es\/wp-json\/wp\/v2\/pages\/110800","targetHints":{"allow":["GET"]}}],"collection":[{"href":"https:\/\/staging.advisera.com\/es\/wp-json\/wp\/v2\/pages"}],"about":[{"href":"https:\/\/staging.advisera.com\/es\/wp-json\/wp\/v2\/types\/page"}],"author":[{"embeddable":true,"href":"https:\/\/staging.advisera.com\/es\/wp-json\/wp\/v2\/users\/138"}],"replies":[{"embeddable":true,"href":"https:\/\/staging.advisera.com\/es\/wp-json\/wp\/v2\/comments?post=110800"}],"version-history":[{"count":0,"href":"https:\/\/staging.advisera.com\/es\/wp-json\/wp\/v2\/pages\/110800\/revisions"}],"wp:featuredmedia":[{"embeddable":true,"href":"https:\/\/staging.advisera.com\/es\/wp-json\/wp\/v2\/media\/111939"}],"wp:attachment":[{"href":"https:\/\/staging.advisera.com\/es\/wp-json\/wp\/v2\/media?parent=110800"}],"curies":[{"name":"wp","href":"https:\/\/api.w.org\/{rel}","templated":true}]}}