{"id":110734,"date":"2023-09-06T18:50:11","date_gmt":"2023-09-06T18:50:11","guid":{"rendered":"https:\/\/staging.advisera.com\/iso-27001-free-preview\/"},"modified":"2023-10-17T19:09:17","modified_gmt":"2023-10-17T19:09:17","slug":"iso-27001-vistaprevia-gratuita","status":"publish","type":"page","link":"https:\/\/staging.advisera.com\/es\/iso-27001-vistaprevia-gratuita\/","title":{"rendered":"Vista previa gratuita de documentaci\u00f3n ISO 27001 e ISO 22301"},"content":{"rendered":"<div id=\"pl-110734\"  class=\"panel-layout\" ><div id=\"pg-110734-0\"  class=\"panel-grid panel-has-style\" ><div class=\"training-main-section top-padding-s bottom-padding-s panel-row-style panel-row-style-for-110734-0\" id=\"download-form\" ><div id=\"pgc-110734-0-0\"  class=\"panel-grid-cell\" ><div id=\"panel-110734-0-0-0\" class=\"so-panel widget widget_adv_content_editor panel-first-child\" data-index=\"0\" ><div\n\t\t\t\n\t\t\tclass=\"so-widget-adv_content_editor so-widget-adv_content_editor-base\"\n\t\t\t\n\t\t>\n<section class=\"adv-content-editor \">\n   \n         <h1 class=\"h1-m main-title h2\">Descargue una vista previa gratuita de los Paquetes de Documentos ISO 27001 e ISO 22301 <\/h1>\n   \n   \n\n   \n         <div class=\"adv-content\">\n         <p>\u00bfNecesita un ejemplo de c\u00f3mo se ver\u00eda la documentaci\u00f3n <strong>ISO 27001 e ISO 22301<\/strong>?<\/p>\n<p>Eche un vistazo a todas las plantillas de documentaci\u00f3n, como la <strong>Pol\u00edtica de seguridad de TI, la Lista de verificaci\u00f3n de auditor\u00eda interna, la Evaluaci\u00f3n de riesgos y la Metodolog\u00eda de tratamiento de riesgos<\/strong>, descargando esta demostraci\u00f3n gratuita de <strong>ISO 27001.<\/strong><\/p>\n<p>Nuestros expertos han adaptado los documentos para organizaciones peque\u00f1as y medianas para ayudarle a evitar archivos demasiado complejos y largos que ser\u00edan excesivos para usted.<\/p>\n      <\/div>\n   <\/section><\/div><\/div><div id=\"panel-110734-0-0-1\" class=\"so-panel widget widget_adv_image panel-last-child\" data-index=\"1\" ><div class=\"panel-widget-style panel-widget-style-for-110734-0-0-1\" ><div\n\t\t\t\n\t\t\tclass=\"so-widget-adv_image so-widget-adv_image-base\"\n\t\t\t\n\t\t><div class=\"adv-image \">\n\n\t\t\n\t\t\t\t<img decoding=\"async\" src=\"https:\/\/staging.advisera.com\/wp-content\/uploads\/2023\/10\/iso-27001-free-preview-display-img-es.png\" alt=\"-\" sizes=\"(max-width: 1584px) 100vw, 1584px\" srcset=\"https:\/\/staging.advisera.com\/wp-content\/uploads\/2023\/10\/iso-27001-free-preview-display-img-es.png 1584w, https:\/\/staging.advisera.com\/wp-content\/uploads\/2023\/10\/iso-27001-free-preview-display-img-es-300x130.png 300w, https:\/\/staging.advisera.com\/wp-content\/uploads\/2023\/10\/iso-27001-free-preview-display-img-es-1024x443.png 1024w, https:\/\/staging.advisera.com\/wp-content\/uploads\/2023\/10\/iso-27001-free-preview-display-img-es-768x333.png 768w, https:\/\/staging.advisera.com\/wp-content\/uploads\/2023\/10\/iso-27001-free-preview-display-img-es-1536x665.png 1536w\" =lazy title=\"\">\n\n\t\n\t\n\t<\/div>\n<\/div><\/div><\/div><\/div><div id=\"pgc-110734-0-1\"  class=\"panel-grid-cell\" ><div id=\"panel-110734-0-1-0\" class=\"so-panel widget widget_adv_enroll_live_training panel-first-child panel-last-child\" data-index=\"2\" ><div\n\t\t\t\n\t\t\tclass=\"so-widget-adv_enroll_live_training so-widget-adv_enroll_live_training-base\"\n\t\t\t\n\t\t><section class=\"enroll-ratings asic-logo-flex-wrap\">\n<\/section>\n\n<section class=\"enroll-live-training animated-ornaments ornaments-below-img\" \n\t>\n\t\t\t\t\t<div class=\"form-wrapper hubspot-forms adv-style\">\n\t\t\t<h2 class=\"h4 h2-m widget-title\">Descargar muestra gratis<\/h2>\t\t\n\t\t\t\t<script charset=\"utf-8\" type=\"text\/javascript\" src=\"\/\/js.hsforms.net\/forms\/v2.js\"><\/script>\n\t\t\t\t<script>\n\t\t\t\t  hbspt.forms.create({\n\t\t\t\t    region: \"na1\",\n\t\t\t\t    portalId: \"1983423\",\n\t\t\t\t    formId: \"02616861-d0eb-48b0-a92b-6b88870e6dfa\"\n\t\t\t\t  });\n\t\t\t\t<\/script>\n\t\t\t\t\t<\/div>\n\t\t\t\n\n\t\t\t<!-- <div class=\"wrapper relative\"> -->\n\t\t\t\t\t\t<span class=\"ornament o-1 o-grey\"><\/span>\n\t\t\t<span class=\"ornament o-2 o-blue\"><\/span>\n\t\t\t<span class=\"ornament o-3 o-green\"><\/span>\n\t\t<!-- <\/div>  -->\n\t\t\n<\/section><\/div><\/div><\/div><\/div><\/div><div id=\"pg-110734-1\"  class=\"panel-grid panel-has-style\" ><div class=\"siteorigin-panels-stretch panel-row-style panel-row-style-for-110734-1\" data-stretch-type=\"full\" ><div id=\"pgc-110734-1-0\"  class=\"panel-grid-cell panel-grid-cell-mobile-last\" ><div id=\"panel-110734-1-0-0\" class=\"so-panel widget widget_adv_instructors panel-first-child panel-last-child\" data-index=\"3\" ><div\n\t\t\t\n\t\t\tclass=\"so-widget-adv_instructors so-widget-adv_instructors-base\"\n\t\t\t\n\t\t><section class=\"instructors-widget style-rounded text-light heading-style-h2\">\n          \n    <div class=\"cards-wrapper has-1-columns\">\n        \n                        <div class=\"instructor\">  \n                <div class=\"card-left figure\">\n                    <img decoding=\"async\" width=\"184\" height=\"184\" src=\"https:\/\/staging.advisera.com\/wp-content\/uploads\/2022\/08\/Antonio-Jose-Segovia-184x184.png\" class=\"attachment-thumbnail size-thumbnail\" alt=\"-\" srcset=\"https:\/\/staging.advisera.com\/wp-content\/uploads\/2022\/08\/Antonio-Jose-Segovia-184x184.png 184w, https:\/\/staging.advisera.com\/wp-content\/uploads\/2022\/08\/Antonio-Jose-Segovia-300x300.png 300w, https:\/\/staging.advisera.com\/wp-content\/uploads\/2022\/08\/Antonio-Jose-Segovia.png 500w\" sizes=\"(max-width: 184px) 100vw, 184px\" title=\"\">                <\/div>\n                <div class=\"card-right\">\n                                            <h3 class=\"instructor-title has-subtitle \">\n                            \u00bfQu\u00e9 paquete de documentos elegir?                      \n                        <\/h3>\n                                                                <div class=\"subtitle\">\n                            Una vez descargada la demostraci\u00f3n gratuita, nuestros expertos contactar\u00e1n con usted y le oferecer\u00e1n una consulta gratuita para ayudarle a saber qu\u00e9 paquete de documentos da respuesta a sus necesidades.                       <\/div>\n                      \n                                            <div class=\"bio\">\n                            <p><strong>Antonio Jose Segovia<\/strong> - Experto en ISO 27001\/ISO 22301<\/p>\n                       <\/div>\n                                         \n                <\/div>\n            <\/div>\n            <\/div>\n<\/section><\/div><\/div><\/div><div id=\"pgc-110734-1-1\"  class=\"panel-grid-cell panel-grid-cell-empty\" ><\/div><\/div><\/div><div id=\"pg-110734-2\"  class=\"panel-grid panel-has-style\" ><div class=\"siteorigin-panels-stretch top-padding-normal bottom-padding-xs no-top-padding-m no-bottom-padding-m panel-row-style panel-row-style-for-110734-2\" data-stretch-type=\"full\" ><div id=\"pgc-110734-2-0\"  class=\"panel-grid-cell\" ><div id=\"panel-110734-2-0-0\" class=\"so-panel widget widget_advisera_reviews_api_carousel_all_reviews panel-first-child panel-last-child\" data-index=\"4\" ><div\n\t\t\t\n\t\t\tclass=\"so-widget-advisera_reviews_api_carousel_all_reviews so-widget-advisera_reviews_api_carousel_all_reviews-base\"\n\t\t\t\n\t\t><section class=\"reviews-io style-heading-above-grid\">\n\t\t\t<h2 class=\"mobile-hidden tablet-hidden headline h1-m\">Miles de clientes con \u00e9xito<\/h2>\n\t\t<div class=\"reviews_io all-reviews-carousel\" data-items=\"2\">\n\n\t\t<div class=\"carousel-wrap\">\n\t\t\t\t\t\t<h2 class=\"desktop-hidden headline h1-m\">Miles de clientes con \u00e9xito<\/h2>\t\t\t\t\n\t\t\t\n\t\t\t\t\t<\/div>\n\t<\/div>\n<\/section><\/div><\/div><\/div><\/div><\/div><div id=\"pg-110734-3\"  class=\"panel-grid panel-has-style\" ><div class=\"top-padding-xs bottom-padding-xs panel-row-style panel-row-style-for-110734-3\" ><div id=\"pgc-110734-3-0\"  class=\"panel-grid-cell\" ><div id=\"panel-110734-3-0-0\" class=\"so-panel widget widget_adv_content_editor panel-first-child\" data-index=\"5\" ><div\n\t\t\t\n\t\t\tclass=\"so-widget-adv_content_editor so-widget-adv_content_editor-base\"\n\t\t\t\n\t\t>\n<section class=\"adv-content-editor \">\n   \n   \n   \n\n   \n         <div class=\"adv-content\">\n         <h4>Obtenga una muestra de nuestras plantillas de documentaci\u00f3n ISO 27001 e ISO 22301: \u00a1es gratis!<\/h4>\n<p>Probablemente tenga varias preguntas sobre nuestros paquetes de documentos ISO 27001 o ISO 22301. Quiz\u00e1s no est\u00e9 seguro de la calidad de nuestra documentaci\u00f3n. Porque creemos firmemente en nuestro producto, queremos que pruebe una demostraci\u00f3n gratuita que contiene una gran cantidad de p\u00e1ginas reales de cada plantilla del paquete de documentos. Rev\u00edselas antes de decidir comprar algo.<\/p>\n<h4>\u00bfUsted qu\u00e9 obtiene de esto?<\/h4>\n<p><strong>Beneficios de la muestra gratuita de nuestros paquetes de documentos ISO 27001 e ISO 22301:<\/strong><br \/>\nCuando descargue la muestra gratuita de ISO 27001 e ISO 22301, ver\u00e1 por usted mismo el enorme valor y la experiencia profesional que ponemos en cada uno de nuestros paquetes de documentos. Nuestro objetivo es hacer que la implementaci\u00f3n de estas normas ISO sea f\u00e1cil e indolora.<\/p>\n<ul>\n<li><strong>Plantillas f\u00e1ciles y sencillas<\/strong>\u00a0\u2013 \u00a1Le encantar\u00e1 c\u00f3mo de claras y simples son nuestras plantillas!<\/li>\n<li><strong>Usted no necesita un consultor<\/strong>\u00a0\u2013 \u00bfTeme no poder hacerlo por su cuenta? Vea lo que realmente implica hacerlo con sus propios medios.<\/li>\n<li><strong>Menos estr\u00e9s<\/strong>\u00a0\u2013 Una vez que vea lo f\u00e1cil que son de entender nuestras plantillas, tendr\u00e1 la seguridad de saber que realmente puede implementar ISO 27001 e ISO 22301.<\/li>\n<li><strong>M\u00e1s tiempo para usted, m\u00e1s dinero en su cartera<\/strong>\u00a0\u2013 Cuando usted obtenga una muestra de las plantillas de ISO 27001 &amp; ISO 22301, \u00a1ver\u00e1 cu\u00e1nto tiempo y dinero puede ahorrar!<\/li>\n<\/ul>\n<h4>\u00bfTeme que no tenga el tiempo suficiente o el conocimiento para hacerlo?<\/h4>\n<p>Muchas organizaciones gastan una peque\u00f1a fortuna en consultores porque est\u00e1 preocupados de si lo van a poder hacer por su cuenta. La verdad es que la implementaci\u00f3n por medios propios no lleva tanto tiempo ni recursos como usted podr\u00eda pensar. Nuestra muestra gratuita de ISO 27001 e ISO 22301 se lo demostrar\u00e1.<\/p>\n<p>Adem\u00e1s de eso, nos gustar\u00eda ofercerle una bonificaci\u00f3n GRATUITA: obtenga una lista de consejos \u00fatiles para manejar su documentaci\u00f3n ISO 27001 e ISO 22301.<\/p>\n<p>Estamos seguros de la calidad de nuestros productos y servicios. Por eso nos alegramos de darle un acceso sin precedentes a nuestro paquete de documentos. Pru\u00e9belo ahora: descargue una muestra gratuita de ISO 27001 e ISO 22301 para conocer c\u00f3mo empezar a cumplir con estas normas.<\/p>\n      <\/div>\n   <\/section><\/div><\/div><div id=\"panel-110734-3-0-1\" class=\"so-panel widget widget_adv_buttons panel-last-child\" data-index=\"6\" ><div\n\t\t\t\n\t\t\tclass=\"so-widget-adv_buttons so-widget-adv_buttons-base\"\n\t\t\t\n\t\t>\t<a class=\"btn push-campaign-utms btn-empty\" href=\"#download-form\" aria-label=\"Descargar muestra gratis\">\r\n\t\tDescargar muestra gratis<i class=\"icon icon-arrow\"><\/i>\t<\/a>\r\n\r\n<\/div><\/div><\/div><\/div><\/div><div id=\"pg-110734-4\"  class=\"panel-grid panel-no-style\" ><div id=\"pgc-110734-4-0\"  class=\"panel-grid-cell\" ><div id=\"panel-110734-4-0-0\" class=\"so-panel widget widget_adv_display_site_element panel-first-child panel-last-child\" data-index=\"7\" ><div\n\t\t\t\n\t\t\tclass=\"so-widget-adv_display_site_element so-widget-adv_display_site_element-base\"\n\t\t\t\n\t\t><div class=\"site_element-wrap\"><div id=\"pl-80462\"  class=\"panel-layout\" ><div id=\"pg-80462-0\"  class=\"panel-grid panel-has-style\" ><div class=\"text-light siteorigin-panels-stretch top-padding-s bottom-padding-s cta-section panel-row-style panel-row-style-for-80462-0\" data-stretch-type=\"full\" ><div id=\"pgc-80462-0-0\"  class=\"panel-grid-cell\" ><div id=\"panel-80462-0-0-0\" class=\"so-panel widget widget_sow-editor panel-first-child panel-last-child\" data-index=\"0\" ><div\n\t\t\t\n\t\t\tclass=\"so-widget-sow-editor so-widget-sow-editor-base\"\n\t\t\t\n\t\t>\n<div class=\"siteorigin-widget-tinymce textwidget\">\n\t<h2 class=\"h1-m\">P\u00f3ngase en contacto<\/h2>\n<p>\u00bfNecesita ayuda? Contacte con nosotros ahora. Le responderemos r\u00e1pidamente.<\/p>\n<\/div>\n<\/div><\/div><\/div><div id=\"pgc-80462-0-1\"  class=\"panel-grid-cell\" ><div id=\"panel-80462-0-1-0\" class=\"so-panel widget widget_adv_buttons panel-first-child panel-last-child\" data-index=\"1\" ><div\n\t\t\t\n\t\t\tclass=\"so-widget-adv_buttons so-widget-adv_buttons-base\"\n\t\t\t\n\t\t>\t<a class=\"btn push-campaign-utms btn-cta\" href=\"https:\/\/staging.advisera.com\/es\/contacto\/\" aria-label=\"Contacte con nosotros\">\r\n\t\tContacte con nosotros\t<\/a>\r\n\r\n<\/div><\/div><\/div><\/div><\/div><\/div><\/div><\/div><\/div><\/div><\/div><\/div>","protected":false},"excerpt":{"rendered":"<p>Descargue una vista previa gratuita de los Paquetes de Documentos ISO 27001 e ISO 22301 \u00bfNecesita un ejemplo de c\u00f3mo se ver\u00eda la documentaci\u00f3n ISO 27001 e ISO 22301? Eche un vistazo a todas las plantillas de documentaci\u00f3n, como la Pol\u00edtica de seguridad de TI, la Lista de verificaci\u00f3n de auditor\u00eda interna, la Evaluaci\u00f3n de [&hellip;]<\/p>\n","protected":false},"author":138,"featured_media":111931,"parent":0,"menu_order":36,"comment_status":"closed","ping_status":"closed","template":"","meta":{"_acf_changed":false,"inline_featured_image":false,"footnotes":""},"class_list":["post-110734","page","type-page","status-publish","has-post-thumbnail","hentry","adv_standard-iso-27001-es"],"acf":[],"_links":{"self":[{"href":"https:\/\/staging.advisera.com\/es\/wp-json\/wp\/v2\/pages\/110734","targetHints":{"allow":["GET"]}}],"collection":[{"href":"https:\/\/staging.advisera.com\/es\/wp-json\/wp\/v2\/pages"}],"about":[{"href":"https:\/\/staging.advisera.com\/es\/wp-json\/wp\/v2\/types\/page"}],"author":[{"embeddable":true,"href":"https:\/\/staging.advisera.com\/es\/wp-json\/wp\/v2\/users\/138"}],"replies":[{"embeddable":true,"href":"https:\/\/staging.advisera.com\/es\/wp-json\/wp\/v2\/comments?post=110734"}],"version-history":[{"count":0,"href":"https:\/\/staging.advisera.com\/es\/wp-json\/wp\/v2\/pages\/110734\/revisions"}],"wp:featuredmedia":[{"embeddable":true,"href":"https:\/\/staging.advisera.com\/es\/wp-json\/wp\/v2\/media\/111931"}],"wp:attachment":[{"href":"https:\/\/staging.advisera.com\/es\/wp-json\/wp\/v2\/media?parent=110734"}],"curies":[{"name":"wp","href":"https:\/\/api.w.org\/{rel}","templated":true}]}}