{"id":110769,"date":"2023-09-06T18:42:47","date_gmt":"2023-09-06T18:42:47","guid":{"rendered":"https:\/\/staging.advisera.com\/iso-9001-free-preview\/"},"modified":"2023-10-17T16:49:02","modified_gmt":"2023-10-17T16:49:02","slug":"iso-9001-kostenlose-vorschau","status":"publish","type":"page","link":"https:\/\/staging.advisera.com\/de\/iso-9001-kostenlose-vorschau\/","title":{"rendered":"ISO 9001 Dokumentation kostenlose Vorschau"},"content":{"rendered":"<div id=\"pl-110769\"  class=\"panel-layout\" ><div id=\"pg-110769-0\"  class=\"panel-grid panel-has-style\" ><div class=\"training-main-section top-padding-s bottom-padding-s panel-row-style panel-row-style-for-110769-0\" id=\"download-form\" ><div id=\"pgc-110769-0-0\"  class=\"panel-grid-cell\" ><div id=\"panel-110769-0-0-0\" class=\"so-panel widget widget_adv_content_editor panel-first-child\" data-index=\"0\" ><div\n\t\t\t\n\t\t\tclass=\"so-widget-adv_content_editor so-widget-adv_content_editor-base\"\n\t\t\t\n\t\t>\n<section class=\"adv-content-editor \">\n   \n         <h1 class=\"h1-m main-title h2\">Laden Sie eine kostenlose Vorschau der ISO 9001-Dokumentations-Toolkits herunter<\/h1>\n   \n   \n\n   \n         <div class=\"adv-content\">\n         <p>Brauchen Sie ein Beispiel daf\u00fcr, wie die <strong>ISO 9001<\/strong>-Dokumentation aussehen sollte?<\/p>\n<p>Werfen Sie einen Blick auf alle Dokumentationsvorlagen wie <strong>die Qualit\u00e4tspolitik, den Qualit\u00e4tsplan, das Qualit\u00e4tshandbuch <\/strong>oder<strong> das Verfahren zur Managementbewertung<\/strong>, indem Sie diese <strong>kostenlose ISO 9001<\/strong>-Demo herunterladen.<\/p>\n<p>Unsere Experten haben die Dokumente auf kleine und mittlere Unternehmen zugeschnitten, um Ihnen zu helfen, \u00fcberm\u00e4\u00dfig komplexe und lange Dateien zu vermeiden, die f\u00fcr Sie einfach zu viel w\u00e4ren.<\/p>\n      <\/div>\n   <\/section><\/div><\/div><div id=\"panel-110769-0-0-1\" class=\"so-panel widget widget_adv_image panel-last-child\" data-index=\"1\" ><div class=\"panel-widget-style panel-widget-style-for-110769-0-0-1\" ><div\n\t\t\t\n\t\t\tclass=\"so-widget-adv_image so-widget-adv_image-base\"\n\t\t\t\n\t\t><div class=\"adv-image \">\n\n\t\t\n\t\t\t\t<img decoding=\"async\" src=\"https:\/\/staging.advisera.com\/wp-content\/uploads\/2023\/10\/ISO-9001-free-preview-display-img-de.png\" alt=\"-\" sizes=\"(max-width: 1584px) 100vw, 1584px\" srcset=\"https:\/\/staging.advisera.com\/wp-content\/uploads\/2023\/10\/ISO-9001-free-preview-display-img-de.png 1584w, https:\/\/staging.advisera.com\/wp-content\/uploads\/2023\/10\/ISO-9001-free-preview-display-img-de-300x130.png 300w, https:\/\/staging.advisera.com\/wp-content\/uploads\/2023\/10\/ISO-9001-free-preview-display-img-de-768x333.png 768w, https:\/\/staging.advisera.com\/wp-content\/uploads\/2023\/10\/ISO-9001-free-preview-display-img-de-1024x443.png 1024w, https:\/\/staging.advisera.com\/wp-content\/uploads\/2023\/10\/ISO-9001-free-preview-display-img-de-1536x665.png 1536w\" =lazy title=\"\">\n\n\t\n\t\n\t<\/div>\n<\/div><\/div><\/div><\/div><div id=\"pgc-110769-0-1\"  class=\"panel-grid-cell\" ><div id=\"panel-110769-0-1-0\" class=\"so-panel widget widget_adv_enroll_live_training panel-first-child panel-last-child\" data-index=\"2\" ><div\n\t\t\t\n\t\t\tclass=\"so-widget-adv_enroll_live_training so-widget-adv_enroll_live_training-base\"\n\t\t\t\n\t\t><section class=\"enroll-ratings asic-logo-flex-wrap\">\n<\/section>\n\n<section class=\"enroll-live-training animated-ornaments ornaments-below-img\" \n\t>\n\t\t\t\t\t<div class=\"form-wrapper hubspot-forms adv-style\">\n\t\t\t<h2 class=\"h4 h2-m widget-title\">Kostenlose Vorschau herunterladen<\/h2>\t\t\n\t\t\t\t<script charset=\"utf-8\" type=\"text\/javascript\" src=\"\/\/js.hsforms.net\/forms\/v2.js\"><\/script>\n\t\t\t\t<script>\n\t\t\t\t  hbspt.forms.create({\n\t\t\t\t    region: \"na1\",\n\t\t\t\t    portalId: \"1983423\",\n\t\t\t\t    formId: \"91a8eeda-87ae-479f-be3a-565c0fd4070b\"\n\t\t\t\t  });\n\t\t\t\t<\/script>\n\t\t\t\t\t<\/div>\n\t\t\t\n\n\t\t\t<!-- <div class=\"wrapper relative\"> -->\n\t\t\t\t\t\t<span class=\"ornament o-1 o-grey\"><\/span>\n\t\t\t<span class=\"ornament o-2 o-blue\"><\/span>\n\t\t\t<span class=\"ornament o-3 o-green\"><\/span>\n\t\t<!-- <\/div>  -->\n\t\t\n<\/section><\/div><\/div><\/div><\/div><\/div><div id=\"pg-110769-1\"  class=\"panel-grid panel-has-style\" ><div class=\"siteorigin-panels-stretch panel-row-style panel-row-style-for-110769-1\" data-stretch-type=\"full\" ><div id=\"pgc-110769-1-0\"  class=\"panel-grid-cell panel-grid-cell-mobile-last\" ><div id=\"panel-110769-1-0-0\" class=\"so-panel widget widget_adv_instructors panel-first-child panel-last-child\" data-index=\"3\" ><div\n\t\t\t\n\t\t\tclass=\"so-widget-adv_instructors so-widget-adv_instructors-base\"\n\t\t\t\n\t\t><section class=\"instructors-widget style-rounded text-light heading-style-h2\">\n          \n    <div class=\"cards-wrapper has-1-columns\">\n        \n                        <div class=\"instructor\">  \n                <div class=\"card-left figure\">\n                    <img decoding=\"async\" width=\"184\" height=\"184\" src=\"https:\/\/staging.advisera.com\/wp-content\/uploads\/2022\/08\/Carlos-Cruz-184x184.jpeg\" class=\"attachment-thumbnail size-thumbnail\" alt=\"-\" srcset=\"https:\/\/staging.advisera.com\/wp-content\/uploads\/2022\/08\/Carlos-Cruz-184x184.jpeg 184w, https:\/\/staging.advisera.com\/wp-content\/uploads\/2022\/08\/Carlos-Cruz.jpeg 200w\" sizes=\"(max-width: 184px) 100vw, 184px\" title=\"\">                <\/div>\n                <div class=\"card-right\">\n                                            <h3 class=\"instructor-title has-subtitle \">\n                            Welches Toolkit ausw\u00e4hlen?                      \n                        <\/h3>\n                                                                <div class=\"subtitle\">\n                            Sobald Sie die kostenlose Demo heruntergeladen haben, werden unsere Experten mit Ihnen Kontakt aufnehmen und Ihnen eine kostenlose Beratung anbieten, um zu verstehen, welches Toolkit Ihren Anforderungen entspricht.                       <\/div>\n                      \n                                            <div class=\"bio\">\n                            <p><strong>Carlos Pereira da Cruz<\/strong> - ISO 9001 Experte<\/p>\n                       <\/div>\n                                         \n                <\/div>\n            <\/div>\n            <\/div>\n<\/section><\/div><\/div><\/div><div id=\"pgc-110769-1-1\"  class=\"panel-grid-cell panel-grid-cell-empty\" ><\/div><\/div><\/div><div id=\"pg-110769-2\"  class=\"panel-grid panel-has-style\" ><div class=\"siteorigin-panels-stretch top-padding-normal bottom-padding-xs no-top-padding-m no-bottom-padding-m panel-row-style panel-row-style-for-110769-2\" data-stretch-type=\"full\" ><div id=\"pgc-110769-2-0\"  class=\"panel-grid-cell\" ><div id=\"panel-110769-2-0-0\" class=\"so-panel widget widget_advisera_reviews_api_carousel_all_reviews panel-first-child panel-last-child\" data-index=\"4\" ><div\n\t\t\t\n\t\t\tclass=\"so-widget-advisera_reviews_api_carousel_all_reviews so-widget-advisera_reviews_api_carousel_all_reviews-base\"\n\t\t\t\n\t\t><section class=\"reviews-io style-heading-above-grid\">\n\t\t\t<h2 class=\"mobile-hidden tablet-hidden headline h1-m\">Tausende erfolgreicher Kunde<\/h2>\n\t\t<div class=\"reviews_io all-reviews-carousel\" data-items=\"2\">\n\n\t\t<div class=\"carousel-wrap\">\n\t\t\t\t\t\t<h2 class=\"desktop-hidden headline h1-m\">Tausende erfolgreicher Kunde<\/h2>\t\t\t\t\n\t\t\t\n\t\t\t\t\t<\/div>\n\t<\/div>\n<\/section><\/div><\/div><\/div><\/div><\/div><div id=\"pg-110769-3\"  class=\"panel-grid panel-has-style\" ><div class=\"top-padding-xs bottom-padding-xs panel-row-style panel-row-style-for-110769-3\" ><div id=\"pgc-110769-3-0\"  class=\"panel-grid-cell\" ><div id=\"panel-110769-3-0-0\" class=\"so-panel widget widget_adv_content_editor panel-first-child\" data-index=\"5\" ><div\n\t\t\t\n\t\t\tclass=\"so-widget-adv_content_editor so-widget-adv_content_editor-base\"\n\t\t\t\n\t\t>\n<section class=\"adv-content-editor \">\n   \n   \n   \n\n   \n         <div class=\"adv-content\">\n         <h4>Kostenlose Vorschau von Dokumentationsvorlagen f\u00fcr ISO 9001<\/h4>\n<p>Wir verstehen, dass Sie zu unseren ISO 9001-Toolkit Fragen haben und die Qualit\u00e4t der Dokumente nicht von vornherein einsch\u00e4tzen k\u00f6nnen. Wir glauben an unser Produkt und bieten Ihnen deshalb eine kostenlose Vorschau an, in der Sie die ersten Seiten jedes Dokuments des Toolkits ansehen k\u00f6nnen \u2013 bevor Sie sich zum Kauf entscheiden.<\/p>\n<h4>Was sind ihre Vorteile?<\/h4>\n<p><strong>Alle Vorteile der kostenlosen Vorschau unserer ISO 27001 und ISO 22301 Toolkits:<\/strong><\/p>\n<p>Mit dem Download der Vorschau k\u00f6nnen Sie die Qualit\u00e4t und das umfangreiche Wissen in unseren Toolkits aus erster Hand \u00fcberpr\u00fcfen. Sie wurde erstellt, um ihre ISO-Umsetzung schnell und einfach zu gestalten.<\/p>\n<ul>\n<li><strong>Einfache, klar gegliederte Vorlagen<\/strong>\u00a0\u2013 Unsere Toolkits sind leicht zu verstehen \u2013 sehen Sie selbst!<\/li>\n<li><strong>Kein Berater n\u00f6tig<\/strong>\u00a0\u2013 Angst, den Standard allein umzusetzen? Erfahren Sie, wie eine Umsetzung ohne Hilfe wirklich aussieht.<\/li>\n<li><strong>Weniger Sorgen<\/strong>\u00a0\u2013 Unsere kostenlose Vorschau gibt ihnen das Vertrauen, ISO 9001 schnell und einfach umzusetzen.<\/li>\n<li><strong>Sparen Sie Zeit und Geld<\/strong>\u00a0\u2013 Ihre kostenlose Vorschau f\u00fcr ISO-9001-Vorlagen veranschaulicht, was Sie sparen k\u00f6nnen \u2013 n\u00e4mlich sowohl Zeit als auch Geld!<\/li>\n<\/ul>\n<h4>Sind sie besorgt, dass Ihnen f\u00fcr diese Aufgabe die Ressourcen fehlen?<\/h4>\n<p>Viele Unternehmen geben genau aus diesem Grund zu viel Geld f\u00fcr Berater aus. In Wirklichkeit ist die Umsetzung von ISO 9001 durch das Unternehmen selbst nicht zwingend zeit- und ressourcenaufw\u00e4ndig. Unsere kostenlose Vorschau zeigt Ihnen, warum.<\/p>\n<p>Als Bonus erhalten Sie eine kostenlose Liste von Tipps zur Verwaltung Ihrer ISO-9001-Dokumentation.<\/p>\n<p>Wir glauben an die Qualit\u00e4t unserer Toolkits, weswegen wir Ihnen gerne diesen Zugang zu unserem Produkt erm\u00f6glichen. Laden Sie Ihre kostenlose Vorschau jetzt herunter, um die ersten Schritte zu der Befolgung von ISO 9001 zu machen.<\/p>\n      <\/div>\n   <\/section><\/div><\/div><div id=\"panel-110769-3-0-1\" class=\"so-panel widget widget_adv_buttons panel-last-child\" data-index=\"6\" ><div\n\t\t\t\n\t\t\tclass=\"so-widget-adv_buttons so-widget-adv_buttons-base\"\n\t\t\t\n\t\t>\t<a class=\"btn push-campaign-utms btn-empty\" href=\"#download-form\" aria-label=\"Kostenlose Vorschau herunterladen\">\r\n\t\tKostenlose Vorschau herunterladen<i class=\"icon icon-arrow\"><\/i>\t<\/a>\r\n\r\n<\/div><\/div><\/div><\/div><\/div><div id=\"pg-110769-4\"  class=\"panel-grid panel-no-style\" ><div id=\"pgc-110769-4-0\"  class=\"panel-grid-cell\" ><div id=\"panel-110769-4-0-0\" class=\"so-panel widget widget_adv_display_site_element panel-first-child panel-last-child\" data-index=\"7\" ><div\n\t\t\t\n\t\t\tclass=\"so-widget-adv_display_site_element so-widget-adv_display_site_element-base\"\n\t\t\t\n\t\t><div class=\"site_element-wrap\"><div id=\"pl-80443\"  class=\"panel-layout\" ><div id=\"pg-80443-0\"  class=\"panel-grid panel-has-style\" ><div class=\"text-light siteorigin-panels-stretch top-padding-s bottom-padding-s cta-section panel-row-style panel-row-style-for-80443-0\" data-stretch-type=\"full\" ><div id=\"pgc-80443-0-0\"  class=\"panel-grid-cell\" ><div id=\"panel-80443-0-0-0\" class=\"so-panel widget widget_sow-editor panel-first-child panel-last-child\" data-index=\"0\" ><div\n\t\t\t\n\t\t\tclass=\"so-widget-sow-editor so-widget-sow-editor-base\"\n\t\t\t\n\t\t>\n<div class=\"siteorigin-widget-tinymce textwidget\">\n\t<h2 class=\"h1-m\">Kontakt aufnehmen<\/h2>\n<p>Brauchen Sie Hilfe? Setzen Sie sich jetzt mit uns in Verbindung. Wir antworten schnell.<\/p>\n<\/div>\n<\/div><\/div><\/div><div id=\"pgc-80443-0-1\"  class=\"panel-grid-cell\" ><div id=\"panel-80443-0-1-0\" class=\"so-panel widget widget_adv_buttons panel-first-child panel-last-child\" data-index=\"1\" ><div\n\t\t\t\n\t\t\tclass=\"so-widget-adv_buttons so-widget-adv_buttons-base\"\n\t\t\t\n\t\t>\t<a class=\"btn push-campaign-utms btn-cta\" href=\"https:\/\/staging.advisera.com\/de\/kontakt\/\" aria-label=\"Kontaktieren Sie uns\">\r\n\t\tKontaktieren Sie uns\t<\/a>\r\n\r\n<\/div><\/div><\/div><\/div><\/div><\/div><\/div><\/div><\/div><\/div><\/div><\/div>","protected":false},"excerpt":{"rendered":"<p>Laden Sie eine kostenlose Vorschau der ISO 9001-Dokumentations-Toolkits herunter Brauchen Sie ein Beispiel daf\u00fcr, wie die ISO 9001-Dokumentation aussehen sollte? Werfen Sie einen Blick auf alle Dokumentationsvorlagen wie die Qualit\u00e4tspolitik, den Qualit\u00e4tsplan, das Qualit\u00e4tshandbuch oder das Verfahren zur Managementbewertung, indem Sie diese kostenlose ISO 9001-Demo herunterladen. Unsere Experten haben die Dokumente auf kleine und mittlere [&hellip;]<\/p>\n","protected":false},"author":138,"featured_media":111907,"parent":0,"menu_order":42,"comment_status":"closed","ping_status":"closed","template":"","meta":{"_acf_changed":false,"inline_featured_image":false,"footnotes":""},"class_list":["post-110769","page","type-page","status-publish","has-post-thumbnail","hentry","adv_standard-iso-9001-de"],"acf":[],"_links":{"self":[{"href":"https:\/\/staging.advisera.com\/de\/wp-json\/wp\/v2\/pages\/110769","targetHints":{"allow":["GET"]}}],"collection":[{"href":"https:\/\/staging.advisera.com\/de\/wp-json\/wp\/v2\/pages"}],"about":[{"href":"https:\/\/staging.advisera.com\/de\/wp-json\/wp\/v2\/types\/page"}],"author":[{"embeddable":true,"href":"https:\/\/staging.advisera.com\/de\/wp-json\/wp\/v2\/users\/138"}],"replies":[{"embeddable":true,"href":"https:\/\/staging.advisera.com\/de\/wp-json\/wp\/v2\/comments?post=110769"}],"version-history":[{"count":0,"href":"https:\/\/staging.advisera.com\/de\/wp-json\/wp\/v2\/pages\/110769\/revisions"}],"wp:featuredmedia":[{"embeddable":true,"href":"https:\/\/staging.advisera.com\/de\/wp-json\/wp\/v2\/media\/111907"}],"wp:attachment":[{"href":"https:\/\/staging.advisera.com\/de\/wp-json\/wp\/v2\/media?parent=110769"}],"curies":[{"name":"wp","href":"https:\/\/api.w.org\/{rel}","templated":true}]}}