{"id":6160,"date":"2015-05-14T11:22:46","date_gmt":"2015-05-14T11:22:46","guid":{"rendered":"https:\/\/multiacademstg.wpengine.com\/45001academy\/what-is-iso-45001\/"},"modified":"2023-09-04T18:22:54","modified_gmt":"2023-09-04T18:22:54","slug":"que-es-la-norma-iso-45001","status":"publish","type":"page","link":"https:\/\/staging.advisera.com\/45001academy\/es\/que-es-la-norma-iso-45001\/","title":{"rendered":"\u00bfQu\u00e9 es la norma ISO 45001?"},"content":{"rendered":"<div id=\"pl-6160\"  class=\"panel-layout\" ><div id=\"pg-6160-0\"  class=\"panel-grid panel-no-style\" ><div id=\"pgc-6160-0-0\"  class=\"panel-grid-cell\" ><div id=\"panel-6160-0-0-0\" class=\"so-panel widget widget_hero-with-buttons-widget panel-first-child\" data-index=\"0\" ><div\n\t\t\t\n\t\t\tclass=\"so-widget-hero-with-buttons-widget so-widget-hero-with-buttons-widget-default-d75171398898-6160\"\n\t\t\t\n\t\t><section class=\"iso-hero sans\" style=\"background: #03284d;\">\n    <div class=\"container\">\n        <h1 class=\"iso-hero_title  \">\n            ISO 45001: \u00bfQu\u00e9 es, c\u00f3mo funciona y por qu\u00e9 utilizarla?\n        <\/h1>\n        <p class=\"iso-hero_subtitle \">\n                \n        <\/p>\n        <div class=\"iso-hero_buttons\">\n                            <div class=\"iso-hero_button\">\n                    <div class=\"button-image\">\n                        <img decoding=\"async\" width=\"64\" height=\"64\" src=\"\/wp-content\/uploads\/sites\/18\/2021\/10\/what-is-ISO-45001-Templates-button.png\" class=\"attachment-full size-full\" alt=\"\" \/>\n                    <\/div>\n                    <div class=\"button-content\">\n                        <span>PLANTILLAS PARA ISO 45001<\/span>\n                    <\/div>\n                    <a href=\"https:\/\/staging.advisera.com\/45001academy\/es\/paquete-de-documentos-sobre-iso-45001\/\"><\/a>\n                <\/div>\n                            <div class=\"iso-hero_button\">\n                    <div class=\"button-image\">\n                        <img decoding=\"async\" width=\"67\" height=\"67\" src=\"\/wp-content\/uploads\/sites\/18\/2021\/10\/what-is-ISO-45001-Courses-button.png\" class=\"attachment-full size-full\" alt=\"\" \/>\n                    <\/div>\n                    <div class=\"button-content\">\n                        <span>CURSOS DE ISO 45001<\/span>\n                    <\/div>\n                    <a href=\"https:\/\/staging.advisera.com\/es\/formacion\/?standard=iso-45001\"><\/a>\n                <\/div>\n                            <div class=\"iso-hero_button\">\n                    <div class=\"button-image\">\n                        <img decoding=\"async\" width=\"67\" height=\"67\" src=\"\/wp-content\/uploads\/sites\/18\/2021\/10\/what-is-ISO-45001-Free-Materials-button.png\" class=\"attachment-full size-full\" alt=\"\" \/>\n                    <\/div>\n                    <div class=\"button-content\">\n                        <span>MATERIALES GRATIS<\/span>\n                    <\/div>\n                    <a href=\"https:\/\/staging.advisera.com\/45001academy\/free-downloads\/\"><\/a>\n                <\/div>\n                    <\/div>\n    <\/div>\n<\/section><\/div><\/div><div id=\"panel-6160-0-0-1\" class=\"so-panel widget widget_content-with-sidebar-widget panel-last-child\" data-index=\"1\" ><div\n\t\t\t\n\t\t\tclass=\"so-widget-content-with-sidebar-widget so-widget-content-with-sidebar-widget-default-d75171398898-6160\"\n\t\t\t\n\t\t><section class=\"content-with-sidebar\">\n<div class=\"container\">\n\n    <div class=\"sidebar-area\">\n        <div class=\"sidebar-bg\"><\/div>\n        <div class=\"sidebar-wrapper\">\n            <div class=\"sidebar\">\n\n                \n                <h2 class=\"sidebar-title\">\n                    TABLA DE CONTENIDO\n                <\/h2>\n\n                                    <div class=\"sidebar-item no-collapse\">\n                        <div class=\"sidebar-item-links\">\n                            <a class=\"scrollToAnchor\" href=\"#introduction\">Introducci\u00f3n<\/a>\n<a class=\"scrollToAnchor\" href=\"#what-is-ohsms\">\u00bfQu\u00e9 es el OHSMS?<\/a>\n<a class=\"scrollToAnchor\" href=\"#importance\">Importancia de la norma ISO 45001<\/a>\n<a class=\"scrollToAnchor\" href=\"#structure\">Estructura de la norma ISO 45001<\/a>\n<a class=\"scrollToAnchor\" href=\"#benefits\">Beneficios de la norma ISO 45001<\/a>\n<a class=\"scrollToAnchor\" href=\"#certification\">Obtener la certificaci\u00f3n<\/a>\n<a class=\"scrollToAnchor\" href=\"#implementation\">Pasos obligatorios<\/a>\n<a class=\"scrollToAnchor\" href=\"#training\">Formaci\u00f3n para particulares<\/a>\n                        <\/div>\n                    <\/div>\n\n                            <\/div>\n        <\/div>\n    <\/div>\n    <div class=\"content-area\">\n        <div class=\"what-is-groups\">\n\n            \n            <h2 id=\"introduction\"><strong>\u201c\u00bfQu\u00e9 es la norma ISO 45001?\u201d \u00bfEst\u00e1 buscando una respuesta simple a esta pregunta?<\/strong><\/h2>\n<p>Esta pregunta surge con mucha frecuencia y esta descripci\u00f3n general tiene por objeto proporcionarle informaci\u00f3n sobre los beneficios de la norma ISO 45001, as\u00ed como sus requisitos, su estructura y los pasos hacia la certificaci\u00f3n.<\/p>\n<h2><strong>Or\u00edgenes de la norma ISO 45001<\/strong><\/h2>\n<p>La norma ISO 45001, Sistemas de Gesti\u00f3n de Seguridad y Salud en el Trabajo: Requisitos con orientaci\u00f3n para su uso, es una norma ISO para sistemas de gesti\u00f3n de seguridad y salud en el trabajo reconocida e implementada en todo el mundo. Esta norma fue publicada en 2018 para reemplazar la norma OHSAS 18001:2007.<\/p>\n<p>Antes de que el comit\u00e9 ISO desarrollara una norma de sistema de gesti\u00f3n, se prepar\u00f3 un \"Estudio Justificativo\" para presentar un caso para el proyecto propuesto. En relaci\u00f3n con el desarrollo de la norma ISO 45001, las necesidades del usuario se identifican a partir de lo siguiente:<\/p>\n<ol type=\"A\">\n<li>El usuario exige que los requisitos de las normas del sistema de gesti\u00f3n est\u00e9n mejor alineadas, o que permitan la \"integraci\u00f3n\" en los sistemas de gesti\u00f3n de su organizaci\u00f3n. Esto condujo al desarrollo de una \"Estructura de Alto Nivel\" (a menudo denominada \"Anexo SL\") que proporciona una secuencia de cl\u00e1usula com\u00fan (estructura), texto, t\u00e9rminos y definiciones para las normas de su sistema de gesti\u00f3n. Esta \"Estructura de Alto Nivel\" se ha aplicado durante el desarrollo de la norma ISO 45001.<\/li>\n<li>De acuerdo con la Encuesta de normas y certificados del Grupo de Proyectos OHSAS de 2011, ahora hay m\u00e1s de 90000 certificados emitidos en 127 pa\u00edses. Este hecho demuestra la necesidad de una norma ISO para esta disciplina.<\/li>\n<\/ol>\n<p>El \"Estudio Justificativo\" identific\u00f3 que la norma ISO 45001 deb\u00eda:<\/p>\n<ul>\n<li>permitir a las organizaciones proporcionar entornos de trabajo seguros y saludables<\/li>\n<li>ser gen\u00e9rica y relevante para todos los tipos y tama\u00f1os de organizaciones, en cualquier sector, y ser capaz de adaptarse a diversas condiciones geogr\u00e1ficas, culturales y sociales<\/li>\n<li>poder aplicarse a la gama m\u00e1s amplia posible de organizaciones con diversos grados de desarrollo de sus OHSMS<\/li>\n<li>especificar los componentes esenciales de un OHSMS<\/li>\n<li>permitir a las organizaciones demostrar la conformidad con los requisitos<\/li>\n<li>permitir a las organizaciones identificar, evaluar y controlar sus riesgos de la SST y mejorar su desempe\u00f1o en la SST<\/li>\n<li>alinearse con otras normas de sistemas de gesti\u00f3n (en particular la norma ISO 14001 para sistemas de gesti\u00f3n medioambiental).<\/li>\n<\/ul>\n<h2 id=\"what-is-ohsms\"><strong>\u00bfQu\u00e9 es un Sistema de Gesti\u00f3n de Seguridad y Salud en el Trabajo?<\/strong><\/h2>\n<p>Un Sistema de Gesti\u00f3n de Seguridad y Salud en el Trabajo, a menudo llamado OHSMS, define el marco en el que la organizaci\u00f3n se preocupa por la salud y seguridad en el trabajo de sus empleados. Representa un conjunto de reglas, pol\u00edticas, procesos, planes y pr\u00e1cticas para prevenir riesgos de salud y seguridad en el trabajo y minimiza los riesgos en el lugar de trabajo. Un OHSMS es \u00fanico para cada organizaci\u00f3n y debe ser adecuado para los requisitos legales, los riesgos de salud y seguridad en el trabajo y los procesos comerciales aplicados en la organizaci\u00f3n. La norma ISO 45001 representa las mejores pr\u00e1cticas para establecer, implementar y mantener el OHSMS. Sus requisitos y pautas ayudan a una organizaci\u00f3n a establecer un OHSMS efectivo y evitar olvidar elementos importantes en el camino.<\/p>\n<h2 id=\"importance\"><strong>Llegando al motivo principal de por qu\u00e9 ISO 45001 es importante<\/strong><\/h2>\n<p>Mitigar los riesgos de salud y seguridad en el trabajo y prevenir lesiones en el lugar de trabajo es uno de los desaf\u00edos m\u00e1s importantes al que se enfrentan las empresas. Entre los mayores beneficios de implementar un OHSMS est\u00e1 la mejora de la imagen p\u00fablica de la compa\u00f1\u00eda que viene con la certificaci\u00f3n ISO 45001. Estar certificado seg\u00fan la norma ISO 45001 demuestra que su empresa pertenece a aquellas empresas que se preocupan por la salud y la seguridad de sus empleados. Esto puede traer mejores relaciones con los clientes, el p\u00fablico y la comunidad, pero tambi\u00e9n brinda otros beneficios.<\/p>\n<p>Junto con la buena imagen p\u00fablica, muchas compa\u00f1\u00edas pueden ahorrar dinero mediante la implementaci\u00f3n de un Sistema de Gesti\u00f3n de Seguridad y Salud en el Trabajo. Esto se puede lograr mediante la reducci\u00f3n de incidentes que resulten en lesiones y poder obtener un seguro a un costo m\u00e1s razonable. Esta mejora en el control de costos es un beneficio que no puede pasarse por alto cuando toma la decisi\u00f3n de implementar un OHSMS.<\/p>\n<h2 id=\"structure\"><strong>\u00bfC\u00f3mo es la norma ISO 45001?<\/strong><\/h2>\n<p>La norma ISO 45001 consta de once secciones. Las primeras tres secciones representan una introducci\u00f3n a la norma, su alcance y referencias normativas, y las otras siete secciones contienen los requisitos para el Sistema de Gesti\u00f3n de Seguridad y Salud en el Trabajo. A continuaci\u00f3n, vemos de qu\u00e9 tratan las siete secciones principales:<\/p>\n<p><strong>Secci\u00f3n 4: Contexto de la organizaci\u00f3n.<\/strong> Esta secci\u00f3n requiere que la organizaci\u00f3n determine su contexto en t\u00e9rminos del Sistema de Gesti\u00f3n de Seguridad y Salud en el Trabajo, incluidas las partes interesadas, sus necesidades y expectativas. Tambi\u00e9n define los requisitos para determinar el alcance del OHSMS, as\u00ed como los requisitos generales del OHSMS.<\/p>\n<p><strong>Secci\u00f3n 5: Liderazgo.<\/strong> Esta cl\u00e1usula de la norma requiere que la alta direcci\u00f3n demuestre el liderazgo y compromiso con el OHSMS, junto con la definici\u00f3n de la pol\u00edtica de seguridad y salud en el trabajo. La alta direcci\u00f3n tambi\u00e9n debe asignar propietarios de procesos con otros roles y responsabilidades.<\/p>\n<p><strong>Secci\u00f3n 6: Planificaci\u00f3n.<\/strong> La secci\u00f3n de planificaci\u00f3n define los requisitos para abordar los riesgos y las oportunidades, y los requisitos para el an\u00e1lisis de riesgos laborales. Esta cl\u00e1usula tambi\u00e9n incluye los requisitos para la identificaci\u00f3n y evaluaci\u00f3n de riesgos, la determinaci\u00f3n de requisitos legales y de otro tipo, los objetivos de SST y los planes para lograrlos.<\/p>\n<p><strong>Secci\u00f3n 7: Soporte.<\/strong> Esta cl\u00e1usula define los requisitos para respaldar los procesos y las disposiciones de los recursos necesarios para el funcionamiento eficaz del OHSMS. Define los requisitos para las personas, la infraestructura, el entorno de trabajo, los recursos de monitoreo y medici\u00f3n, la competencia, la conciencia, la comunicaci\u00f3n y la informaci\u00f3n documentada.<\/p>\n<p><strong>Secci\u00f3n 8: Operaci\u00f3n.<\/strong> Esta cl\u00e1usula se centra en establecer controles operativos para eliminar los riesgos de salud y seguridad en el trabajo, la gesti\u00f3n de cambios y la preparaci\u00f3n y respuesta ante emergencias.<\/p>\n<p><strong>Secci\u00f3n 9: Evaluaci\u00f3n del desempe\u00f1o.<\/strong> El prop\u00f3sito de los requisitos establecidos en esta cl\u00e1usula es proporcionar a la organizaci\u00f3n mecanismos para determinar la efectividad del SGC. Contiene los requisitos para el monitoreo y la medici\u00f3n necesarios, incluida la evaluaci\u00f3n del desempe\u00f1o, la obligaci\u00f3n de cumplimiento, la auditor\u00eda interna y la revisi\u00f3n de la administraci\u00f3n.<\/p>\n<p><strong>Secci\u00f3n 10: Mejora.<\/strong> La \u00faltima secci\u00f3n de la norma define los requisitos para la mejora continua del OHSMS, incluidos los requisitos para la gesti\u00f3n de no conformidades, incidentes y acciones correctivas.<\/p>\n<p>Estas secciones se basan en un ciclo de Planificar-Hacer-Verificar-Actuar, que utiliza estos elementos para implementar cambios dentro de los procesos de la organizaci\u00f3n con el fin de impulsar y mantener mejoras dentro de los procesos.<\/p>\n<h2 id=\"benefits\">\u00bfPor qu\u00e9 la norma ISO 45001 es una buena idea para su organizaci\u00f3n?<\/h2>\n<p>No hay duda de que la implementaci\u00f3n de la norma ISO 45001 trae beneficios a la organizaci\u00f3n. Como se ha mencionado anteriormente, el n\u00famero de organizaciones, tanto grandes como peque\u00f1as, que ya han implementado el OHSAS 18001 (que es el predecesor de ISO 45001) es grande y sigue creciendo. La norma ISO 45001 aporta todos los beneficios del OHSAS 18001, a\u00f1adiendo algunos nuevos. Estos son solo algunos de estos beneficios:<\/p>\n<p><strong>Mejora su imagen y credibilidad.<\/strong> Al asegurar a los clientes que tiene el compromiso de establecer y mantener un sistema de gesti\u00f3n de salud y seguridad en el trabajo, puede mejorar su imagen y su participaci\u00f3n en el mercado al reducir la cantidad de incidentes de SST en el lugar de trabajo y enviar un mensaje claro de que su organizaci\u00f3n se ocupa de su empleados.<\/p>\n<p><strong>Mejora el control de costos.<\/strong>\u00a0Una mejora que todas las organizaciones buscan es una reducci\u00f3n de costos. El OHSMS puede hacerlo posible al aumentar la calificaci\u00f3n en las compa\u00f1\u00edas de seguros, a la vez que reduce los incidentes de salud y seguridad en el trabajo que pueden conducir a demandas y al deterioro de la imagen de la organizaci\u00f3n.<\/p>\n<p><strong>Utilice la toma de decisiones basada en evidencia.<\/strong>\u00a0Al asegurarse de que est\u00e1 utilizando datos precisos para tomar sus decisiones sobre qu\u00e9 mejorar, puede aumentar en gran medida las posibilidades de que sus mejoras sean exitosas a la primera, en lugar de tener varios intentos fallidos. Al utilizar estos datos para realizar un seguimiento de su progreso, puede corregir estas iniciativas de mejora antes de que se salgan del camino, lo que puede ahorrar costos y tiempo.<\/p>\n<p><strong>Crear una cultura de mejora continua.<\/strong> Con la mejora continua, puede trabajar hacia mejores procesos y reducir los riesgos de salud y seguridad en el trabajo de manera sistem\u00e1tica, con el fin de mejorar su imagen p\u00fablica y reducir sus costos de forma potencial. Cuando se crea una cultura de mejora, las personas siempre buscan formas de mejorar sus procesos, lo que facilita el mantenimiento del OHSMS.<\/p>\n<p><strong>Involucre a su gente.<\/strong>\u00a0Dada la opci\u00f3n entre trabajar para una empresa que muestra cuidado y preocupaci\u00f3n por la salud y seguridad en el trabajo y otra que no, la mayor\u00eda de las personas preferir\u00eda la primera. Al involucrar a sus empleados para reducir sus riesgos de salud y seguridad en el trabajo, puede aumentar su enfoque y permanencia.<\/p>\n<p>Adem\u00e1s de los beneficios mencionados anteriormente, la transici\u00f3n de OHSAS 18001 a ISO 45001 aporta:<\/p>\n<ul>\n<li>m\u00e1s claridad sobre cuestiones del OHSMS<\/li>\n<li>mayor participaci\u00f3n de liderazgo y de los trabajadores en el OHSMS<\/li>\n<li>pensamiento basado en el riesgo para el OHSMS, as\u00ed como para los riesgos de la SST<\/li>\n<li>alineaci\u00f3n de la pol\u00edtica y los objetivos de la SST con la direcci\u00f3n estrat\u00e9gica de la organizaci\u00f3n<\/li>\n<li>integraci\u00f3n del OHSMS en los procesos de negocio de la organizaci\u00f3n<\/li>\n<li>lenguaje simplificado, estructura y t\u00e9rminos comunes.<\/li>\n<\/ul>\n<h2 id=\"certification\">\u00bfCu\u00e1les son los pasos pr\u00e1cticos para obtener la certificaci\u00f3n ISO 45001?<\/h2>\n<p>\u00bfQu\u00e9 significa obtener la certificaci\u00f3n ISO 45001? La respuesta a esta pregunta depende del tipo de certificado que desee obtener. Las organizaciones pueden obtener el certificado de Sistema de Gesti\u00f3n de Seguridad y Salud en el Trabajo por los organismos de certificaci\u00f3n, mientras que los particulares pueden obtener la certificaci\u00f3n, por ejemplo, como auditores internos y principales de la norma ISO 45001. Esta secci\u00f3n proporciona informaci\u00f3n sobre los pasos hacia la certificaci\u00f3n ISO 45001 para las organizaciones.<\/p>\n<p>Para obtener la certificaci\u00f3n, la organizaci\u00f3n necesita implementar un Sistema de Gesti\u00f3n de Seguridad y Salud en el Trabajo que cumpla con los requisitos de la norma ISO 45001. Una vez que el sistema est\u00e1 en funcionamiento, la organizaci\u00f3n puede contratar un organismo de certificaci\u00f3n para realizar la auditor\u00eda de certificaci\u00f3n y as\u00ed determinar si la organizaci\u00f3n cumple la norma. Despu\u00e9s de una auditor\u00eda exitosa, deben proporcionar el certificado que acredite el cumplimiento de la organizaci\u00f3n con los requisitos de la norma.<\/p>\n<p>La implementaci\u00f3n de la norma ISO 45001 es una tarea compleja y el primer paso es obtener el soporte directivo para tal esfuerzo. Con la alta direcci\u00f3n a bordo, puede comenzar a identificar los requisitos legales con respecto a la salud y la seguridad en el trabajo, definir el alcance de la pol\u00edtica y los objetivos del OHSMS y SST, identificar los riesgos y oportunidades y los peligros de la SST y definir los controles operativos. Hay varios procesos obligatorios que deben incluirse y otros que deben agregarse si la organizaci\u00f3n los considera necesarios.<\/p>\n<p>Para garantizar la consistencia de su OHSMS, deber\u00e1 documentar muchos procedimientos y pol\u00edticas que comuniquen a los empleados lo que espera de ellos con respecto al OHSMS. Los documentos se pueden crear internamente, o puede buscar ayuda externa en forma de plantillas de documentaci\u00f3n o consultor\u00eda. Para ver ejemplos de documentaci\u00f3n, visite esta p\u00e1gina <a href=\"https:\/\/staging.advisera.com\/45001academy\/free-downloads\/\">descargas gratuitas de ISO 45001<\/a>.<\/p>\n<p>Despu\u00e9s de que la organizaci\u00f3n establezca los procesos y la informaci\u00f3n documentada necesaria, el sistema deber\u00e1 funcionar durante alg\u00fan tiempo para determinar si est\u00e1 establecido correctamente y si son necesarios algunos cambios. Al trabajar con el OHSMS, la organizaci\u00f3n producir\u00e1 registros que demostrar\u00e1n que las actividades se llevan a cabo seg\u00fan lo planeado. Estos registros son necesarios para auditar y revisar su sistema y obtener la certificaci\u00f3n.<\/p>\n<h2 id=\"implementation\"><strong>Pasos obligatorios para finalizar la implementaci\u00f3n y obtener la certificaci\u00f3n para su empresa<\/strong><\/h2>\n<p>Documentar e implementar el OHSMS no es suficiente para obtener la certificaci\u00f3n. Tambi\u00e9n debe asegurarse de que sea efectivo y que cumpla con la norma. Los siguientes pasos tienen por objeto garantizarlo y preparar a su organizaci\u00f3n para la auditor\u00eda de certificaci\u00f3n:<\/p>\n<ol>\n<li><strong>Auditor\u00eda interna<\/strong> \u2013\u00a0El objetivo de la auditor\u00eda interna es determinar el nivel de cumplimiento de su OHSMS con los requisitos de la norma. Durante la auditor\u00eda, los auditores internos revisar\u00e1n los documentos, registros y procesos para identificar debilidades y proporcionar informaci\u00f3n sobre las no conformidades.<\/li>\n<li><strong>Revisi\u00f3n de la direcci\u00f3n<\/strong> \u2013 Esta es la revisi\u00f3n final de la efectividad de su OHSMS, la alta direcci\u00f3n debe revisar la informaci\u00f3n sobre el desempe\u00f1o del OHSMS, los resultados de las auditor\u00edas internas, el logro de los objetivos y los cambios en el contexto de la organizaci\u00f3n. Toda esta informaci\u00f3n permitir\u00e1 a la alta gerencia tomar decisiones sobre c\u00f3mo mejorar el OHSMS existente.<\/li>\n<li><strong>Acciones correctivas<\/strong> \u2013 Tanto la auditor\u00eda interna como la revisi\u00f3n de la direcci\u00f3n le aportan informaci\u00f3n sobre lo que debe modificarse, corregirse y mejorarse. Estas acciones correctivas son la mejor herramienta para tratar las no conformidades. Se toman medidas correctivas para lograr el pleno cumplimiento de la norma.<\/li>\n<\/ol>\n<p>El proceso de certificaci\u00f3n de la empresa se divide en dos etapas:<\/p>\n<p><strong>Etapa Uno (revisi\u00f3n de la documentaci\u00f3n)<\/strong>. Esta es la fase inicial de la auditor\u00eda; los auditores de certificaci\u00f3n revisar\u00e1n los documentos del OHSMS para familiarizarse con su organizaci\u00f3n y sus procesos antes de la auditor\u00eda principal y para garantizar que sus documentos cumplan con los requisitos de la norma ISO 45001.<\/p>\n<p><strong>Etapa dos (auditor\u00eda principal)<\/strong>. La auditor\u00eda principal es la parte m\u00e1s importante de la auditor\u00eda de certificaci\u00f3n. Durante esta fase, los auditores de certificaci\u00f3n har\u00e1n entrevistas con la alta direcci\u00f3n y los empleados y observar\u00e1n sus procesos. Su objetivo es determinar el cumplimiento de su OHSMS no solo con los requisitos de la norma, sino tambi\u00e9n con el contenido de sus documentos examinados durante la primera etapa.<\/p>\n<h2 id=\"training\">\u00bfQu\u00e9 formaci\u00f3n y certificaci\u00f3n de la norma ISO 45001 est\u00e1 disponible para particulares?<\/h2>\n<p><strong>Curso de Auditor L\u00edder de la norma ISO 45001<\/strong>. Este es el curso m\u00e1s exigente. Son cuatro o cinco d\u00edas de formaci\u00f3n y le proporciona el conocimiento y comprensi\u00f3n de los requisitos de la norma ISO 45001, as\u00ed como las t\u00e9cnicas de auditor\u00eda, los registros de muestreo y la obtenci\u00f3n de evidencia durante la auditor\u00eda. Si el curso est\u00e1 acreditado, le permite realizar auditor\u00edas de certificaci\u00f3n en nombre del organismo de certificaci\u00f3n.<\/p>\n<p><strong>Curso de auditor interno de la norma ISO 45001<\/strong>. Este curso son dos o tres d\u00edas de formaci\u00f3n. A diferencia del curso Auditor L\u00edder, no incluye una prueba de competencia y es el m\u00e1s apropiado para las personas que desean realizar auditor\u00edas internas dentro de sus propias organizaciones.<\/p>\n<p><strong>Curso de Concienciaci\u00f3n e Implementaci\u00f3n de la norma ISO 45001<\/strong>. Hay varios cursos que proporcionan conocimiento de la norma ISO 45001 y sobre c\u00f3mo implementarla. Este tipo de cursos puede variar en la duraci\u00f3n y cantidad de informaci\u00f3n proporcionada. Pueden durar de uno a cinco d\u00edas e incluyen diversos materiales de aprendizaje, como sesiones de aprendizaje electr\u00f3nico. Estos cursos son los m\u00e1s beneficiosos para las personas que desean obtener una visi\u00f3n general de la norma ISO 45001, o para aquellos que estar\u00e1n involucrados en la implementaci\u00f3n o mantenimiento del OHSMS dentro de una organizaci\u00f3n. Puede ser m\u00e1s rentable que invertir en el curso de auditor l\u00edder para aquellos que est\u00e1n involucrados en este nivel. Hay una serie de organizaciones de formaci\u00f3n acreditadas en todo el mundo donde puede obtener calificaciones individuales de la norma ISO 45001.<\/p>\n<p><em>Para obtener m\u00e1s informaci\u00f3n sobre la implementaci\u00f3n de la norma ISO 45001, visite nuestra p\u00e1gina <a title=\"Descarga gratuita de la norma ISO 45001\" href=\"\/45001academy\/free-downloads\/\">Descarga gratuita de la norma ISO 45001<\/a>. Encontrar\u00e1 una gran cantidad de recursos \u00fatiles.<\/em><\/p>\n\n\n            \n        <\/div>\n    <\/div>\n<\/div>\n<\/section>\n<\/div><\/div><\/div><\/div><\/div>","protected":false},"excerpt":{"rendered":"<p>ISO 45001: \u00bfQu\u00e9 es, c\u00f3mo funciona y por qu\u00e9 utilizarla? PLANTILLAS PARA ISO 45001 CURSOS DE ISO 45001 MATERIALES GRATIS TABLA DE CONTENIDO Introducci\u00f3n \u00bfQu\u00e9 es el OHSMS? Importancia de la norma ISO 45001 Estructura de la norma ISO 45001 Beneficios de la norma ISO 45001 Obtener la certificaci\u00f3n Pasos obligatorios Formaci\u00f3n para particulares \u201c\u00bfQu\u00e9 &#8230;<\/p>\n","protected":false},"author":27,"featured_media":8036,"parent":0,"menu_order":0,"comment_status":"open","ping_status":"closed","template":"page-what-is-iso.php","meta":{"_acf_changed":false,"footnotes":""},"toolkit-document-types":[],"class_list":["post-6160","page","type-page","status-publish","has-post-thumbnail","hentry"],"acf":[],"_links":{"self":[{"href":"https:\/\/staging.advisera.com\/45001academy\/es\/wp-json\/wp\/v2\/pages\/6160","targetHints":{"allow":["GET"]}}],"collection":[{"href":"https:\/\/staging.advisera.com\/45001academy\/es\/wp-json\/wp\/v2\/pages"}],"about":[{"href":"https:\/\/staging.advisera.com\/45001academy\/es\/wp-json\/wp\/v2\/types\/page"}],"author":[{"embeddable":true,"href":"https:\/\/staging.advisera.com\/45001academy\/es\/wp-json\/wp\/v2\/users\/27"}],"replies":[{"embeddable":true,"href":"https:\/\/staging.advisera.com\/45001academy\/es\/wp-json\/wp\/v2\/comments?post=6160"}],"version-history":[{"count":0,"href":"https:\/\/staging.advisera.com\/45001academy\/es\/wp-json\/wp\/v2\/pages\/6160\/revisions"}],"wp:featuredmedia":[{"embeddable":true,"href":"https:\/\/staging.advisera.com\/45001academy\/es\/wp-json\/wp\/v2\/media\/8036"}],"wp:attachment":[{"href":"https:\/\/staging.advisera.com\/45001academy\/es\/wp-json\/wp\/v2\/media?parent=6160"}],"wp:term":[{"taxonomy":"toolkit-document-types","embeddable":true,"href":"https:\/\/staging.advisera.com\/45001academy\/es\/wp-json\/wp\/v2\/toolkit-document-types?post=6160"}],"curies":[{"name":"wp","href":"https:\/\/api.w.org\/{rel}","templated":true}]}}