{"id":4284,"date":"2015-06-18T14:17:28","date_gmt":"2015-06-18T14:17:28","guid":{"rendered":"https:\/\/multiacademstg.wpengine.com\/27001academy\/what-is-iso-22301-2\/"},"modified":"2023-01-17T12:43:56","modified_gmt":"2023-01-17T12:43:56","slug":"o-que-e-a-iso-22301","status":"publish","type":"page","link":"https:\/\/staging.advisera.com\/27001academy\/pt-br\/o-que-e-a-iso-22301\/","title":{"rendered":"O que \u00e9 a ISO 22301?"},"content":{"rendered":"<div id=\"pl-4284\"  class=\"panel-layout\" ><div id=\"pg-4284-0\"  class=\"panel-grid panel-no-style\" ><div id=\"pgc-4284-0-0\"  class=\"panel-grid-cell\" ><div id=\"panel-4284-0-0-0\" class=\"so-panel widget widget_hero-with-buttons-widget panel-first-child\" data-index=\"0\" ><div\n\t\t\t\n\t\t\tclass=\"so-widget-hero-with-buttons-widget so-widget-hero-with-buttons-widget-default-d75171398898-4284\"\n\t\t\t\n\t\t><section class=\"iso-hero sans\" style=\"background: #03284d;\">\n    <div class=\"container\">\n        <h1 class=\"iso-hero_title  \">\n            Fundamentos da ISO 22301\n        <\/h1>\n        <p class=\"iso-hero_subtitle \">\n                \n        <\/p>\n        <div class=\"iso-hero_buttons\">\n                            <div class=\"iso-hero_button\">\n                    <div class=\"button-image\">\n                        <img decoding=\"async\" width=\"64\" height=\"64\" src=\"\/wp-content\/uploads\/sites\/5\/2021\/10\/what-is-ISO-22301-Templates-button.png\" class=\"attachment-full size-full\" alt=\"-\">\n                    <\/div>\n                    <div class=\"button-content\">\n                        <span>MODELOS ISO 22301 <\/span>\n                    <\/div>\n                    <a href=\"https:\/\/staging.advisera.com\/27001academy\/pt-br\/kit-de-ferramentas-da-documentacao-da-iso-27001\/\"><\/a>\n                <\/div>\n                            <div class=\"iso-hero_button\">\n                    <div class=\"button-image\">\n                        <img decoding=\"async\" width=\"67\" height=\"67\" src=\"\/wp-content\/uploads\/sites\/5\/2021\/10\/what-is-ISO-22301-Courses-button.png\" class=\"attachment-full size-full\" alt=\"-\">\n                    <\/div>\n                    <div class=\"button-content\">\n                        <span>CURSOS ISO 27001<\/span>\n                    <\/div>\n                    <a href=\"https:\/\/staging.advisera.com\/training\/iso-27001-training\/\"><\/a>\n                <\/div>\n                            <div class=\"iso-hero_button\">\n                    <div class=\"button-image\">\n                        <img decoding=\"async\" width=\"67\" height=\"67\" src=\"\/wp-content\/uploads\/sites\/5\/2021\/10\/what-is-ISO-22301-Free-Materials-button.png\" class=\"attachment-full size-full\" alt=\"-\">\n                    <\/div>\n                    <div class=\"button-content\">\n                        <span>MATERIAIS GRATUITOS<\/span>\n                    <\/div>\n                    <a href=\"https:\/\/staging.advisera.com\/27001academy\/pt-br\/downloads-gratuitos\/\"><\/a>\n                <\/div>\n                    <\/div>\n    <\/div>\n<\/section><\/div><\/div><div id=\"panel-4284-0-0-1\" class=\"so-panel widget widget_content-with-sidebar-widget panel-last-child\" data-index=\"1\" ><div\n\t\t\t\n\t\t\tclass=\"so-widget-content-with-sidebar-widget so-widget-content-with-sidebar-widget-default-d75171398898-4284\"\n\t\t\t\n\t\t><section class=\"content-with-sidebar\">\n<div class=\"container\">\n\n    <div class=\"sidebar-area\">\n        <div class=\"sidebar-bg\"><\/div>\n        <div class=\"sidebar-wrapper\">\n            <div class=\"sidebar\">\n\n                \n                <h2 class=\"sidebar-title\">\n                    SUM\u00c1RIO\n                <\/h2>\n\n                                    <div class=\"sidebar-item no-collapse\">\n                        <div class=\"sidebar-item-links\">\n                            <a class=\"scrollToAnchor\" href=\"#section1\">Fundamentos da ISO 22301<\/a>\n<a class=\"scrollToAnchor\" href=\"#section2\">Termos b\u00e1sicos<\/a>\n<a class=\"scrollToAnchor\" href=\"#section3\">Conte\u00fado da ISO 22301<\/a>\n<a class=\"scrollToAnchor\" href=\"#section4\">Documenta\u00e7\u00e3o obrigat\u00f3ria<\/a>\n<a class=\"scrollToAnchor\" href=\"#section5\">Normas relacionadas<\/a>\n                        <\/div>\n                    <\/div>\n\n                            <\/div>\n        <\/div>\n    <\/div>\n    <div class=\"content-area\">\n        <div class=\"what-is-groups\">\n\n            \n            <h2 id=\"section1\"><strong>O que \u00e9 a ISO 22301?<\/strong><\/h2>\n<p>O nome completo deste padr\u00e3o \u00e9 ISO 22301:2012 Seguran\u00e7a social \u2013 Sistemas de gest\u00e3o da continuidade de neg\u00f3cios \u2013 Requisitos. Este padr\u00e3o \u00e9 escrito pelos maiores especialistas em continuidade de neg\u00f3cios e oferece a melhor estrutura para a gest\u00e3o da continuidade de neg\u00f3cios em uma organiza\u00e7\u00e3o.<\/p>\n<p>Um dos recursos que diferenciam este padr\u00e3o em compara\u00e7\u00e3o a outras estruturas\/padr\u00f5es de continuidade de neg\u00f3cios \u00e9 o fato de que uma organiza\u00e7\u00e3o pode obter a certifica\u00e7\u00e3o por meio de um corpo de certifica\u00e7\u00e3o reconhecido, e assim ser capaz de comprovar a conformidade aos seus clientes, parceiros, propriet\u00e1rios e outros stakeholders.<\/p>\n<h2>Rela\u00e7\u00e3o com a BS 25999-2<\/h2>\n<p>A ISO 22301 substituiu a 25999-2 \u2013 estes dois padr\u00f5es s\u00e3o muito similares, mas a ISO 22301 pode ser considerada como uma atualiza\u00e7\u00e3o da BS 25999-2. Para conhecer as diferen\u00e7as entre estes dois padr\u00f5es, consulte o\u00a0<a title=\"ISO 22301 vs. BS 25999-2 \u2013 Um infogr\u00e1fico\" href=\"https:\/\/staging.advisera.com\/27001academy\/pt-br\/blog\/2012\/05\/22\/iso-22301-vs-bs-25999-2-um-infografico\/\" target=\"_blank\" rel=\"noopener\">infogr\u00e1fico ISO 22301 vs. BS 25999-2<\/a>.<\/p>\n<h2>Quais s\u00e3o os benef\u00edcios da continuidade de neg\u00f3cios?<\/h2>\n<p>Quando implementada corretamente, a gest\u00e3o de continuidade de neg\u00f3cios ir\u00e1 reduzir a probabilidade de incidentes disruptivos, e se algum chegar a ocorrer, a organiza\u00e7\u00e3o estar\u00e1 pronta para responder de forma apropriada, reduzindo drasticamente o dano em potencial de tal incidente.<\/p>\n<h2>Quem pode implementar este padr\u00e3o?<\/h2>\n<p>Qualquer organiza\u00e7\u00e3o \u2013 grande ou pequena, com ou sem fins lucrativos, p\u00fablicas ou privadas. O padr\u00e3o foi concebido de tal forma que \u00e9 aplic\u00e1vel em qualquer tamanho ou tipo de organiza\u00e7\u00e3o.<\/p>\n<h2>Como a continuidade de neg\u00f3cios se encaixa na gest\u00e3o global?<\/h2>\n<p>A continuidade de neg\u00f3cios faz parte da gest\u00e3o de risco global em uma empresa, com \u00e1reas que se sobrep\u00f5e \u00e0 gest\u00e3o de seguran\u00e7a e de TI.<\/p>\n<p style=\"text-align: center;\"><img decoding=\"async\" class=\"aligncenter wp-image-4308 size-medium\" src=\"\/wp-content\/uploads\/\/sites\/5\/2016\/10\/iso-22301-pt-br.png\" alt=\"-\" width=\"300\" height=\"300\"><\/p>\n<p style=\"text-align: center;\">Nota: A gest\u00e3o de risco faz parte da gest\u00e3o corporativa geral.<\/p>\n<h2 id=\"section2\"><strong>Termos b\u00e1sicos usados em um padr\u00e3o<\/strong><\/h2>\n<ul>\n<li>Sistema de gest\u00e3o da continuidade de neg\u00f3cios (BCMS) \u2013 parte do sistema de gest\u00e3o global que cuida de como a continuidade de neg\u00f3cios \u00e9 planejada, implementada, mantida e aprimorada continuamente<\/li>\n<li>M\u00e1xima interrup\u00e7\u00e3o aceit\u00e1vel (MAO) \u2013 quantidade de tempo m\u00e1xima em que uma atividade pode ser interrompida sem incorrer em danos inaceit\u00e1veis (Per\u00edodo de disrup\u00e7\u00e3o m\u00e1ximo tolerado \u2013 MTPD)<\/li>\n<li>Objetivo de tempo de recupera\u00e7\u00e3o (RTO) \u2013 tempo pr\u00e9-determinado em que uma atividade deve ser retomada, ou recursos devem ser recuperados<\/li>\n<li>Objetivo de ponto de recupera\u00e7\u00e3o (RPO) \u2013 perda de dados m\u00e1xima, por exemplo, a quantidade m\u00ednima de dados que precisa ser restaurada<\/li>\n<li>Objetivo de continuidade de neg\u00f3cios m\u00ednimo (MBCO) \u2013 n\u00edvel m\u00ednimo de servi\u00e7os ou produtos que uma organiza\u00e7\u00e3o precisa produzir ap\u00f3s retomar as suas opera\u00e7\u00f5es de neg\u00f3cios<\/li>\n<\/ul>\n<h2 id=\"section3\"><strong>Conte\u00fado da ISO 22301<\/strong><\/h2>\n<p>O padr\u00e3o inclui estas se\u00e7\u00f5es:<\/p>\n<p>Introdu\u00e7\u00e3o<\/p>\n<p>0.1 Geral<\/p>\n<p>0.2 O modelo Planeje-Fa\u00e7a-Verifique-Aja (PDCA)<\/p>\n<p>0.3 Componentes do PDCA neste padr\u00e3o internacional<\/p>\n<p>1 Escopo<\/p>\n<p>2 Refer\u00eancias normativas<\/p>\n<p>3 Termos e defini\u00e7\u00f5es<\/p>\n<p>4 Contexto da organiza\u00e7\u00e3o<\/p>\n<p>4.1 Compreendendo a organiza\u00e7\u00e3o e seu contexto<\/p>\n<p>4.2 Compreendendo as necessidades e expectativas das partes interessadas<\/p>\n<p>4.3 Determinado o escopo do sistema de gest\u00e3o<\/p>\n<p>4.4 Sistema de gest\u00e3o da continuidade de neg\u00f3cios<\/p>\n<p>5 Lideran\u00e7a<\/p>\n<p>5.1 Geral<\/p>\n<p>5.2 Gest\u00e3o de compromisso<\/p>\n<p>5.3 Pol\u00edtica<\/p>\n<p>5.4 Pap\u00e9is organizacionais, responsabilidades e autoridades<\/p>\n<p>6 Planejamento<\/p>\n<p>6.1 A\u00e7\u00f5es para abordar riscos e oportunidades<\/p>\n<p>6.2 Objetivos da continuidade de neg\u00f3cios e planos para alcan\u00e7\u00e1-los<\/p>\n<p>7 Suporte<\/p>\n<p>7.1 Recursos<\/p>\n<p>7.2 Compet\u00eancia<\/p>\n<p>7.3 Conscientiza\u00e7\u00e3o<\/p>\n<p>7.4 Comunica\u00e7\u00e3o<\/p>\n<p>7.5 Informa\u00e7\u00f5es documentadas<\/p>\n<p>8 Opera\u00e7\u00e3o<\/p>\n<p>8.1 Planejamento e controle operacional<\/p>\n<p>8.2 An\u00e1lise de impacto nos neg\u00f3cios e avalia\u00e7\u00e3o de riscos<\/p>\n<p>8.3 Estrat\u00e9gia de continuidade de neg\u00f3cios<\/p>\n<p>8.4 Estabelecer e implementar procedimentos de continuidade de neg\u00f3cios<\/p>\n<p>8.5 Exerc\u00edcios e testes<\/p>\n<p>9 Avalia\u00e7\u00e3o de desempenho<\/p>\n<p>9.1 Monitoramento, medida, an\u00e1lise e avalia\u00e7\u00e3o<\/p>\n<p>9.2 Auditoria interna<\/p>\n<p>9.3 An\u00e1lise cr\u00edtica da gest\u00e3o<\/p>\n<p>10 Melhoria<\/p>\n<p>10.1 N\u00e3o-conformidade e a\u00e7\u00e3o corretiva<\/p>\n<p>10.2 Melhoria cont\u00ednua<\/p>\n<p>Bibliografia<\/p>\n<h2 id=\"section4\"><strong>Documenta\u00e7\u00e3o obrigat\u00f3ria<\/strong><\/h2>\n<p>Se uma organiza\u00e7\u00e3o deseja implementar este padr\u00e3o, os seguintes\u00a0<a href=\"\/27001academy\/pt-br\/kit-de-ferramentas-da-documentacao-da-iso-22301\/\">documentos<\/a>\u00a0s\u00e3o obrigat\u00f3rios:<\/p>\n<ul>\n<li>Lista de requisitos legais, regulamentares e outros<\/li>\n<li>Escopo do BCMS<\/li>\n<li>Pol\u00edtica de continuidade de neg\u00f3cios<\/li>\n<li>Objetivos da continuidade de neg\u00f3cios<\/li>\n<li>Evid\u00eancia de compet\u00eancias pessoais<\/li>\n<li>Registros de comunica\u00e7\u00e3o com as partes interessadas<\/li>\n<li>An\u00e1lise de impacto nos neg\u00f3cios<\/li>\n<li>Avalia\u00e7\u00e3o de riscos, incluindo tratamento de riscos<\/li>\n<li>Estrutura de resposta a incidentes<\/li>\n<li>Planos de continuidade de neg\u00f3cios<\/li>\n<li>Procedimentos de recupera\u00e7\u00e3o<\/li>\n<li>Resultados de a\u00e7\u00f5es preventivas<\/li>\n<li>Resultados de monitoramento e medida<\/li>\n<li>Resultados de auditoria interna<\/li>\n<li>Resultados de revis\u00e3o de gest\u00e3o<\/li>\n<li>Resultados de a\u00e7\u00f5es corretivas<\/li>\n<\/ul>\n<p>Clique aqui para ver <a title=\"Downloads gratuitos\" href=\"\/27001academy\/pt-br\/downloads-gratuitos\/\">explica\u00e7\u00e3o detalhada de cada um dos documentos obrigat\u00f3rios<\/a>.<\/p>\n<h2 id=\"section5\"><strong>Normas relacionadas<\/strong><\/h2>\n<p>Outros padr\u00e3o s\u00e3o \u00fateis em uma implementa\u00e7\u00e3o de continuidade de neg\u00f3cios:<\/p>\n<ul>\n<li>ISO\/IEC 27031:2011 \u2013 Diretrizes de adequa\u00e7\u00e3o \u00e0 tecnologia da informa\u00e7\u00f5es e comunica\u00e7\u00e3o para a continuidade de neg\u00f3cios<\/li>\n<li>PAS 200 \u2013 Gerenciamento de crises \u2013 Orienta\u00e7\u00e3o e melhores pr\u00e1ticas<\/li>\n<li>PD 25666 \u2013 Orienta\u00e7\u00e3o em exerc\u00edcios e testes para programas de continuidade e conting\u00eancia<\/li>\n<li>PD 25111 \u2013 Orienta\u00e7\u00e3o sobre os aspectos humanos da continuidade de neg\u00f3cios<\/li>\n<li>ISO\/IEC 24762 \u2013 Diretrizes para servi\u00e7os de recupera\u00e7\u00e3o de desastres para tecnologia da informa\u00e7\u00e3o e comunica\u00e7\u00e3o<\/li>\n<li>ISO\/PAS 22399 \u2013 Diretrizes para adequa\u00e7\u00e3o a incidentes e gest\u00e3o de continuidade operacional<\/li>\n<li><a title=\"O que \u00e9 a ISO 27001?\" href=\"\/27001academy\/pt-br\/o-que-e-a-iso-27001\/\">ISO\/IEC 27001<\/a>\u00a0\u2013 Sistemas de gest\u00e3o de seguran\u00e7a da informa\u00e7\u00e3o \u2013 Requisitos<\/li>\n<\/ul>\n<p><strong>Para saber mais sobre a implementa\u00e7\u00e3o da ISO 22301, por favor, visite nossa p\u00e1gina <a title=\"ISO 22301 Download gratuito\" href=\"\/27001academy\/pt-br\/downloads-gratuitos\/\">ISO 22301 Download gratuito<\/a>. Voc\u00ea encontrar\u00e1 v\u00e1rios recursos \u00fateis.<\/strong><\/p>\n\n\n            \n        <\/div>\n    <\/div>\n<\/div>\n<\/section>\n<\/div><\/div><\/div><\/div><\/div>","protected":false},"excerpt":{"rendered":"<p>Fundamentos da ISO 22301 MODELOS ISO 22301 CURSOS ISO 27001 MATERIAIS GRATUITOS SUM\u00c1RIO Fundamentos da ISO 22301 Termos b\u00e1sicos Conte\u00fado da ISO 22301 Documenta\u00e7\u00e3o obrigat\u00f3ria Normas relacionadas O que \u00e9 a ISO 22301? O nome completo deste padr\u00e3o \u00e9 ISO 22301:2012 Seguran\u00e7a social \u2013 Sistemas de gest\u00e3o da continuidade de neg\u00f3cios \u2013 Requisitos. Este padr\u00e3o &#8230;<\/p>\n","protected":false},"author":6,"featured_media":83941,"parent":0,"menu_order":31,"comment_status":"open","ping_status":"open","template":"page-what-is-iso.php","meta":{"_acf_changed":false,"footnotes":""},"toolkit-document-types":[],"class_list":["post-4284","page","type-page","status-publish","has-post-thumbnail","hentry"],"acf":[],"_links":{"self":[{"href":"https:\/\/staging.advisera.com\/27001academy\/pt-br\/wp-json\/wp\/v2\/pages\/4284","targetHints":{"allow":["GET"]}}],"collection":[{"href":"https:\/\/staging.advisera.com\/27001academy\/pt-br\/wp-json\/wp\/v2\/pages"}],"about":[{"href":"https:\/\/staging.advisera.com\/27001academy\/pt-br\/wp-json\/wp\/v2\/types\/page"}],"author":[{"embeddable":true,"href":"https:\/\/staging.advisera.com\/27001academy\/pt-br\/wp-json\/wp\/v2\/users\/6"}],"replies":[{"embeddable":true,"href":"https:\/\/staging.advisera.com\/27001academy\/pt-br\/wp-json\/wp\/v2\/comments?post=4284"}],"version-history":[{"count":0,"href":"https:\/\/staging.advisera.com\/27001academy\/pt-br\/wp-json\/wp\/v2\/pages\/4284\/revisions"}],"wp:featuredmedia":[{"embeddable":true,"href":"https:\/\/staging.advisera.com\/27001academy\/pt-br\/wp-json\/wp\/v2\/media\/83941"}],"wp:attachment":[{"href":"https:\/\/staging.advisera.com\/27001academy\/pt-br\/wp-json\/wp\/v2\/media?parent=4284"}],"wp:term":[{"taxonomy":"toolkit-document-types","embeddable":true,"href":"https:\/\/staging.advisera.com\/27001academy\/pt-br\/wp-json\/wp\/v2\/toolkit-document-types?post=4284"}],"curies":[{"name":"wp","href":"https:\/\/api.w.org\/{rel}","templated":true}]}}