{"id":4282,"date":"2015-06-18T14:17:28","date_gmt":"2015-06-18T14:17:28","guid":{"rendered":"https:\/\/multiacademstg.wpengine.com\/27001academy\/what-is-iso-22301-2\/"},"modified":"2022-12-28T12:06:52","modified_gmt":"2022-12-28T12:06:52","slug":"que-es-iso-22301","status":"publish","type":"page","link":"https:\/\/staging.advisera.com\/27001academy\/es\/que-es-iso-22301\/","title":{"rendered":"\u00bfQu\u00e9 es ISO 22301?"},"content":{"rendered":"<div id=\"pl-4282\"  class=\"panel-layout\" ><div id=\"pg-4282-0\"  class=\"panel-grid panel-no-style\" ><div id=\"pgc-4282-0-0\"  class=\"panel-grid-cell\" ><div id=\"panel-4282-0-0-0\" class=\"so-panel widget widget_hero-with-buttons-widget panel-first-child\" data-index=\"0\" ><div\n\t\t\t\n\t\t\tclass=\"so-widget-hero-with-buttons-widget so-widget-hero-with-buttons-widget-default-d75171398898-4282\"\n\t\t\t\n\t\t><section class=\"iso-hero sans\" style=\"background: #03284d;\">\n    <div class=\"container\">\n        <h1 class=\"iso-hero_title  \">\n            Conceptos b\u00e1sicos sobre ISO 22301\n        <\/h1>\n        <p class=\"iso-hero_subtitle \">\n                \n        <\/p>\n        <div class=\"iso-hero_buttons\">\n                            <div class=\"iso-hero_button\">\n                    <div class=\"button-image\">\n                        <img decoding=\"async\" width=\"64\" height=\"64\" src=\"\/wp-content\/uploads\/sites\/5\/2021\/10\/what-is-ISO-22301-Templates-button.png\" class=\"attachment-full size-full\" alt=\"-\">\n                    <\/div>\n                    <div class=\"button-content\">\n                        <span>PLANTILLAS PARA ISO 22301<\/span>\n                    <\/div>\n                    <a href=\"https:\/\/staging.advisera.com\/27001academy\/es\/paquete-de-documentos-sobre-iso-22301\/\"><\/a>\n                <\/div>\n                            <div class=\"iso-hero_button\">\n                    <div class=\"button-image\">\n                        <img decoding=\"async\" width=\"67\" height=\"67\" src=\"\/wp-content\/uploads\/sites\/5\/2021\/10\/what-is-ISO-22301-Courses-button.png\" class=\"attachment-full size-full\" alt=\"-\">\n                    <\/div>\n                    <div class=\"button-content\">\n                        <span>CURSOS DE ISO 27001<\/span>\n                    <\/div>\n                    <a href=\"https:\/\/staging.advisera.com\/training\/iso-27001-training\/\"><\/a>\n                <\/div>\n                            <div class=\"iso-hero_button\">\n                    <div class=\"button-image\">\n                        <img decoding=\"async\" width=\"67\" height=\"67\" src=\"\/wp-content\/uploads\/sites\/5\/2021\/10\/what-is-ISO-22301-Free-Materials-button.png\" class=\"attachment-full size-full\" alt=\"-\">\n                    <\/div>\n                    <div class=\"button-content\">\n                        <span>MATERIALES GRATIS<\/span>\n                    <\/div>\n                    <a href=\"https:\/\/staging.advisera.com\/27001academy\/es\/descargas-gratuitas\/\"><\/a>\n                <\/div>\n                    <\/div>\n    <\/div>\n<\/section><\/div><\/div><div id=\"panel-4282-0-0-1\" class=\"so-panel widget widget_content-with-sidebar-widget panel-last-child\" data-index=\"1\" ><div\n\t\t\t\n\t\t\tclass=\"so-widget-content-with-sidebar-widget so-widget-content-with-sidebar-widget-default-d75171398898-4282\"\n\t\t\t\n\t\t><section class=\"content-with-sidebar\">\n<div class=\"container\">\n\n    <div class=\"sidebar-area\">\n        <div class=\"sidebar-bg\"><\/div>\n        <div class=\"sidebar-wrapper\">\n            <div class=\"sidebar\">\n\n                \n                <h2 class=\"sidebar-title\">\n                    TABLA DE CONTENIDO\n                <\/h2>\n\n                                    <div class=\"sidebar-item no-collapse\">\n                        <div class=\"sidebar-item-links\">\n                            <a class=\"scrollToAnchor\" href=\"#section1\">Conceptos b\u00e1sicos sobre ISO 22301<\/a>\n<a class=\"scrollToAnchor\" href=\"#section2\">T\u00e9rminos b\u00e1sicos utilizados en la norma<\/a>\n<a class=\"scrollToAnchor\" href=\"#section3\">Contenido de ISO 22301<\/a>\n<a class=\"scrollToAnchor\" href=\"#section4\">Documentaci\u00f3n obligatoria<\/a>\n<a class=\"scrollToAnchor\" href=\"#section5\">Normas relacionadas<\/a>\n                        <\/div>\n                    <\/div>\n\n                            <\/div>\n        <\/div>\n    <\/div>\n    <div class=\"content-area\">\n        <div class=\"what-is-groups\">\n\n            \n            <h2 id=\"section1\"><strong>\u00bfQu\u00e9 es ISO 22301?<\/strong><\/h2>\n<p>El nombre completo de esta norma es ISO 22301:2012 Seguridad de la sociedad \u2013 Sistemas de gesti\u00f3n de la continuidad del negocio \u2013 Requisitos. Esta norma fue redactada por los principales especialistas en el tema y proporciona el mejor marco de referencia para gestionar la continuidad del negocio en una organizaci\u00f3n.<\/p>\n<h2>Relaci\u00f3n con BS 25999-2<\/h2>\n<p>La ISO 22301 ha reemplazado a la 25999-2. Estas dos normas son bastante similares, pero la ISO 22301 puede ser considerada como una actualizaci\u00f3n de la BS 25999-2. Para conocer las diferencias entre ambas, por favor, consulte la<a title=\"ISO 22301 vs. BS 25999-2 \u2013 Infograf\u00eda\" href=\"\/27001academy\/es\/blog\/2012\/05\/22\/iso-22301-vs-bs-25999-2-infografia\/\"> infograf\u00eda ISO 22301 vs. BS 25999-2<\/a>.<\/p>\n<h2>\u00bfCu\u00e1les son los beneficios de la continuidad del negocio?<\/h2>\n<p>Si se implementa correctamente, la gesti\u00f3n de la continuidad del negocio disminuir\u00e1 la posibilidad de ocurrencia de un incidente disruptivo y, en caso de producirse, la organizaci\u00f3n estar\u00e1 preparada para responder en forma adecuada y, de esa forma, reducir dr\u00e1sticamente el da\u00f1o potencial de ese incidente.<br \/>\n<div id=\"middle-banner\" class=\"banner-shortcode\"><\/div><script>loadMiddleBanner();<\/script><br \/>\n<div id=\"side-banner-trigger\" class=\"banner-shortcode\"><\/div><\/p>\n<h2>\u00bfQui\u00e9n puede implementar esta norma?<\/h2>\n<p>Cualquier organizaci\u00f3n, grande o peque\u00f1a, con o sin fines de lucro, privada o p\u00fablica. La norma est\u00e1 concebida de tal forma que es aplicable a cualquier tama\u00f1o o tipo de organizaci\u00f3n.<\/p>\n<h2>\u00bfC\u00f3mo encaja la continuidad del negocio en la gesti\u00f3n general?<\/h2>\n<p>La continuidad del negocio es parte de la gesti\u00f3n general del riesgo en una compa\u00f1\u00eda y tiene \u00e1reas superpuestas con la gesti\u00f3n de seguridad y tecnolog\u00eda de la informaci\u00f3n.<\/p>\n<p style=\"text-align: center;\"><img decoding=\"async\" class=\"aligncenter wp-image-5140 size-medium\" src=\"https:\/\/staging.advisera.com\/wp-content\/uploads\/sites\/5\/2015\/06\/slika-es-300x300.png\" alt=\"-\" width=\"300\" height=\"300\" srcset=\"\/wp-content\/uploads\/sites\/5\/2015\/06\/slika-es-300x300.png 300w, \/wp-content\/uploads\/sites\/5\/2015\/06\/slika-es-150x150.png 150w, \/wp-content\/uploads\/sites\/5\/2015\/06\/slika-es.png 514w\" sizes=\"(max-width: 300px) 100vw, 300px\" \/><\/p>\n<p style=\"text-align: center;\">Nota: la gesti\u00f3n del riesgo es parte de la gesti\u00f3n corporativa general.<\/p>\n<h2>T\u00e9rminos b\u00e1sicos utilizados en la norma<\/h2>\n<ul>\n<li>Sistema de gesti\u00f3n de la continuidad del negocio (SGCN): parte del sistema general de gesti\u00f3n que se encarga de planificar, mantener y mejorar continuamente la continuidad del negocio.<\/li>\n<li>Interrupci\u00f3n m\u00e1xima aceptable (MAO): cantidad m\u00e1xima de tiempo que puede estar interrumpida una actividad sin incurrir en un da\u00f1o inaceptable (tambi\u00e9n Per\u00edodo m\u00e1ximo tolerable de interrupci\u00f3n [MTPD]).<\/li>\n<li>Objetivo de tiempo de recuperaci\u00f3n: tiempo predeterminado que indica cu\u00e1ndo se debe reanudar una actividad o se deben recuperar recursos.<\/li>\n<li>Objetivo de punto de recuperaci\u00f3n (RPO): p\u00e9rdida m\u00e1xima de datos; es decir, la cantidad m\u00ednima de datos que necesita ser restablecida.<\/li>\n<li>Objetivo m\u00ednimo para la continuidad del negocio (MBCO): nivel m\u00ednimo de servicios o productos que necesita suministrar o producir una organizaci\u00f3n una vez que restablece sus operaciones comerciales.<\/li>\n<\/ul>\n<h2 id=\"section3\">Contenido de ISO 22301<\/h2>\n<p>La norma incluye estas secciones:<\/p>\n<p>Introducci\u00f3n<br \/>\n0.1 General<br \/>\n0.2 El modelo Planificaci\u00f3n-Implementaci\u00f3n-Verificaci\u00f3n-Mantenimiento (PDCA)<br \/>\n0.3 Componentes de PDCA en esta norma internacional<br \/>\n1 Alcance<br \/>\n2 Referencias normativas<br \/>\n3 T\u00e9rminos y definiciones<br \/>\n4 Contexto de la organizaci\u00f3n<br \/>\n4.1 Conocimiento de la organizaci\u00f3n y de su contexto<br \/>\n4.2 Conocimiento de las necesidades y expectativas de las partes interesadas<br \/>\n4.3 Determinaci\u00f3n del alcance del sistema de gesti\u00f3n<br \/>\n4.4 Sistema de gesti\u00f3n de la continuidad del negocio<br \/>\n5 Liderazgo<br \/>\n5.1 General<br \/>\n5.2 Compromiso de la direcci\u00f3n<br \/>\n5.3 Pol\u00edtica<br \/>\n5.4 Funciones, responsabilidades y autoridades organizativas<br \/>\n6 Planificaci\u00f3n<br \/>\n6.1 Acciones para tratar riesgos y oportunidades<br \/>\n6.2 Objetivos de la continuidad del negocio y planes para alcanzarlos<br \/>\n7 Apoyo<br \/>\n7.1 Recursos<br \/>\n7.2 Competencia<br \/>\n7.3 Concienciaci\u00f3n<br \/>\n7.4 Comunicaci\u00f3n<br \/>\n7.5 Informaci\u00f3n documentada<br \/>\n8 Funcionamiento<br \/>\n8.1 Planificaci\u00f3n operativa y control<br \/>\n8.2 An\u00e1lisis de impactos en el negocio y evaluaci\u00f3n de riesgos<br \/>\n8.3 Estrategia de la continuidad del negocio<br \/>\n8.4 Establecimiento e implementaci\u00f3n de procedimientos de continuidad del negocio<br \/>\n8.5 Prueba y verificaci\u00f3n<br \/>\n9 Evaluaci\u00f3n de desempe\u00f1o<br \/>\n9.1 Supervisi\u00f3n, medici\u00f3n, an\u00e1lisis y evaluaci\u00f3n<br \/>\n9.2 Auditor\u00eda interna<br \/>\n9.3 Revisi\u00f3n por parte de la direcci\u00f3n<br \/>\n10 Mejoras<br \/>\n10.1 No conformidades y acciones correctivas<br \/>\n10.2 Mejora continua<br \/>\nBibliograf\u00eda<\/p>\n<h2 id=\"section4\"><strong>Documentaci\u00f3n obligatoria<\/strong><\/h2>\n<p>Si una organizaci\u00f3n desea implementar esta norma, necesitar\u00e1 la siguiente documentaci\u00f3n obligatoria:<\/p>\n<ul>\n<li>Lista de requisitos legales, normativos y de otra \u00edndole<\/li>\n<li>Alcance del SGCN<\/li>\n<li>Pol\u00edtica de la Continuidad del Negocio<\/li>\n<li>Objetivos de la continuidad del negocioes<\/li>\n<li>Evidencia de competencias del personal<\/li>\n<li>Registros de comunicaci\u00f3n con las partes interesadas<\/li>\n<li>An\u00e1lisis del impacto en el negocio<\/li>\n<li>Evaluaci\u00f3n de riesgos, incluido un perfil de riesgo<\/li>\n<li>Estructura de respuesta a incidentes<\/li>\n<li>Planes de continuidad del negocio<\/li>\n<li>Procedimientos de recuperaci\u00f3n<\/li>\n<li>Resultados de acciones preventivas<\/li>\n<li>Resultados de supervisi\u00f3n y medici\u00f3n<\/li>\n<li>Resultados de la auditor\u00eda interna<\/li>\n<li>Resultados de la revisi\u00f3n por parte de la direcci\u00f3n<\/li>\n<li>Resultados de acciones correctivas<\/li>\n<\/ul>\n<p>Haga clic aqu\u00ed para ver una <a title=\"Descargas gratuitas\" href=\"\/27001academy\/es\/descargas-gratuitas\/\">explicaci\u00f3n detallada de cada documento obligatorio<\/a>.<\/p>\n<h2 id=\"section5\"><strong>Normas relacionadas<\/strong><\/h2>\n<p>Otras normas de ayuda en la implementaci\u00f3n de la continuidad del negocio son:<\/p>\n<ul>\n<li>ISO\/IEC 27031:2011 \u2013 Lineamientos para preparaci\u00f3n de tecnolog\u00eda de la informaci\u00f3n y comunicaci\u00f3n para la continuidad del negocio<\/li>\n<li>PAS 200 \u2013 Gesti\u00f3n de crisis: orientaci\u00f3n y buenas pr\u00e1cticas<\/li>\n<li>PD 25666 \u2013 Orientaci\u00f3n para prueba y verificaci\u00f3n de programas de continuidad y contingencia<\/li>\n<li>PD 25111 \u2013 Orientaci\u00f3n sobre aspectos humanos de la continuidad del negocio<\/li>\n<li>ISO\/IEC 24762 \u2013 Lineamientos sobre servicios de tecnolog\u00eda de la informaci\u00f3n y comunicaci\u00f3n para recuperaci\u00f3n de desastres<\/li>\n<li>ISO\/PAS 22399 \u2013 Lineamientos sobre preparaci\u00f3n para incidentes y gesti\u00f3n de continuidad operativa<\/li>\n<li><a title=\"\u00bfQu\u00e9 es norma ISO 27001?\" href=\"\/27001academy\/es\/que-es-iso-27001\/\">ISO\/IEC 27001<\/a> \u2013 Sistemas de gesti\u00f3n de seguridad de la informaci\u00f3n: requisitos<\/li>\n<\/ul>\n<p><strong>Para obtener m\u00e1s informaci\u00f3n sobre la implementaci\u00f3n de ISO 22301, visite nuestra p\u00e1gina de <a title=\"Descarga gratuita de ISO 22301\" href=\"\/27001academy\/es\/descargas-gratuitas\/\">descarga gratuita de ISO 22301<\/a>. Encontrar\u00e1 gran cantidad de recursos \u00fatiles.<\/strong><\/p>\n<p><div id=\"custom-banner\" class=\"banner-shortcode no-bottom-border\"><\/div><\/p>\n\n\n            \n        <\/div>\n    <\/div>\n<\/div>\n<\/section>\n<\/div><\/div><\/div><\/div><\/div>","protected":false},"excerpt":{"rendered":"<p>Conceptos b\u00e1sicos sobre ISO 22301 PLANTILLAS PARA ISO 22301 CURSOS DE ISO 27001 MATERIALES GRATIS TABLA DE CONTENIDO Conceptos b\u00e1sicos sobre ISO 22301 T\u00e9rminos b\u00e1sicos utilizados en la norma Contenido de ISO 22301 Documentaci\u00f3n obligatoria Normas relacionadas \u00bfQu\u00e9 es ISO 22301? El nombre completo de esta norma es ISO 22301:2012 Seguridad de la sociedad \u2013 &#8230;<\/p>\n","protected":false},"author":6,"featured_media":82135,"parent":0,"menu_order":31,"comment_status":"open","ping_status":"open","template":"page-what-is-iso.php","meta":{"_acf_changed":false,"footnotes":""},"toolkit-document-types":[],"class_list":["post-4282","page","type-page","status-publish","has-post-thumbnail","hentry"],"acf":[],"_links":{"self":[{"href":"https:\/\/staging.advisera.com\/27001academy\/es\/wp-json\/wp\/v2\/pages\/4282","targetHints":{"allow":["GET"]}}],"collection":[{"href":"https:\/\/staging.advisera.com\/27001academy\/es\/wp-json\/wp\/v2\/pages"}],"about":[{"href":"https:\/\/staging.advisera.com\/27001academy\/es\/wp-json\/wp\/v2\/types\/page"}],"author":[{"embeddable":true,"href":"https:\/\/staging.advisera.com\/27001academy\/es\/wp-json\/wp\/v2\/users\/6"}],"replies":[{"embeddable":true,"href":"https:\/\/staging.advisera.com\/27001academy\/es\/wp-json\/wp\/v2\/comments?post=4282"}],"version-history":[{"count":0,"href":"https:\/\/staging.advisera.com\/27001academy\/es\/wp-json\/wp\/v2\/pages\/4282\/revisions"}],"wp:featuredmedia":[{"embeddable":true,"href":"https:\/\/staging.advisera.com\/27001academy\/es\/wp-json\/wp\/v2\/media\/82135"}],"wp:attachment":[{"href":"https:\/\/staging.advisera.com\/27001academy\/es\/wp-json\/wp\/v2\/media?parent=4282"}],"wp:term":[{"taxonomy":"toolkit-document-types","embeddable":true,"href":"https:\/\/staging.advisera.com\/27001academy\/es\/wp-json\/wp\/v2\/toolkit-document-types?post=4282"}],"curies":[{"name":"wp","href":"https:\/\/api.w.org\/{rel}","templated":true}]}}