{"id":4281,"date":"2015-06-18T14:17:28","date_gmt":"2015-06-18T14:17:28","guid":{"rendered":"https:\/\/multiacademstg.wpengine.com\/27001academy\/what-is-iso-22301-2\/"},"modified":"2022-12-28T11:48:07","modified_gmt":"2022-12-28T11:48:07","slug":"was-ist-iso-22301","status":"publish","type":"page","link":"https:\/\/staging.advisera.com\/27001academy\/de\/was-ist-iso-22301\/","title":{"rendered":"Was ist ISO 22301?"},"content":{"rendered":"<div id=\"pl-4281\"  class=\"panel-layout\" ><div id=\"pg-4281-0\"  class=\"panel-grid panel-no-style\" ><div id=\"pgc-4281-0-0\"  class=\"panel-grid-cell\" ><div id=\"panel-4281-0-0-0\" class=\"so-panel widget widget_hero-with-buttons-widget panel-first-child\" data-index=\"0\" ><div\n\t\t\t\n\t\t\tclass=\"so-widget-hero-with-buttons-widget so-widget-hero-with-buttons-widget-default-d75171398898-4281\"\n\t\t\t\n\t\t><section class=\"iso-hero sans\" style=\"background: #03284d;\">\n    <div class=\"container\">\n        <h1 class=\"iso-hero_title  \">\n            ISO 22301 Grundlagen\n        <\/h1>\n        <p class=\"iso-hero_subtitle \">\n                \n        <\/p>\n        <div class=\"iso-hero_buttons\">\n                            <div class=\"iso-hero_button\">\n                    <div class=\"button-image\">\n                        <img decoding=\"async\" width=\"64\" height=\"64\" src=\"\/wp-content\/uploads\/sites\/5\/2021\/10\/what-is-ISO-22301-Templates-button.png\" class=\"attachment-full size-full\" alt=\"-\">\n                    <\/div>\n                    <div class=\"button-content\">\n                        <span>ISO 22301 VORLAGEN<\/span>\n                    <\/div>\n                    <a href=\"https:\/\/staging.advisera.com\/27001academy\/de\/iso-22301-dokumentationspaket\/\"><\/a>\n                <\/div>\n                            <div class=\"iso-hero_button\">\n                    <div class=\"button-image\">\n                        <img decoding=\"async\" width=\"67\" height=\"67\" src=\"\/wp-content\/uploads\/sites\/5\/2021\/10\/what-is-ISO-22301-Courses-button.png\" class=\"attachment-full size-full\" alt=\"-\">\n                    <\/div>\n                    <div class=\"button-content\">\n                        <span>ISO 27001 KURSE<\/span>\n                    <\/div>\n                    <a href=\"https:\/\/staging.advisera.com\/training\/iso-27001-training\/\"><\/a>\n                <\/div>\n                            <div class=\"iso-hero_button\">\n                    <div class=\"button-image\">\n                        <img decoding=\"async\" width=\"67\" height=\"67\" src=\"\/wp-content\/uploads\/sites\/5\/2021\/10\/what-is-ISO-22301-Free-Materials-button.png\" class=\"attachment-full size-full\" alt=\"-\">\n                    <\/div>\n                    <div class=\"button-content\">\n                        <span>KOSTENLOSE MATERIALIEN<\/span>\n                    <\/div>\n                    <a href=\"https:\/\/staging.advisera.com\/27001academy\/de\/kostenlose-downloads\/\"><\/a>\n                <\/div>\n                    <\/div>\n    <\/div>\n<\/section><\/div><\/div><div id=\"panel-4281-0-0-1\" class=\"so-panel widget widget_content-with-sidebar-widget panel-last-child\" data-index=\"1\" ><div\n\t\t\t\n\t\t\tclass=\"so-widget-content-with-sidebar-widget so-widget-content-with-sidebar-widget-default-d75171398898-4281\"\n\t\t\t\n\t\t><section class=\"content-with-sidebar\">\n<div class=\"container\">\n\n    <div class=\"sidebar-area\">\n        <div class=\"sidebar-bg\"><\/div>\n        <div class=\"sidebar-wrapper\">\n            <div class=\"sidebar\">\n\n                \n                <h2 class=\"sidebar-title\">\n                    INHALTSVERZEICHNIS\n                <\/h2>\n\n                                    <div class=\"sidebar-item no-collapse\">\n                        <div class=\"sidebar-item-links\">\n                            <a class=\"scrollToAnchor\" href=\"#section1\">ISO 22301 Grundlagen<\/a>\n<a class=\"scrollToAnchor\" href=\"#section2\">Grundbegriffe<\/a>\n<a class=\"scrollToAnchor\" href=\"#section3\">Inhalt der ISO 22301<\/a>\n<a class=\"scrollToAnchor\" href=\"#section4\">Erforderliche Dokumentation<\/a>\n<a class=\"scrollToAnchor\" href=\"#section5\">Verwandte Standards<\/a>\n                        <\/div>\n                    <\/div>\n\n                            <\/div>\n        <\/div>\n    <\/div>\n    <div class=\"content-area\">\n        <div class=\"what-is-groups\">\n\n            \n            <h2 id=\"section1\"><strong>Was ist ISO 22301?<\/strong><\/h2>\n<p>Der vollst\u00e4ndige Name dieser Norm lautet ISO 22301:2012, Unternehmenssicherheit \u2013 Systeme f\u00fcr betriebliches Kontinuit\u00e4tsmanagement \u2013 Anforderungen. Diese Norm wurde von f\u00fchrenden Fachleuten des betrieblichen Kontinuit\u00e4tsmanagements verfasst. Sie ist der optimalen Rahmen f\u00fcr die Steuerung des betrieblichen Kontinuit\u00e4tsmanagements innerhalb einer Organisation.<\/p>\n<p>Eines der Merkmale, das diese Normen von anderen Frameworks oder Normen f\u00fcr betriebliches Kontinuit\u00e4tsmanagement unterscheidet, besteht darin, dass das Unternehmen von einer akkreditierten Zertifizierungsstelle zertifiziert werden kann. Somit kann es gegen\u00fcber seinen Kunden, Partnern, Besitzern und anderen Betroffenen seine Konformit\u00e4t nachweisen.<\/p>\n<h2>Beziehung zu BS 25999-2<\/h2>\n<p>ISO 22301 hat 25999-2 ersetzt \u2013 diese beiden Normen sind ziemlich \u00e4hnlich, aber ISO 22301 k\u00f6nnte auch als ein Upgrade der Norm BS 25999-2 angesehen werden. Unterschiede zwischen diesen beiden Normen sehen Sie in der\u00a0<a href=\"https:\/\/staging.advisera.com\/27001academy\/blog\/2012\/05\/22\/iso-22301-vs-bs-25999-2-an-infographic\/\" target=\"_blank\" rel=\"noopener\">Infografik ISO 22301 vs. BS 25999-2<\/a>.<\/p>\n<h2>Was sind die Vorteile des betrieblichen Kontinuit\u00e4tsmanagements?<\/h2>\n<p>Bei richtiger Umsetzung wird das betriebliche Kontinuit\u00e4tsmanagement die M\u00f6glichkeit eines betriebsunterbrechenden Vorfalls senken. Sollte ein solcher Vorfall jedoch eintreten, so wird die Organisation in der Lage sein, angemessen zu reagieren. Dies wird die m\u00f6glichen Auswirkungen und Sch\u00e4den dieses Vorfalls weitestgehend minimieren.<\/p>\n<h2>Wer kann die Norm umsetzen?<\/h2>\n<p>Jede Organisation \u2013- egal ob gro\u00df oder klein, gewinnorientiert oder gemeinn\u00fctzig, privat oder \u00f6ffentlich. Die Norm ist so gestaltet, dass sie auf jede Organisationsgr\u00f6\u00dfe oder -typ angewendet werden kann.<\/p>\n<h2>Wie integriert sich das betriebliche Kontinuit\u00e4tsmanagement in das Gesamtmanagement?<\/h2>\n<p>Betriebliches Kontinuit\u00e4tsmanagement ist Teil des gesamten Risikomanagements eines Unternehmens, mit \u00fcberlappenden Bereichen zum Informationssicherheits-Management und IT-Management.<\/p>\n<p style=\"text-align: center;\"><img decoding=\"async\" class=\"size-full wp-image-30968 aligncenter\" src=\"\/wp-content\/uploads\/\/sites\/5\/2015\/06\/slika-de.png\" alt=\"-\" width=\"514\" height=\"516\" srcset=\"\/wp-content\/uploads\/sites\/5\/2015\/06\/slika-de.png 514w, \/wp-content\/uploads\/sites\/5\/2015\/06\/slika-de-300x300.png 300w, \/wp-content\/uploads\/sites\/5\/2015\/06\/slika-de-150x150.png 150w\" sizes=\"(max-width: 514px) 100vw, 514px\" \/><\/p>\n<p style=\"text-align: center;\">Hinweis: Risikomanagement ist Teil des gesamten Unternehmensmanagements.<\/p>\n<h2 id=\"section2\"><strong>Grundbegriffe in einer Norm<\/strong><\/h2>\n<ul>\n<li>Betriebliches Kontinuit\u00e4tsmanagement (BKM) \u2013 als Teil eines Gesamtmanagementsystems, welches das betriebliche Kontinuit\u00e4tsmanagement ber\u00fccksichtigt \u2013 wird geplant, umgesetzt, gepflegt und st\u00e4ndig verbessert<\/li>\n<li>Maximal akzeptable Ausfalldauer (MAO) \u2013 die maximale Zeitdauer, f\u00fcr die eine Gesch\u00e4ftst\u00e4tigkeit unterbrochen werden darf, ohne dass inakzeptable Sch\u00e4den auftreten (auch maximal tolerierbarer St\u00f6rungszeitraum \u2013 MTPD)<\/li>\n<li>Recovery Time Objective (RTO oder Wiederanlaufdauer) \u2013 die vorab festgelegte Zeit, nach der eine Aktivit\u00e4t wieder aufgenommen oder Ressourcen wiederhergestellt sein m\u00fcssen<\/li>\n<li>Recovery Point Objective (Wiederanlaufpunkt) \u2013 minimaler Datenverlust, d. h. eine Mindestmenge an Daten muss wiederhergestellt werden<\/li>\n<li>Mindestziel des betrieblichen Kontinuit\u00e4tsmanagements (MBCO) \u2013 das Mindestma\u00df an Dienstleistungen oder Produkten, die ein Unternehmen nach Wiederaufnahme seines Gesch\u00e4ftsbetriebs erbringen bzw. herstellen muss<\/li>\n<\/ul>\n<p><div id=\"middle-banner\" class=\"banner-shortcode\"><\/div><script>loadMiddleBanner();<\/script><br \/>\n<div id=\"side-banner-trigger\" class=\"banner-shortcode\"><\/div><\/p>\n<h2 id=\"section3\"><strong>Inhalt der ISO 22301<\/strong><\/h2>\n<p>Die Norm enth\u00e4lt diese Abschnitte:<\/p>\n<p>Einleitung<\/p>\n<p>0.1 Allgemeines<\/p>\n<p>0.2 Das Modell Planen \u2013 Durchf\u00fchren \u2013 \u00dcberpr\u00fcfen \u2013 Handeln (auch: Agieren) (kurz PDCA)<\/p>\n<p>0.3 Komponenten des PDCA-Modells in dieser internationalen Norm<\/p>\n<p>1 Umfang<\/p>\n<p>2 Normreferenzen<\/p>\n<p>3 Begriffe und Definitionen<\/p>\n<p>4 Kontext der Organisation<\/p>\n<p>4.1 Verst\u00e4ndnis der Organisation und ihres Kontextes<\/p>\n<p>4.2 Verst\u00e4ndnis der Notwendigkeiten und Erwarteten von Beteiligten<\/p>\n<p>4.3 Festlegen des Rahmens des Managementsystems<\/p>\n<p>4.4 System des betrieblichen Kontinuit\u00e4tsmanagements<\/p>\n<p>5 F\u00fchrung<\/p>\n<p>5.1 Allgemeines<\/p>\n<p>5.2 Pflicht des Managements<\/p>\n<p>5.3 Richtlinie<\/p>\n<p>5.4 Rollen, Verantwortlichkeiten und Zust\u00e4ndigkeiten im Unternehmen<\/p>\n<p>6 Planung<\/p>\n<p>6.1 Ma\u00dfnahmen zur Bearbeitung und Nutzung von Risiken bzw. Chancen<\/p>\n<p>6.2. Ziele des betrieblichen Kontinuit\u00e4tsmanagements und Pl\u00e4ne, um diese zu erreichen<\/p>\n<p>7 Support<\/p>\n<p>7.1 Ressourcen<\/p>\n<p>7.2 Kompetenz<\/p>\n<p>7.3 Bewusstsein<\/p>\n<p>7.4 Kommunikation<\/p>\n<p>7.5 Dokumentierte Informationen<\/p>\n<p>8 Betrieb<\/p>\n<p>8.1 Betriebliche Planung und Kontrolle<\/p>\n<p>8.2 Gesch\u00e4ftsauswirkungsanalyse und Risikoeinsch\u00e4tzung<\/p>\n<p>8.3 Strategie f\u00fcr betriebliches Kontinuit\u00e4tsmanagement<\/p>\n<p>8.4 Erstellen und Umsetzen von Verfahren des betrieblichen Kontinuit\u00e4tsmanagements<\/p>\n<p>8.5 Aus\u00fcbung und Pr\u00fcfung<\/p>\n<p>9 Leistungsbewertung<\/p>\n<p>9.1 \u00dcberwachung, Messung, Analyse und Bewertung<\/p>\n<p>9.2 Internes Audit<\/p>\n<p>9.3 Managementbewertung<\/p>\n<p>10 Verbesserung<\/p>\n<p>10.1 Nichteinhaltung und Korrekturma\u00dfnahmen<\/p>\n<p>10.2 Kontinuierliche Verbesserung<\/p>\n<p>Bibliografie<\/p>\n<h2 id=\"section4\"><strong>Erforderliche Dokumentation<\/strong><\/h2>\n<p>Sollte ein Unternehmen diese Norm umsetzen wollen, so ist die folgende\u00a0<a href=\"https:\/\/staging.advisera.com\/27001academy\/de\/iso-22301-bs-25999-dokumentationspaket\/\">Dokumentation<\/a>\u00a0zwingend erforderlich:<\/p>\n<ul>\n<li>Liste der geltenden gesetzlichen, regulatorischen und sonstigen Anforderungen<\/li>\n<li>Rahmen des BKM<\/li>\n<li>Politik f\u00fcr betriebliches Kontinuit\u00e4tsmanagement<\/li>\n<li>Ziele des betrieblichen Kontinuit\u00e4tsmanagements<\/li>\n<li>Nachweis der Kompetenzen des Personals<\/li>\n<li>Aufzeichnungen der Kommunikation mit Beteiligten<\/li>\n<li>Gesch\u00e4ftsauswirkungsanalyse<\/li>\n<li>Risikoeinsch\u00e4tzung einschlie\u00dflich Risikoneigung<\/li>\n<li>Reaktionsstruktur f\u00fcr Vorf\u00e4lle<\/li>\n<li>Pl\u00e4ne f\u00fcr betriebliches Kontinuit\u00e4tsmanagement<\/li>\n<li>Wiederherstellungsverfahren<\/li>\n<li>Ergebnisse der Vorbeugungsma\u00dfnahmen<\/li>\n<li>Ergebnis der \u00dcberwachung und Messung<\/li>\n<li>Ergebnisse des internen Audits<\/li>\n<li>Ergebnisse der Managementbewertung<\/li>\n<li>Ergebnisse der Korrekturma\u00dfnahmen<\/li>\n<\/ul>\n<p>Klicken Sie hier, um die detailierte <a title=\"Kostenlose Downloads\" href=\"\/27001academy\/de\/kostenlose-downloads\/\">Erkl\u00e4rung der einzelnen erforderlichen Dokument<\/a> zu sehen.<\/p>\n<h2 id=\"section5\"><strong>Verwandte Normen<\/strong><\/h2>\n<p>Andere Normen, die bei der Umsetzung des betriebliches Kontinuit\u00e4tsmanagements n\u00fctzlich sind:<\/p>\n<ul>\n<li>ISO\/IEC 27031 \u2013 Richtlinien f\u00fcr die Einsatzf\u00e4higkeit von Informations- und Kommunikationstechnologie f\u00fcr betriebliches Kontinuit\u00e4tsmanagement<\/li>\n<li>PAS 200 \u2013 Krisenmanagement \u2013 Orientierung und gute Praktiken<\/li>\n<li>PD 25666 \u2013 Orientierung zur Durchf\u00fchrung und Pr\u00fcfung von Kontinuit\u00e4ts- und Kontingenzprogrammen<\/li>\n<li>PD 25111 \u2013 Orientierung zu personellen Aspekten des betrieblichen Kontinuit\u00e4tsmanagements<\/li>\n<li>ISO\/IEC 24762 \u2013 Richtlinien f\u00fcr Notfallwiederherstellungsdienste f\u00fcr Informations- und Kommunikationstechnologie<\/li>\n<li>ISO\/PAS 22399 \u2013 Richtlinie f\u00fcr die Vorbereitung auf St\u00f6rf\u00e4lle und betriebliches Kontinuit\u00e4tsmanagement<\/li>\n<li><a href=\"\/27001academy\/de\/iso-27001-dokumentationspaket\/\">ISO\/IEC 27001<\/a>\u00a0\u2013 Informationssicherheits-Managementsysteme \u2013 Anforderung<\/li>\n<\/ul>\n<p><strong>Um mehr \u00fcber die Implementierung von ISO 22301 zu erfahren, besuchen Sie bitte unsere Seite <a title=\"ISO 22301 Kostenloser Download\" href=\"\/27001academy\/de\/kostenlose-downloads\/\">ISO 22301 Kostenloser Download<\/a>. Dort finden Sie eine Vielzahl hilfreicher Ressourcen.<\/strong><\/p>\n<p><div id=\"custom-banner\" class=\"banner-shortcode no-bottom-border\"><\/div><\/p>\n\n\n            \n        <\/div>\n    <\/div>\n<\/div>\n<\/section>\n<\/div><\/div><\/div><\/div><\/div>","protected":false},"excerpt":{"rendered":"<p>ISO 22301 Grundlagen ISO 22301 VORLAGEN ISO 27001 KURSE KOSTENLOSE MATERIALIEN INHALTSVERZEICHNIS ISO 22301 Grundlagen Grundbegriffe Inhalt der ISO 22301 Erforderliche Dokumentation Verwandte Standards Was ist ISO 22301? Der vollst\u00e4ndige Name dieser Norm lautet ISO 22301:2012, Unternehmenssicherheit \u2013 Systeme f\u00fcr betriebliches Kontinuit\u00e4tsmanagement \u2013 Anforderungen. Diese Norm wurde von f\u00fchrenden Fachleuten des betrieblichen Kontinuit\u00e4tsmanagements verfasst. Sie &#8230;<\/p>\n","protected":false},"author":6,"featured_media":82121,"parent":0,"menu_order":31,"comment_status":"open","ping_status":"open","template":"page-what-is-iso.php","meta":{"_acf_changed":false,"footnotes":""},"toolkit-document-types":[],"class_list":["post-4281","page","type-page","status-publish","has-post-thumbnail","hentry"],"acf":[],"_links":{"self":[{"href":"https:\/\/staging.advisera.com\/27001academy\/de\/wp-json\/wp\/v2\/pages\/4281","targetHints":{"allow":["GET"]}}],"collection":[{"href":"https:\/\/staging.advisera.com\/27001academy\/de\/wp-json\/wp\/v2\/pages"}],"about":[{"href":"https:\/\/staging.advisera.com\/27001academy\/de\/wp-json\/wp\/v2\/types\/page"}],"author":[{"embeddable":true,"href":"https:\/\/staging.advisera.com\/27001academy\/de\/wp-json\/wp\/v2\/users\/6"}],"replies":[{"embeddable":true,"href":"https:\/\/staging.advisera.com\/27001academy\/de\/wp-json\/wp\/v2\/comments?post=4281"}],"version-history":[{"count":0,"href":"https:\/\/staging.advisera.com\/27001academy\/de\/wp-json\/wp\/v2\/pages\/4281\/revisions"}],"wp:featuredmedia":[{"embeddable":true,"href":"https:\/\/staging.advisera.com\/27001academy\/de\/wp-json\/wp\/v2\/media\/82121"}],"wp:attachment":[{"href":"https:\/\/staging.advisera.com\/27001academy\/de\/wp-json\/wp\/v2\/media?parent=4281"}],"wp:term":[{"taxonomy":"toolkit-document-types","embeddable":true,"href":"https:\/\/staging.advisera.com\/27001academy\/de\/wp-json\/wp\/v2\/toolkit-document-types?post=4281"}],"curies":[{"name":"wp","href":"https:\/\/api.w.org\/{rel}","templated":true}]}}