{"id":675,"date":"2015-05-14T11:22:46","date_gmt":"2015-05-14T11:22:46","guid":{"rendered":"https:\/\/multiacademstg.wpengine.com\/20000academy\/what-is-ohsas-18001-2\/"},"modified":"2023-12-06T14:29:09","modified_gmt":"2023-12-06T14:29:09","slug":"que-es-iso-20000","status":"publish","type":"page","link":"https:\/\/staging.advisera.com\/20000academy\/es\/que-es-iso-20000\/","title":{"rendered":"\u00bfQu\u00e9 es ISO 20000?"},"content":{"rendered":"<div id=\"pl-675\"  class=\"panel-layout\" ><div id=\"pg-675-0\"  class=\"panel-grid panel-no-style\" ><div id=\"pgc-675-0-0\"  class=\"panel-grid-cell\" ><div id=\"panel-675-0-0-0\" class=\"so-panel widget widget_hero-with-buttons-widget panel-first-child\" data-index=\"0\" ><div\n\t\t\t\n\t\t\tclass=\"so-widget-hero-with-buttons-widget so-widget-hero-with-buttons-widget-default-d75171398898-675\"\n\t\t\t\n\t\t><section class=\"iso-hero sans\" style=\"background: #03284d;\">\n    <div class=\"container\">\n        <h1 class=\"iso-hero_title  \">\n            \u00bfQu\u00e9 es ISO 20000?\n        <\/h1>\n        <p class=\"iso-hero_subtitle \">\n                Gu\u00eda simplificada sobre requerimientos de ISO 20000\n        <\/p>\n        <div class=\"iso-hero_buttons\">\n                            <div class=\"iso-hero_button\">\n                    <div class=\"button-image\">\n                        <img decoding=\"async\" width=\"64\" height=\"64\" src=\"\/wp-content\/uploads\/sites\/6\/2021\/10\/what-is-ITIL-AND-ISO-20000-template-button.png\" class=\"attachment-full size-full\" alt=\"-\">\n                    <\/div>\n                    <div class=\"button-content\">\n                        <span>PLANTILLAS PARA ISO 20000<\/span>\n                    <\/div>\n                    <a href=\"https:\/\/staging.advisera.com\/20000academy\/es\/paquete-de-documentos-sobre-iso-20000\/\"><\/a>\n                <\/div>\n                            <div class=\"iso-hero_button\">\n                    <div class=\"button-image\">\n                        <img decoding=\"async\" width=\"67\" height=\"67\" src=\"\/wp-content\/uploads\/sites\/6\/2021\/10\/what-is-ITIL-AND-ISO-20000-Free-Materials-button.png\" class=\"attachment-full size-full\" alt=\"-\">\n                    <\/div>\n                    <div class=\"button-content\">\n                        <span>MATERIALES GRATIS<\/span>\n                    <\/div>\n                    <a href=\"https:\/\/staging.advisera.com\/es\/recursos\/iso-20000-descargas-gratuitas\/\"><\/a>\n                <\/div>\n                    <\/div>\n    <\/div>\n<\/section><\/div><\/div><div id=\"panel-675-0-0-1\" class=\"so-panel widget widget_content-with-sidebar-widget panel-last-child\" data-index=\"1\" ><div\n\t\t\t\n\t\t\tclass=\"so-widget-content-with-sidebar-widget so-widget-content-with-sidebar-widget-default-d75171398898-675\"\n\t\t\t\n\t\t><section class=\"content-with-sidebar\">\n<div class=\"container\">\n\n    <div class=\"sidebar-area\">\n        <div class=\"sidebar-bg\"><\/div>\n        <div class=\"sidebar-wrapper\">\n            <div class=\"sidebar\">\n\n                \n                <h2 class=\"sidebar-title\">\n                    TABLA DE CONTENIDO\n                <\/h2>\n\n                                    <div class=\"sidebar-item no-collapse\">\n                        <div class=\"sidebar-item-links\">\n                            <a class=\"scrollToAnchor\" href=\"#section1\">Introducci\u00f3n<\/a>\n<a class=\"scrollToAnchor\" href=\"#section2\">Diferencias con ITIL<\/a>\n<a class=\"scrollToAnchor\" href=\"#section3\">Importancia<\/a>\n<a class=\"scrollToAnchor\" href=\"#section4\">C\u00f3mo es ISO 20000<\/a>\n<a class=\"scrollToAnchor\" href=\"#section5\">Una buena idea<\/a>\n<a class=\"scrollToAnchor\" href=\"#section6\">Obtener la certificaci\u00f3n<\/a>\n<a class=\"scrollToAnchor\" href=\"#section7\">Pasos obligatorios<\/a>\n<a class=\"scrollToAnchor\" href=\"#section8\">Para individuos<\/a>\n                        <\/div>\n                    <\/div>\n\n                            <\/div>\n        <\/div>\n    <\/div>\n    <div class=\"content-area\">\n        <div class=\"what-is-groups\">\n\n            \n            <h2 id=\"section1\"><strong>Usted busca una respuesta simple a la pregunta \u201c\u00bfQu\u00e9 es ISO 20000?\u201d<\/strong><\/h2>\n<p>Bueno, no es el \u00fanico. Aqu\u00ed tiene una gu\u00eda de informaci\u00f3n general que le permitir\u00e1 ver por qu\u00e9 ISO 20000 genera beneficios para toda su organizaci\u00f3n. Tambi\u00e9n descubrir\u00e1 cu\u00e1les son los requerimientos de ISO 20000 y los pasos pr\u00e1cticos que debe seguir para obtener la certificaci\u00f3n.<\/p>\n<h2><strong>Una introducci\u00f3n simple a los aspectos b\u00e1sicos de ISO 20000<\/strong><\/h2>\n<p>ISO 20000 es la norma internacional sobre Gesti\u00f3n de servicios de TI (ITSM), publicada por ISO (Organizaci\u00f3n Internacional de Normalizaci\u00f3n) e ICE (Comisi\u00f3n Electrot\u00e9cnica Internacional). Para convertirse en norma internacional, ISO 20000 tuvo que ser aceptada por una mayor\u00eda de pa\u00edses miembros, lo que significa que es aceptada por la mayor\u00eda de los pa\u00edses en todo el mundo.<\/p>\n<p>La norma describe un conjunto de procesos de gesti\u00f3n dise\u00f1ados para ayudarle a brindar servicios de TI m\u00e1s eficaces (tanto dentro de su empresa como para sus clientes). ISO 20000 le proporciona la metodolog\u00eda y el marco que le ayuda a gestionar su ITSM permiti\u00e9ndole demostrar que su empresa sigue las mejores pr\u00e1cticas; a su vez, estas mejores pr\u00e1cticas ayudar\u00e1n a mejorar su prestaci\u00f3n de servicios de TI. Adem\u00e1s, ISO 20000 se puede aplicar a cualquier tama\u00f1o de empresa de cualquier sector econ\u00f3mico.<\/p>\n<h2 id=\"section2\"><strong>Entonces, \u00bfen qu\u00e9 sentido ISO 20000 es diferente a ITIL?<\/strong><\/h2>\n<p>La diferencia b\u00e1sica entre ISO 20000 e ITIL es que ISO 20000 le proporciona la metodolog\u00eda y el marco (suministr\u00e1ndole las partes con las cuales construir el rompecabezas de ITSM), mientras que ITIL le brinda los detalles (pr\u00e1cticas) sobre c\u00f3mo gestionar todos y cada uno de los procesos de TI en su organizaci\u00f3n (es decir, armar el rompecabezas).<\/p>\n<p>Una buena forma de pensarlo es que <strong>ISO 20000 le dice qu\u00e9 necesita hacer<\/strong>, mientras que <strong>ITIL le dice c\u00f3mo hacerlo.<\/strong><\/p>\n<p>ISO 20000 no funciona completamente aislado. Se puede implementar en forma separada de ITIL, pero es una realidad que s\u00ed van muy bien juntos.<\/p>\n<p>Distinto a una norma, ITIL es un marco pr\u00e1ctico de <em>mejores pr\u00e1cticas<\/em> que se enfoca en alinear sus servicios de TI con las necesidades mayores de su negocio. Como empresa, usted no puede ser certificado por ITIL, solo puede cumplir las directrices de mejores pr\u00e1cticas.<\/p>\n<p>ISO 20000 est\u00e1 basada en los principios fundamentales de ITIL y es una norma ante la cual puede certificar a su empresa.<\/p>\n<p>Los individuos que buscan excelencia en ITSM, y una certificaci\u00f3n internacionalmente reconocida, pueden ser certificados ante ITIL e ISO 20000 (por ejemplo, el curso de fundamentos mencionado m\u00e1s abajo).<\/p>\n<p>La certificaci\u00f3n ISO 20000 para organizaciones es esencialmente la evidencia de que se han implementado las mejores pr\u00e1cticas. No se necesita ITIL para obtener la certificaci\u00f3n ISO 20000, pero es m\u00e1s f\u00e1cil conseguirla si usted sigue el enfoque de ITIL para la gesti\u00f3n de servicios de TI. Para conocer m\u00e1s, lea nuestro informe: <strong><a title=\"Descargas gratuitas\" href=\"https:\/\/info.staging.advisera.com\/20000academy\/free-download\/itil-vs-iso-iec-20000-similarities-and-differences-process-mapping\/\">ITIL vs ISO 20000<\/a> <\/strong>(En ingl\u00e9s).<\/p>\n<p><div id=\"middle-banner\" class=\"banner-shortcode\"><\/div><script>loadMiddleBanner();<\/script><\/p>\n<h2 id=\"section3\"><strong>\u00bfPor qu\u00e9 ISO 20000 es tan importante?<\/strong><\/h2>\n<p>Para comprender la importancia de ISO 20000, es vital entender la relaci\u00f3n entre TI y el \u00e9xito general de su organizaci\u00f3n. Usted depende de la TI para que su organizaci\u00f3n alcance sus objetivos. Influye sobre el funcionamiento y sobre c\u00f3mo se comunica, es un elemento fundamental de su forma de hacer negocios.<\/p>\n<p>Usted utiliza la TI para superar a sus competidores, para llegar a mayores p\u00fablicos, y para ser m\u00e1s productivo y m\u00e1s eficiente. De diversas formas, la TI es vital para mejorar los ingresos, reducir costos y mejorar su reputaci\u00f3n.<\/p>\n<p>Por eso, es crucial que usted aproveche al m\u00e1ximo su inversi\u00f3n en TI; lo que significa que los servicios de TI deben estar bien planificados, gestionados y brindados. Sin una buena gesti\u00f3n de servicios de TI, los proyectos de TI habitualmente fracasan o exceden los presupuestos. Los gastos corrientes se hacen dif\u00edciles de administrar y, muchas veces, usted termina viendo fracasar su negocio antes de obtener alg\u00fan ingreso sobre su inversi\u00f3n.<\/p>\n<p>En resumen, los est\u00e1ndares de alta calidad para Gesti\u00f3n de Servicios de TI son indispensables para tener \u00e9xito. Y seguir la norma ISO 20000 es la forma de asegurarse esa calidad.<\/p>\n<h2 id=\"section4\"><strong>\u00bfC\u00f3mo es realmente ISO 20000?<\/strong><\/h2>\n<p>Aunque est\u00e1 formada por 8 partes, hay dos que son las m\u00e1s utilizadas para<strong> ISO 20000:<\/strong><\/p>\n<p><strong>ISO 20000-1:2018<\/strong>\u00a0es la <strong>especificaci\u00f3n formal para Gesti\u00f3n de Servicios de TI<\/strong>. Define claramente todos los requerimientos que usted necesita para brindarles a sus clientes servicios gestionados de TI de calidad aceptable. Incluye los requisitos del Sistema de Gesti\u00f3n de Servicios (SGS) en las siguientes \u00e1reas:<\/p>\n<ul>\n<li>Contexto de la organizaci\u00f3n<\/li>\n<li>Liderazgo<\/li>\n<li>Planificaci\u00f3n<\/li>\n<li>Soporte del sistema de gesti\u00f3n de servicios<\/li>\n<li>Operaci\u00f3n del sistema de gesti\u00f3n de servicios<\/li>\n<li>Evaluaci\u00f3n del desempe\u00f1o<\/li>\n<li>Mejora<\/li>\n<\/ul>\n<p>La segunda parte: <strong>ISO 20000-2:2019<\/strong>\u00a0es el <strong>c\u00f3digo de pr\u00e1ctica para gesti\u00f3n del servicio de TI; <\/strong>y es la gu\u00eda para aplicaci\u00f3n de los sistemas de gesti\u00f3n del servicio. En otras palabras, le ayuda a interpretar los requerimientos de la norma. Define los procesos de gesti\u00f3n de mejores pr\u00e1cticas y es muy \u00fatil si se est\u00e1 preparando para ser auditado ante ISO 20000 o si est\u00e1 planificando mejoras en los servicios.<\/p>\n<p>Es importante destacar que su empresa puede obtener la certificaci\u00f3n ISO 20000-1:2018 pero no ante ISO 20000-2:2019 (este es un c\u00f3digo de pr\u00e1ctica solamente).<\/p>\n<p>Entonces \u00bfcu\u00e1les son los beneficios de ISO 20000?<\/p>\n<h2 id=\"section5\"><strong>\u00bfPor qu\u00e9 ISO 20000 es una buena idea para su organizaci\u00f3n?<\/strong><\/h2>\n<p>No se pueden exagerar los beneficios de ISO 20000; grandes y peque\u00f1as empresas han utilizado esta norma con excelentes resultados, descubriendo y asegur\u00e1ndose un enorme ahorro en costo y eficiencia. A continuaci\u00f3n, algunos de esos beneficios:<\/p>\n<p><strong>Mejora su imagen y credibilidad.\u00a0<\/strong>ISO 20000 es la \u00fanica norma internacionalmente reconocida para gesti\u00f3n de servicios de TI. Su adopci\u00f3n internacional ha sido r\u00e1pida en los \u00faltimos a\u00f1os ya que las organizaciones la reconocen como un diferenciador clave en el mercado. Y, al ser una norma popular y probada, usted puede estar seguro de la eficacia y escalabilidad de los procesos.<\/p>\n<p><strong>Lo hace m\u00e1s productivo.<\/strong> Obtenga una ventaja competitiva a partir de una mayor eficiencia y efectividad gracias a servicios de TI m\u00e1s confiables. Cuando todo el mundo tiene en claro qui\u00e9n hace qu\u00e9 y cu\u00e1ndo, disminuir\u00e1 la cantidad de incidentes y mejorar\u00e1 su capacidad para manejarlos.<\/p>\n<p><strong>Mayor satisfacci\u00f3n del cliente.<\/strong> Ya sea que se trate de sus clientes internos o externos, usted podr\u00e1 brindar servicios de TI mejorados que se ajusten mejor a sus necesidades. Al mismo tiempo, estar\u00e1 proporcionando mayor protecci\u00f3n a la empresa, y a sus activos, accionistas y directores.<\/p>\n<p><strong>Referencia y mejora.<\/strong> Usted puede comparar los procesos y actividades de su organizaci\u00f3n contra <em>la<\/em> norma internacional para ITSM (as\u00ed podr\u00e1 identificar e implementar f\u00e1cilmente todas las mejoras necesarias). Y como una entidad de certificaci\u00f3n independiente audita su empresa, usted (y cualquiera que interact\u00fae con su organizaci\u00f3n) puede estar seguro de que est\u00e1 cumpliendo el nivel de servicio requerido.<\/p>\n<p><strong>Procesos totalmente integrados.\u00a0<\/strong>ISO 20000 le ayuda a alinear los servicios de TI con la estrategia comercial m\u00e1s amplia. Usted puede asegurarse que su empresa se enfoque en las soluciones de gesti\u00f3n de servicios de TI que mejor se ajusten al servicio para sus clientes y a las necesidades del negocio.<\/p>\n<p><strong>Disminuye el costo de TI.<\/strong> Comprenda y gestione mejor el costo de TI. Planifique los costos financieros futuros con mayor precisi\u00f3n y claridad. Con procesos m\u00e1s simples y claras responsabilidades, usted puede operar un servicio m\u00e1s eficaz y eficiente.<\/p>\n<p><strong>Crea una cultura de mejora continua.<\/strong> El mundo de los negocios no es est\u00e1tico, especialmente en esta era de innovaci\u00f3n digital y tecnol\u00f3gica. Asegurarse de que su organizaci\u00f3n siempre est\u00e9 mejorando sus procesos en reacci\u00f3n a los comentarios de los clientes no es simplemente algo decorativo, es esencial para la longevidad de la empresa. Y esto tambi\u00e9n se extiende a las mejoras que se identifican internamente, a los cambios tecnol\u00f3gicos y a las normas de desarrollo comercial.<\/p>\n<p><strong>Sea m\u00e1s \u00e1gil y cambie r\u00e1pido. <\/strong>ISO 20000 crea un s\u00f3lido marco de mejores pr\u00e1cticas que le ayuda a estimular la innovaci\u00f3n. Los cambios en su organizaci\u00f3n pueden ser manejados con mayor habilidad y velocidad. Disminuyendo los niveles de riesgo interno y externo es m\u00e1s probable que alcance los objetivos de su organizaci\u00f3n.<\/p>\n<p><strong>Obtenga una ventaja competitiva.<\/strong> A trav\u00e9s de la prestaci\u00f3n de servicios de TI m\u00e1s eficaces y eficientes, usted puede brindarle a su organizaci\u00f3n ventajas tangibles frente a su competencia. Por ejemplo, puede disminuir los inconvenientes de TI y responder ante ellos con mayor velocidad, liberando as\u00ed m\u00e1s tiempo para el desarrollo estrat\u00e9gico de TI para su organizaci\u00f3n.<\/p>\n<h2 id=\"section6\"><strong>\u00bfCu\u00e1les son los pasos pr\u00e1cticos para lograr la certificaci\u00f3n ISO 20000?<\/strong><\/h2>\n<p>Si su organizaci\u00f3n desea ser certificada, debe ser evaluada formalmente por una entidad de certificaci\u00f3n acreditada. Necesitar\u00e1 demostrar la calidad de los procesos de TI de su empresa contra la norma ISO 20000-1. Las personas, por otro lado, pueden ser certificadas aprobando ex\u00e1menes (ver m\u00e1s abajo).<\/p>\n<p>Existen determinados documentos obligatorios que, como empresa, deber\u00e1 completar para obtener la certificaci\u00f3n. Haga clic aqu\u00ed para obtener una <a href=\"https:\/\/staging.advisera.com\/20000academy\/blog\/2019\/10\/10\/iso-20000-mandatory-documents-according-to-the-2018-revision\/\">lista<\/a> (En ingl\u00e9s) de esos documentos.<\/p>\n<p>Pero no es suficiente la sola creaci\u00f3n de documentaci\u00f3n de los procesos de ITSM (y tampoco le solucionar\u00e1 sus problemas). Para asegurar la certificaci\u00f3n, tiene que integrar todas las actividades detalladas en su documentaci\u00f3n en sus procesos comerciales del d\u00eda a d\u00eda.<\/p>\n<p>Y, lo m\u00e1s importante, tiene que <strong>generar valor<\/strong>. Tiene muy poco sentido elaborar la documentaci\u00f3n y generar todos estos cambios si, al final, su empresa no se ha dado cuenta del posible valor que tiene en realidad ISO 20000. De otra forma, las personas de su organizaci\u00f3n cuestionar\u00e1n justificadamente el por qu\u00e9 de toda la molestia.<\/p>\n<h2 id=\"section7\"><strong>Pasos obligatorios para terminar la implementaci\u00f3n y obtener la certificaci\u00f3n<\/strong><\/h2>\n<p>Luego de terminar e implementar toda la documentaci\u00f3n, su organizaci\u00f3n tambi\u00e9n debe seguir estos pasos para asegurar la finalizaci\u00f3n exitosa de su proyecto.<\/p>\n<p><strong>Auditor\u00eda interna. <\/strong>La finalidad de una auditor\u00eda interna es verificar sus procesos de ITSM. El objetivo es encontrar problemas y debilidades que, de otra forma, permanecer\u00edan ocultas.<\/p>\n<p><strong>Revisi\u00f3n de la direcci\u00f3n. <\/strong>Es una v\u00eda formal para que su gerencia tenga en cuenta todos los hechos relevantes sobre la gesti\u00f3n de servicios de TI y para que tome las decisiones correspondientes.<\/p>\n<p><strong>Medidas correctivas.\u00a0<\/strong>Luego de la auditor\u00eda interna y de la revisi\u00f3n por la direcci\u00f3n, necesita corregir los problemas que se hayan identificado y documentar c\u00f3mo se solucionaron.<\/p>\n<p>El proceso de certificaci\u00f3n de la empresa est\u00e1 dividido en dos etapas:<\/p>\n<p><strong>Primera etapa (revisi\u00f3n de documentaci\u00f3n):<\/strong> El auditor de certificaci\u00f3n controlar\u00e1 si su documentaci\u00f3n cumple con ISO 20000.<\/p>\n<p><strong>Segunda etapa (auditor\u00eda principal):<\/strong> Aqu\u00ed el auditor verificar\u00e1 si todas sus actividades actuales cumplen tanto con ISO 20000 y con su propia documentaci\u00f3n.<\/p>\n<h2 id=\"section8\"><strong>\u00bfC\u00f3mo obtiene ISO 20000 si es una persona?<\/strong><\/h2>\n<p>Como persona, usted puede ser certificado en ISO 20000 si aprueba, por ejemplo, el curso de Auditor principal o Implementador principal en ISO 20000. Muchos empleadores est\u00e1n dispuestos a hacerse cargo de esta capacitaci\u00f3n ya que los profesionales calificados en ISO 20000 representan una ayuda important\u00edsima para implementar ISO 20000 en la organizaci\u00f3n (adem\u00e1s de ser una valiosa habilidad para incluir en el curr\u00edculum).<\/p>\n<p>Existen diversas opciones de cursos para individuos entre las cuales elegir:<\/p>\n<p><strong>Certificado de fundamentos de ISO 20000:<\/strong> Si usted no est\u00e1 tan familiarizado con ISO 20000, este es el curso ideal. Comprender\u00e1 el contenido y los requerimientos de la norma. Y podr\u00e1 evaluar mejor la importancia de ISO 20000 para las actividades espec\u00edficas de gesti\u00f3n de servicios de TI dentro de su organizaci\u00f3n.<\/p>\n<p><strong>Curso de Auditor principal en ISO 20000:<\/strong> Este es un curso muy \u00fatil para profesionales que implementan ISO 20000 porque les proporciona una excelente visi\u00f3n global de la norma y les brinda detalladas explicaciones sobre qu\u00e9 pedir\u00e1n los auditores en la auditor\u00eda de certificaci\u00f3n. Por consiguiente, es \u00fatil tanto para auditores como para implementadores. Dura 5 d\u00edas y finaliza con un examen escrito.<\/p>\n<p><strong>Curso de Implementador principal en ISO 20000:<\/strong> Este curso es similar al de Auditor principal, excepto que \u00e9ste se enfoca en las t\u00e9cnicas de implementaci\u00f3n m\u00e1s que en las de auditor\u00eda. Por lo tanto, si no le interesa la certificaci\u00f3n, este curso puede ser m\u00e1s apropiado.<\/p>\n<p><strong>Curso de Auditor interno en ISO 20000:<\/strong> Este curso es una versi\u00f3n simplificada del curso de Auditor principal y dura 2 o 3 d\u00edas. Con este curso condensado, no podr\u00e1 pretender seguir una carrera como auditor en una entidad de certificaci\u00f3n. Pero si desea una introducci\u00f3n sistem\u00e1tica a ISO 20000 o si le interesa se auditor interno en su empresa, este curso es perfecto para usted.<\/p>\n<p>Hay una gran cantidad de organizaciones acreditadas de capacitaci\u00f3n en todo el mundo en las que puede obtener calificaci\u00f3n individual en ISO 20000.<\/p>\n<p><em>Para obtener m\u00e1s informaci\u00f3n sobre la implementaci\u00f3n de ISO 20000, visite nuestra p\u00e1gina de <a title=\"Descarga gratuita de ISO 20000\" href=\"\/20000academy\/es\/descargas-gratis\/\">descarga gratuita de ISO 20000<\/a>. Encontrar\u00e1 gran cantidad de recursos \u00fatiles.<\/em><\/p>\n\n\n            \n        <\/div>\n    <\/div>\n<\/div>\n<\/section>\n<\/div><\/div><\/div><\/div><\/div>","protected":false},"excerpt":{"rendered":"<p>\u00bfQu\u00e9 es ISO 20000? Gu\u00eda simplificada sobre requerimientos de ISO 20000 PLANTILLAS PARA ISO 20000 MATERIALES GRATIS TABLA DE CONTENIDO Introducci\u00f3n Diferencias con ITIL Importancia C\u00f3mo es ISO 20000 Una buena idea Obtener la certificaci\u00f3n Pasos obligatorios Para individuos Usted busca una respuesta simple a la pregunta \u201c\u00bfQu\u00e9 es ISO 20000?\u201d Bueno, no es el &#8230;<\/p>\n","protected":false},"author":32,"featured_media":17187,"parent":0,"menu_order":36,"comment_status":"open","ping_status":"closed","template":"page-what-is-iso.php","meta":{"_acf_changed":false,"footnotes":""},"toolkit-document-types":[],"class_list":["post-675","page","type-page","status-publish","has-post-thumbnail","hentry"],"acf":[],"_links":{"self":[{"href":"https:\/\/staging.advisera.com\/20000academy\/es\/wp-json\/wp\/v2\/pages\/675","targetHints":{"allow":["GET"]}}],"collection":[{"href":"https:\/\/staging.advisera.com\/20000academy\/es\/wp-json\/wp\/v2\/pages"}],"about":[{"href":"https:\/\/staging.advisera.com\/20000academy\/es\/wp-json\/wp\/v2\/types\/page"}],"author":[{"embeddable":true,"href":"https:\/\/staging.advisera.com\/20000academy\/es\/wp-json\/wp\/v2\/users\/32"}],"replies":[{"embeddable":true,"href":"https:\/\/staging.advisera.com\/20000academy\/es\/wp-json\/wp\/v2\/comments?post=675"}],"version-history":[{"count":0,"href":"https:\/\/staging.advisera.com\/20000academy\/es\/wp-json\/wp\/v2\/pages\/675\/revisions"}],"wp:featuredmedia":[{"embeddable":true,"href":"https:\/\/staging.advisera.com\/20000academy\/es\/wp-json\/wp\/v2\/media\/17187"}],"wp:attachment":[{"href":"https:\/\/staging.advisera.com\/20000academy\/es\/wp-json\/wp\/v2\/media?parent=675"}],"wp:term":[{"taxonomy":"toolkit-document-types","embeddable":true,"href":"https:\/\/staging.advisera.com\/20000academy\/es\/wp-json\/wp\/v2\/toolkit-document-types?post=675"}],"curies":[{"name":"wp","href":"https:\/\/api.w.org\/{rel}","templated":true}]}}