{"id":674,"date":"2015-05-14T11:22:46","date_gmt":"2015-05-14T11:22:46","guid":{"rendered":"https:\/\/multiacademstg.wpengine.com\/20000academy\/what-is-ohsas-18001-2\/"},"modified":"2023-12-06T14:27:15","modified_gmt":"2023-12-06T14:27:15","slug":"was-ist-iso-20000","status":"publish","type":"page","link":"https:\/\/staging.advisera.com\/20000academy\/de\/was-ist-iso-20000\/","title":{"rendered":"Was ist die ISO 20000?"},"content":{"rendered":"<div id=\"pl-674\"  class=\"panel-layout\" ><div id=\"pg-674-0\"  class=\"panel-grid panel-no-style\" ><div id=\"pgc-674-0-0\"  class=\"panel-grid-cell\" ><div id=\"panel-674-0-0-0\" class=\"so-panel widget widget_hero-with-buttons-widget panel-first-child\" data-index=\"0\" ><div\n\t\t\t\n\t\t\tclass=\"so-widget-hero-with-buttons-widget so-widget-hero-with-buttons-widget-default-d75171398898-674\"\n\t\t\t\n\t\t><section class=\"iso-hero sans\" style=\"background: #03284d;\">\n    <div class=\"container\">\n        <h1 class=\"iso-hero_title  \">\n            Was ist die ISO 20000?\n        <\/h1>\n        <p class=\"iso-hero_subtitle \">\n                Erfahren Sie, warum die ISO 20000 Ihrem Unternehmen Vorteile bringen kann\n        <\/p>\n        <div class=\"iso-hero_buttons\">\n                            <div class=\"iso-hero_button\">\n                    <div class=\"button-image\">\n                        <img decoding=\"async\" width=\"64\" height=\"64\" src=\"\/wp-content\/uploads\/sites\/6\/2021\/10\/what-is-ITIL-AND-ISO-20000-template-button.png\" class=\"attachment-full size-full\" alt=\"-\">\n                    <\/div>\n                    <div class=\"button-content\">\n                        <span>ISO 20000 VORLAGEN<\/span>\n                    <\/div>\n                    <a href=\"https:\/\/staging.advisera.com\/20000academy\/de\/iso-20000-dokumentations-paket\/\"><\/a>\n                <\/div>\n                            <div class=\"iso-hero_button\">\n                    <div class=\"button-image\">\n                        <img decoding=\"async\" width=\"67\" height=\"67\" src=\"\/wp-content\/uploads\/sites\/6\/2021\/10\/what-is-ITIL-AND-ISO-20000-Free-Materials-button.png\" class=\"attachment-full size-full\" alt=\"-\">\n                    <\/div>\n                    <div class=\"button-content\">\n                        <span>KOSTENLOSE MATERIALIEN<\/span>\n                    <\/div>\n                    <a href=\"https:\/\/staging.advisera.com\/de\/ressourcen\/iso-20000-kostenlose-downloads\/\"><\/a>\n                <\/div>\n                    <\/div>\n    <\/div>\n<\/section><\/div><\/div><div id=\"panel-674-0-0-1\" class=\"so-panel widget widget_content-with-sidebar-widget panel-last-child\" data-index=\"1\" ><div\n\t\t\t\n\t\t\tclass=\"so-widget-content-with-sidebar-widget so-widget-content-with-sidebar-widget-default-d75171398898-674\"\n\t\t\t\n\t\t><section class=\"content-with-sidebar\">\n<div class=\"container\">\n\n    <div class=\"sidebar-area\">\n        <div class=\"sidebar-bg\"><\/div>\n        <div class=\"sidebar-wrapper\">\n            <div class=\"sidebar\">\n\n                \n                <h2 class=\"sidebar-title\">\n                    INHALTSVERZEICHNIS\n                <\/h2>\n\n                                    <div class=\"sidebar-item no-collapse\">\n                        <div class=\"sidebar-item-links\">\n                            <a class=\"scrollToAnchor\" href=\"#section1\">Einf\u00fchrung<\/a>\n<a class=\"scrollToAnchor\" href=\"#section2\">Unterschiede zu ITIL<\/a>\n<a class=\"scrollToAnchor\" href=\"#section3\">Wichtigkeit<\/a>\n<a class=\"scrollToAnchor\" href=\"#section4\">Aussehen von ISO 20000<\/a>\n<a class=\"scrollToAnchor\" href=\"#section5\">Eine gute Idee<\/a>\n<a class=\"scrollToAnchor\" href=\"#section6\">Die Zertifizierung erhalten<\/a>\n<a class=\"scrollToAnchor\" href=\"#section7\">Verpflichtende Schritte<\/a>\n<a class=\"scrollToAnchor\" href=\"#section8\">F\u00fcr Personen<\/a>\n                        <\/div>\n                    <\/div>\n\n                            <\/div>\n        <\/div>\n    <\/div>\n    <div class=\"content-area\">\n        <div class=\"what-is-groups\">\n\n            \n            <h2 id=\"section1\"><strong>Suchen Sie nach einer einfachen Antwort auf die Frage: \u201eWas ist die ISO 20000?\u201c<\/strong><\/h2>\n<p>Nun, das geht nicht nur Ihnen so! Hier erhalten Sie eine \u00dcbersicht \u00fcber die ISO 20000 und Sie erfahren, warum Ihr ganzes Unternehmen davon profitieren kann. Sie werden auch die Anforderungen der ISO 20000 kennenlernen, sowie etwas zu der praktischen Umsetzung dieser Anforderungen auf den Schritten hin zur Zertifizierung erfahren.<\/p>\n<h2><strong>Ihre einfache Einf\u00fchrung in die Grundlagen der ISO 20000<\/strong><\/h2>\n<p>Die ISO 20000 ist ein internationaler Standard f\u00fcr das IT Service Management (ITSM), welcher von der ISO (International Organization for Standardization) und der ICE (International Electoral Commission) ver\u00f6ffentlich wird. Um zu einem internationalen Standard werden zu k\u00f6nnen, musste die Mehrzahl der Mitgliedsl\u00e4nder der ISO 20000 zustimmen. Und das bedeutet, dass die meisten L\u00e4nder dieser Erde ihr Einverst\u00e4ndnis gaben.<\/p>\n<p>Dieser Standard beschreibt ein ganzes Set von Managementprozessen, die entworfen wurden, um sowohl innerhalb eines Unternehmens, als auch gegen\u00fcber den Kunden einen effektiveren IT Service bereitstellen zu k\u00f6nnen. Dabei bietet die ISO 20000 die Methodik und das System, um Ihnen beim ITSM zu helfen und stellt nebenbei auch noch sicher, dass Ihr Unternehmen Best Practices befolgt, diese Best Practices wiederum tragen dazu bei, Ihre Bereitstellung von IT-Services zu verbessern. Die ISO 20000 kann in Unternehmen jeder Gr\u00f6\u00dfenordnung und in jeder Branche angewendet werden.<\/p>\n<h2 id=\"section2\"><strong>Und was unterscheidet die ISO 20000 von ITIL?<\/strong><\/h2>\n<p>Der eigentliche Unterschied zwischen der ISO 20000 und ITIL besteht darin, dass die ISO 20000 Ihnen die Methodik und das System an die Hand gibt (was man auch als die Puzzlest\u00fccke zum Konstruieren eines ITSM ansehen k\u00f6nnte). ITIL hingegen versorgt Sie mit vielen Details (den Practices), die Ihnen sagen, wie Sie wirklich jeden IT-Prozess in Ihrem Unternehmen am optimalsten gestalten k\u00f6nnen (wie Sie das ITSM-Puzzle also zusammenf\u00fcgen m\u00fcssen).<\/p>\n<p>Ein guter Ansatz zum Verstehen w\u00e4re auch, dass die\u00a0<strong>ISO 2000 einem sagt, was man tun muss<\/strong>, w\u00e4hrend\u00a0<strong>ITIL sagt, wie man es anstellen soll.<\/strong><\/p>\n<p>Die ISO 20000 kann absolut isoliert nicht funktionieren. Sie kann zwar auch ohne ITIL implementiert werden, doch nebeneinander eingesetzt l\u00e4uft es erfahrungsgem\u00e4\u00df am besten.<\/p>\n<p>Im Gegensatz zu einem Standard bietet ITIL ein praktisches System aus\u00a0<em>Best Practices<\/em>, die darauf abzielen, die IT Services Ihres Unternehmens mit dessen Bed\u00fcrfnissen in Einklang zu bringen. Als Unternehmen kann man keine ITIL-Zertifizierung erlangen. Man kann lediglich mit den Richtlinien der Best Practices \u00fcbereinstimmen.<\/p>\n<p>Die ISO 20000 basiert auf den grunds\u00e4tzlichen Prinzipien von ITIL und sie ist ein Standard, den sich Ihr Unternehmen zertifizieren lassen kann.<\/p>\n<p>Will sich hingegen eine Einzelperson im Bereich des ITSM und international anerkannter Zertifikate hervortun, so kann sie sich Ihr Wissen um ITIL und der ISO 20000 zertifizieren lassen (entsprechende Lehrg\u00e4nge werden im Verlauf noch zum Thema).<\/p>\n<p>Die Zertifizierung eines Unternehmens nach der ISO 20000 ist ein essentieller Beweis daf\u00fcr, dass die Best Practices implementiert wurden. Um die Zertifizierung nach ISO 20000 zu erlangen ist ITIL nicht erforderlich. Doch das Erreichen wird wesentlich leichter, wenn man dem Ansatz von ITIL im IT Service Management folgt. Wenn Sie mehr dazu erfahren wollen, dann lesen Sie am besten unser Whitepaper: <a title=\"Kostenlose Downloads\" href=\"https:\/\/info.staging.advisera.com\/20000academy\/free-download\/itil-vs-iso-iec-20000-similarities-and-differences-process-mapping\/\">ITIL vs. ISO 20000<\/a> (in Englisch).<\/p>\n<p><div id=\"middle-banner\" class=\"banner-shortcode\"><\/div><script>loadMiddleBanner();<\/script><\/p>\n<h2 id=\"section3\"><strong>Auf den Punkt gebracht \u2013 warum ist die ISO 20000 so wichtig?<\/strong><\/h2>\n<p>Um die Bedeutung der ISO 20000 ermessen zu k\u00f6nnen bedarf es eines tieferen Verst\u00e4ndnisses f\u00fcr die Beziehung zwischen der IT und dem Erfolg Ihres gesamten Unternehmens. Sie sind von einer gut funktionierenden IT abh\u00e4ngig, wenn Sie ihre Unternehmensziele erreichen wollen. Die IT hat Einfluss auf Ihre Arbeitsweise und Ihre Kommunikation \u2013 es ist ein fundamentaler Bestandteil der Art und Weise, wie Sie Ihr Gesch\u00e4ft f\u00fchren.<\/p>\n<p>Sie benutzen die IT, um Ihre Konkurrenz auszustechen, um ein gr\u00f6\u00dferes Publikum zu erreichen und um produktiver und effizienter zu werden. Ihre IT ist auf unz\u00e4hligen Wegen daran beteiligt Ihr Einkommen zu steigern, Ihre Kosten zu senken und die Reputation Ihres Unternehmens zu erh\u00f6hen.<\/p>\n<p>Es ist also absolut wichtig das Beste aus Ihren Investitionen in die IT herauszuholen \u2013 d.h., dass IT Services sehr gut geplant, entworfen, gemanagt und angeboten werden m\u00fcssen. Ohne ein qualitativ hochwertiges IT Service Management schlagen IT Projekte in der Regel fehl oder laufen, mit Blick auf die Kosten, v\u00f6llig aus dem Ruder. Die laufenden Kosten lassen sich dann zunehmend schwerer steuern und man hat schon viele Unternehmen zusammenbrechen sehen, bevor Sie aus ihren Investitionen Gewinne ziehen konnten.<\/p>\n<p>Das einfache Anlegen hoher IT Service Management Standards ist also ein fundamentaler Bestandteil Ihres Erfolgs. Und die Einhaltung des Standards ISO 20000 ist eine M\u00f6glichkeit, diese Qualit\u00e4t zu gew\u00e4hrleisten.<\/p>\n<h2 id=\"section4\"><strong>Wie sieht die ISO 20000 momentan aus?<\/strong><\/h2>\n<p>Obwohl sie insgesamt aus 8 Teilen besteht, kommen vor allem 2 davon h\u00e4ufiger f\u00fcr die\u00a0<strong>ISO 20000<\/strong>\u00a0zur Anwendung:<\/p>\n<p>Die\u00a0<strong>ISO 20000-1:2018<\/strong>\u00a0ist ganz formal betrachtet die\u00a0<strong>Spezifikation f\u00fcr das IT Service Management<\/strong>. Sie definiert eindeutig die Anforderungen an das Management von IT Services, damit diese den Kunden in ausreichender Qualit\u00e4t angeboten werden k\u00f6nnen. Sie umfasst Anforderungen an das Service-Management-System (SMS) in folgenden Bereichen:<\/p>\n<ul>\n<li>Kontext der Organisation<\/li>\n<li>Leitung<\/li>\n<li>Planung<\/li>\n<li>Unterst\u00fctzung des Service Management Systems<\/li>\n<li>Betrieb des Service Management Systems<\/li>\n<li>Leistungsbewertung<\/li>\n<li>Verbesserungen<\/li>\n<\/ul>\n<p>Der zweite Teil, die ISO 20000-2:2019 ist der Leitfaden f\u00fcr das IT Service Management. Dabei handelt es sich um eine Anleitung zur Durchf\u00fchrung dieses Service Management Systems. Anders gesagt hilft es Ihnen dabei, die Anforderungen des Standards zu interpretieren. Damit werden die n\u00fctzlichsten Management Prozesse festgelegt, was vor allem dann hilfreich ist, wenn Sie sich auf ein ISO 20000 Audit vorbereiten oder die Verbesserung eines Services planen.<\/p>\n<p>Ein wichtiger Hinweis: Ihr Unternehmen kann lediglich eine Zertifizierung f\u00fcr die ISO 20000-1:2018 erhalten. Die ISO 20000-2:2019 ist nur ein Leitfaden.<\/p>\n<p>Welche Vorteile bringt die ISO 20000 also mit sich?<\/p>\n<h2 id=\"section5\"><strong>Was macht die ISO 20000 zu einer guten Idee f\u00fcr Ihr Unternehmen?<\/strong><\/h2>\n<p>Die aus der ISO 20000 erwachsenden Vorteile k\u00f6nnen gar nicht hoch genug eingesch\u00e4tzt werden. Gro\u00dfe und kleine Unternehmen habe gro\u00dfartige Effekte damit erzielt. So wurden zum Beispiel enorme Kosten und Energieeinsparungen realisiert. Hier folgen nun einige der Vorteile:<\/p>\n<p><strong>Verbessern Sie Ihr Image und Ihre Glaubw\u00fcrdigkeit<\/strong>\u00a0\u2013 die ISO 20000 ist der einzige international anerkannte Standard f\u00fcr das IT Service Management. Die weltweite Durchsetzung dieses Standards stieg in den letzten Jahren rasant an. Mittlerweile wird die ISO 20000 am Markt als ein wesentliches Unterscheidungsmerkmal zwischen Unternehmen angesehen. Und da es sich um einen bekannten und vielfach gepr\u00fcften Standard handelt k\u00f6nnen Sie sich der Wirksamkeit und Skalierbarkeit der Prozesse sicher sein.<\/p>\n<p><strong>Steigern Sie Ihre Produktivit\u00e4t<\/strong>\u00a0\u2013 Steigern Sie Ihre Wettbewerbsf\u00e4higkeit, indem Sie sowohl Effektivit\u00e4t als auch Effizienz des Unternehmens durch verl\u00e4ssliche IT Services anheben. Wenn jeder genau wei\u00df, was er wann und wie zu tun hat, reduzieren Sie auf der einen Seite die auflaufenden Incidents und erh\u00f6hen andererseits die Kompetenz mit ihnen umzugehen.<\/p>\n<p><strong>Gesteigerte Kundenzufriedenheit<\/strong> \u2013 Egal, ob es um interne oder externe Kunden geht. Sie werden in der Lage sein verbesserte IT Service anzubieten, die genau den Bed\u00fcrfnissen der Kunden entsprechen. Gleichzeitig werden das Unternehmen und seine Unternehmenswerte, die Anteilseigner und die Gesch\u00e4ftsleitung besser gesch\u00fctzt.<\/p>\n<p><strong>Leistungen erfassen und verbessern<\/strong> \u2013 Sie k\u00f6nnen die Prozesse und Aktivit\u00e4ten Ihres Unternehmens mit dem internationalen Standard f\u00fcr das ITSM vergleichen (und erforderliche Verbesserung ganz einfach identifizieren und implementieren). Au\u00dferdem wird Ihr Unternehmen zur Zertifizierung von einer unabh\u00e4ngigen Person gepr\u00fcft, wodurch Sie (und jede andere mit Ihrem Unternehmen interagierende Person) sicher sein k\u00f6nnen, dass Sie das erforderliche Serviceniveau erf\u00fcllen.<\/p>\n<p><strong>Komplett integrierte Prozesse<\/strong>\u00a0\u2013 die 20000 hilft Ihnen dabei die IT Services nach der Strategie des Unternehmens auszurichten. So haben Sie die Sicherheit, dass stets die IT Service Management L\u00f6sungen genutzt werden, mit denen die Kunden zufrieden sind und welche die Anforderungen Ihres Unternehmens abdecken.<\/p>\n<p><strong>Reduzierung der IT-Ausgaben<\/strong>\u00a0\u2013 Verstehen und steuern Sie die Kosten f\u00fcr Ihre IT. Planen Sie zuk\u00fcnftige finanzielle Aufwendungen wesentlich genauer. Durch einfachere Prozesse und eindeutige Zust\u00e4ndigkeiten k\u00f6nnen Ihre IT Services schlanker werden und wesentlich effektiver operieren.<\/p>\n<p><strong>Schaffen Sie eine Kultur der st\u00e4ndigen Verbesserung<\/strong>\u00a0\u2013 Ihr Gesch\u00e4ftsumfeld steht niemals still \u2013 das gilt gerade f\u00fcr die heutige Zeit der digitalen und technischen Innovationen. Das Sicherstellen von immer neuen Verbesserungsprozessen als Reaktion auf das Feedback der Kunden ist nicht nur nettes Beiwerk \u2013 es ist heutzutage unabdingbar, wenn das Unternehmen auf lange Sicht Bestand haben soll. Dies bezieht sich ebenfalls auf Verbesserungsvorg\u00e4nge innerhalb Ihres Unternehmens, auf den Wandeln der Technologie und die Weiterentwicklung der Gesch\u00e4ftsnormen.<\/p>\n<p><strong>Bewegliches und flexibles Unternehmen<\/strong>\u00a0\u2013 Die ISO 20000 gibt Ihnen ein solides System aus Best Practices zur Hand, das Innovationen unterst\u00fctzt. So k\u00f6nnen Ver\u00e4nderungen in Ihrem Unternehmen schneller \u00fcbernommen werden. Das hei\u00dft, dass sowohl interne, als auch externe Risiken minimiert werden, w\u00e4hrend Ihr Unternehmen schneller die gesteckten Ziele erreicht.<\/p>\n<p><strong>Wettbewerbsvorteil steigern<\/strong>\u00a0\u2013 Durch das Anbieten von verl\u00e4sslichen und effektiven IT Services erh\u00e4lt Ihr Unternehmen gegen\u00fcber Ihrer Konkurrenz nachhaltige Vorteile. So k\u00f6nnen Sie zum Beispiel die Anzahl von IT-St\u00f6rungen minimieren und gleichzeitig auch noch schneller auf Probleme reagieren. So k\u00f6nnen Sie mehr Zeit f\u00fcr die strategische IT Entwicklung in Ihrem Unternehmen einsetzen.<\/p>\n<h2 id=\"section6\"><strong>Was sind die praktischen Schritte auf dem Weg zur ISO 20000 Zertifizierung?<\/strong><\/h2>\n<p>Wenn Ihr Unternehmen die Zertifizierung erlangen m\u00f6chte, muss es zun\u00e4chst von einer anerkannten Zertifizierungsstelle formal bewertet werden. Dabei m\u00fcssen Sie die Qualit\u00e4t Ihrer IT Prozesse demonstrieren und dabei dem ISO 20000-1 Standard entsprechen. Auch Einzelpersonen k\u00f6nnen diese Zertifizierung erhalten. Dazu m\u00fcssen Sie Pr\u00fcfungen bestehen (Details dazu finden Sie weiter unten).<\/p>\n<p>Um als Unternehmen dem Standard gerecht zu werden, ist eine ganze Reihe von Dokumenten unabdingbar. Klicken Sie hier, um eine herunterladbare\u00a0<a href=\"https:\/\/staging.advisera.com\/20000academy\/blog\/2019\/10\/10\/iso-20000-mandatory-documents-according-to-the-2018-revision\/\">Liste dieser Dokumente<\/a> (in Englisch)\u00a0zu erhalten.<\/p>\n<p>Doch allein das Erstellen einer ITSM Prozess Dokumentation reicht nicht aus (und wird auch nicht Ihre Probleme l\u00f6sen). Um die Zertifizierung sicherzustellen, m\u00fcssen Sie alle in der Dokumentation beschriebenen Aktivit\u00e4ten in Ihr Tagesgesch\u00e4ft integrieren.<\/p>\n<p>Am wichtigsten ist jedoch, dass Sie\u00a0<strong>den daraus gezogenen Nutzen aufzeigen.\u00a0<\/strong>Das Erstellen der Dokumentation und das Umsetzen aller Ver\u00e4nderungen sind nahezu nutzlos, wenn Sie es nicht verstehen, die Vorteile der ISO 20000 f\u00fcr Ihr Unternehmen in der Realit\u00e4t umzusetzen. Mit Recht w\u00fcrden Ihre Angestellten dann fragen, warum Sie sie damit bel\u00e4stigen.<\/p>\n<h2 id=\"section7\"><strong>Unabdingbare Schritte beim Beenden der Implementierung auf dem Weg zum Zertifikat<\/strong><\/h2>\n<p>Nachdem die Dokumentation erstellt wurde und alle Prozesse im Unternehmen implementiert sind, m\u00fcssen folgende Schritte durchgef\u00fchrt werden, um einen erfolgreichen Abschluss des Projektes sicherzustellen.<\/p>\n<p><strong>Internes Audit<\/strong>\u00a0\u2013 Der Zweck eines internen Audits liegt in der \u00dcberpr\u00fcfung Ihrer ITSM Prozesse. Es geht um das Aufdecken von Problemen und Schwachstellen, die ansonsten verborgen bleiben w\u00fcrden.<\/p>\n<p><strong>Management Review<\/strong>\u00a0\u2013 Ein formaler Weg, \u00fcber den Ihr Management alle relevanten Fakten bez\u00fcglich des IT Service Managements erfasst und so angemessene Entscheidungen trifft.<\/p>\n<p><strong>Korrigierende Ma\u00dfnahmen<\/strong>\u00a0\u2013 Beim Auswerten der internen Audits im Management Review m\u00fcssen identifizierte Probleme behoben und deren L\u00f6sung dokumentiert werden.<\/p>\n<p>Der eigentliche Prozess der Zertifizierung ist in 2 Phasen unterteilt:<\/p>\n<p><strong>Phase 1 (Dokumentations-Review)<\/strong>\u00a0\u2013 der zertifizierende Auditor \u00fcberpr\u00fcft die erstellte Dokumentation auf die Konformit\u00e4t zur ISO 20000.<\/p>\n<p><strong>Phase 2 (Haupt-Audit)<\/strong>\u00a0\u2013 in diesem Audit kontrolliert der zertifizierende Auditor, ob Ihr Unternehmen sowohl den Anforderungen der ISO 20000, als auch der eigenen Dokumentation entspricht.<\/p>\n<h2 id=\"section8\"><strong>Wie kann man sich als Einzelperson nach ISO 20000 zertifizieren lassen?<\/strong><\/h2>\n<p>Auch als Einzelperson kann man sich nach der ISO 20000 zertifizieren lassen. Dazu muss man zum Beispiel den Lehrgang zum ISO 20000 Lead Auditor oder zum ISO 20000 Lead Implementer erfolgreich abschlie\u00dfen. Viele Arbeitgeber unterst\u00fctzen eine solche Ausbildung, da qualifizierte ISO 20000 Fachleute bei der Implementierung der ISO 20000 im Unternehmen eine gro\u00dfe Hilfe sind (was auch f\u00fcr die Zeit nach der Zertifizierung gilt).<\/p>\n<p>Einzelpersonen k\u00f6nnen aus einer ganzen Bandbreite an Lehrg\u00e4ngen w\u00e4hlen:<\/p>\n<p><strong>ISO 20000 Grundlehrgang<\/strong>\u00a0\u2013 Sie sind mit der ISO 20000 nicht vertraut? Dann ist dieser Lehrgang genau das Richtige f\u00fcr Sie, denn er vermittelt die Inhalte und die Anforderungen dieses Standards. Nach erfolgreichem Abschluss wird es Ihnen leichter fallen, den wahren Wert der ISO 20000 in Bezug auf die Aktivit\u00e4ten des IT Service Managements Ihres Unternehmens zu erkennen.<\/p>\n<p><strong>ISO 20000 Lead Auditor Lehrgang<\/strong>\u00a0\u2013 Dieser Lehrgang ist vor allem f\u00fcr die Experten sinnvoll, die mit der Implementierung der ISO 20000 betraut sind. Sie erhalten eine exzellente \u00dcbersicht \u00fcber den Standard und tiefergehende Erkl\u00e4rungen zu den Fragen des Auditors, die im Zertifizierungs-Audit fallen werden. Aus diesem Grund ist es sowohl f\u00fcr Auditoren, als auch f\u00fcr die mit der Implementierung betrauten Personen ein n\u00fctzlicher Lehrgang. Er dauert insgesamt 5 Tage und endet mit einer schriftlichen Pr\u00fcfung.<\/p>\n<p><strong>ISO 20000 Lead Implementer Lehrgang<\/strong>\u00a0\u2013\u00a0Grunds\u00e4tzlich entspricht der Kurs dem Lead Auditor Lehrgang. Allerdings wird hier mehr Wert auf die Vermittlung von Techniken zur Implementierung als auf das Audit an sich gelegt. Wenn die eigentliche Zertifizierung nicht Ihre gro\u00dfe Sorge ist, dann ist dies wahrscheinlich eher ihr Lehrgang.<\/p>\n<p><strong>ISO 20000 Internal Auditor Lehrgang<\/strong>\u00a0\u2013\u00a0Hierbei handelt es sich um die \u201cLight\u201d Version des Lead Auditor Lehrgangs und er dauert nur 2 bis 3 Tage. Mit diesem komprimierten Lehrgang k\u00f6nnen Sie zwar keine Kariere bei einer anerkannten Zertifizierungstelle starten, doch wenn Sie einen systematischen Einstieg in die ISO 20000 suchen oder wenn Sie der interne Auditor Ihren Unternehmens werden wollen, dann ist dieser Kurs genau das Richtige f\u00fcr Sie.<\/p>\n<p>Auf der ganzen Erde gibt es zahlreiche anerkannte Bildungstr\u00e4ger, bei denen Sie Ihre individuelle Qualifikation in punkto ISO 20000 erwerben k\u00f6nnen.<\/p>\n<p><em>Um mehr \u00fcber die Implementierung von ISO 20000 zu erfahren, besuchen Sie bitte unser Lernzentrum. Dort finden Sie eine Vielzahl hilfreicher Ressourcen, darunter <a href=\"https:\/\/staging.advisera.com\/20000academy\/de\/kostenlose-downloads\/\">kostenlose ISO 20000-Downloads<\/a>.<\/em><\/p>\n\n\n            \n        <\/div>\n    <\/div>\n<\/div>\n<\/section>\n<\/div><\/div><\/div><\/div><\/div>","protected":false},"excerpt":{"rendered":"<p>Was ist die ISO 20000? Erfahren Sie, warum die ISO 20000 Ihrem Unternehmen Vorteile bringen kann ISO 20000 VORLAGEN KOSTENLOSE MATERIALIEN INHALTSVERZEICHNIS Einf\u00fchrung Unterschiede zu ITIL Wichtigkeit Aussehen von ISO 20000 Eine gute Idee Die Zertifizierung erhalten Verpflichtende Schritte F\u00fcr Personen Suchen Sie nach einer einfachen Antwort auf die Frage: \u201eWas ist die ISO 20000?\u201c &#8230;<\/p>\n","protected":false},"author":32,"featured_media":17184,"parent":0,"menu_order":36,"comment_status":"open","ping_status":"closed","template":"page-what-is-iso.php","meta":{"_acf_changed":false,"footnotes":""},"toolkit-document-types":[],"class_list":["post-674","page","type-page","status-publish","has-post-thumbnail","hentry"],"acf":[],"_links":{"self":[{"href":"https:\/\/staging.advisera.com\/20000academy\/de\/wp-json\/wp\/v2\/pages\/674","targetHints":{"allow":["GET"]}}],"collection":[{"href":"https:\/\/staging.advisera.com\/20000academy\/de\/wp-json\/wp\/v2\/pages"}],"about":[{"href":"https:\/\/staging.advisera.com\/20000academy\/de\/wp-json\/wp\/v2\/types\/page"}],"author":[{"embeddable":true,"href":"https:\/\/staging.advisera.com\/20000academy\/de\/wp-json\/wp\/v2\/users\/32"}],"replies":[{"embeddable":true,"href":"https:\/\/staging.advisera.com\/20000academy\/de\/wp-json\/wp\/v2\/comments?post=674"}],"version-history":[{"count":0,"href":"https:\/\/staging.advisera.com\/20000academy\/de\/wp-json\/wp\/v2\/pages\/674\/revisions"}],"wp:featuredmedia":[{"embeddable":true,"href":"https:\/\/staging.advisera.com\/20000academy\/de\/wp-json\/wp\/v2\/media\/17184"}],"wp:attachment":[{"href":"https:\/\/staging.advisera.com\/20000academy\/de\/wp-json\/wp\/v2\/media?parent=674"}],"wp:term":[{"taxonomy":"toolkit-document-types","embeddable":true,"href":"https:\/\/staging.advisera.com\/20000academy\/de\/wp-json\/wp\/v2\/toolkit-document-types?post=674"}],"curies":[{"name":"wp","href":"https:\/\/api.w.org\/{rel}","templated":true}]}}