{"id":5916,"date":"2015-05-14T11:22:46","date_gmt":"2015-05-14T11:22:46","guid":{"rendered":"https:\/\/multiacademstg.wpengine.com\/14001academy\/what-is-iso-14001\/-2\/"},"modified":"2024-12-20T15:22:14","modified_gmt":"2024-12-20T15:22:14","slug":"o-que-e-a-iso-14001","status":"publish","type":"page","link":"https:\/\/staging.advisera.com\/14001academy\/pt-br\/o-que-e-a-iso-14001\/","title":{"rendered":"O que \u00e9 a ISO 14001?"},"content":{"rendered":"<div id=\"pl-5916\"  class=\"panel-layout\" ><div id=\"pg-5916-0\"  class=\"panel-grid panel-no-style\" ><div id=\"pgc-5916-0-0\"  class=\"panel-grid-cell\" ><div id=\"panel-5916-0-0-0\" class=\"so-panel widget widget_hero-with-buttons-widget panel-first-child\" data-index=\"0\" ><div\n\t\t\t\n\t\t\tclass=\"so-widget-hero-with-buttons-widget so-widget-hero-with-buttons-widget-default-d75171398898-5916\"\n\t\t\t\n\t\t><section class=\"iso-hero sans\" style=\"background: #03284d;\">\n    <div class=\"container\">\n        <h1 class=\"iso-hero_title  \">\n            O que \u00e9 a ISO 14001?\n        <\/h1>\n        <p class=\"iso-hero_subtitle \">\n                \n        <\/p>\n        <div class=\"iso-hero_buttons\">\n                            <div class=\"iso-hero_button\">\n                    <div class=\"button-image\">\n                        <img decoding=\"async\" width=\"64\" height=\"64\" src=\"\/wp-content\/uploads\/sites\/4\/2021\/10\/what-is-ISO-14001-Templates-button.png\" class=\"attachment-full size-full\" alt=\"-\">\n                    <\/div>\n                    <div class=\"button-content\">\n                        <span>MODELOS ISO 14001<\/span>\n                    <\/div>\n                    <a href=\"https:\/\/staging.advisera.com\/14001academy\/pt-br\/kit-de-documentacao-da-iso-14001\/\"><\/a>\n                <\/div>\n                            <div class=\"iso-hero_button\">\n                    <div class=\"button-image\">\n                        <img decoding=\"async\" width=\"67\" height=\"67\" src=\"\/wp-content\/uploads\/sites\/4\/2021\/10\/what-is-ISO-14001-Courses-button.png\" class=\"attachment-full size-full\" alt=\"-\">\n                    <\/div>\n                    <div class=\"button-content\">\n                        <span>CURSOS ISO 14001<\/span>\n                    <\/div>\n                    <a href=\"https:\/\/staging.advisera.com\/training\/iso-14001-courses\/\"><\/a>\n                <\/div>\n                            <div class=\"iso-hero_button\">\n                    <div class=\"button-image\">\n                        <img decoding=\"async\" width=\"67\" height=\"67\" src=\"\/wp-content\/uploads\/sites\/4\/2021\/10\/what-is-ISO-14001-Free-Materials-button.png\" class=\"attachment-full size-full\" alt=\"-\">\n                    <\/div>\n                    <div class=\"button-content\">\n                        <span>MATERIAIS GRATUITOS<\/span>\n                    <\/div>\n                    <a href=\"https:\/\/staging.advisera.com\/14001academy\/free-downloads\/\"><\/a>\n                <\/div>\n                    <\/div>\n    <\/div>\n<\/section><\/div><\/div><div id=\"panel-5916-0-0-1\" class=\"so-panel widget widget_content-with-sidebar-widget panel-last-child\" data-index=\"1\" ><div\n\t\t\t\n\t\t\tclass=\"so-widget-content-with-sidebar-widget so-widget-content-with-sidebar-widget-default-d75171398898-5916\"\n\t\t\t\n\t\t><section class=\"content-with-sidebar\">\n<div class=\"container\">\n\n    <div class=\"sidebar-area\">\n        <div class=\"sidebar-bg\"><\/div>\n        <div class=\"sidebar-wrapper\">\n            <div class=\"sidebar\">\n\n                \n                <h2 class=\"sidebar-title\">\n                    SUM\u00c1RIO\n                <\/h2>\n\n                                    <div class=\"sidebar-item no-collapse\">\n                        <div class=\"sidebar-item-links\">\n                            <a class=\"scrollToAnchor\" href=\"#what-is-iso\">O que \u00e9 a ISO 14001?<\/a>\n<a class=\"scrollToAnchor\" href=\"#introduction\">Introdu\u00e7\u00e3o<\/a>\n<a class=\"scrollToAnchor\" href=\"#what-is-EMS\">O que \u00e9 um SGA?<\/a>\n<a class=\"scrollToAnchor\" href=\"#importance\">Import\u00e2ncia da ISO 14001<\/a>\n<a class=\"scrollToAnchor\" href=\"#structure\">Estrutura da ISO 14001<\/a>\n<a class=\"scrollToAnchor\" href=\"#benefits\">Benef\u00edcios da ISO 14001<\/a>\n<a class=\"scrollToAnchor\" href=\"#certification\">Tornando-se certificado<\/a>\n<a class=\"scrollToAnchor\" href=\"#mandatory-steps\">Etapas obrigat\u00f3rias<\/a>\n<a class=\"scrollToAnchor\" href=\"#training\">Treinamento para indiv\u00edduos<\/a>\n                        <\/div>\n                    <\/div>\n\n                            <\/div>\n        <\/div>\n    <\/div>\n    <div class=\"content-area\">\n        <div class=\"what-is-groups\">\n\n            \n            <h2 id=\"what-is-iso\">\u201cO que \u00e9 a ISO 14001?\u201d Existe um resposta simples para esta quest\u00e3o?<\/h2>\n<p>Voc\u00ea n\u00e3o est\u00e1 sozinho neste pensamento. Esta vis\u00e3o geral est\u00e1 aqui para voc\u00ea aprender o b\u00e1sico da ISO 14001, ajudar voc\u00ea a descobrir quais s\u00e3o os requisitos da ISO 14001, e para dar a voc\u00ea uma orienta\u00e7\u00e3o sobre o que precisa ser feitos para implementar um sistema de gest\u00e3o ambiental e tornar-se certificado.<\/p>\n<h2 id=\"introduction\">Quais s\u00e3o os princ\u00edpios b\u00e1sicos da ISO 14001?<\/h2>\n<p>A ISO 14001 tornou-se a norma internacional para projeto e implementa\u00e7\u00e3o de um sistema de gest\u00e3o ambiental. A norma \u00e9 publicada pela ISO (International Organization for Standardization \u2013 Organiza\u00e7\u00e3o Internacional para Padroniza\u00e7\u00e3o), um organismo internacional que cria e distribui normas que s\u00e3o aceitas em todo o mundo. A mais recente vers\u00e3o dos requisitos para sistema de gest\u00e3o ambiental foi publicada em 2015, e \u00e9 referida como \u201cISO 14001:2015\u201d. A norma foi acordada por uma maioria dos pa\u00edses membros antes de ser liberada e atualizada, e como tal se tornou uma norma internacionalmente reconhecida aceita por uma maioria de pa\u00edses ao redor do mundo.<\/p>\n<p>Em um levantamento da certifica\u00e7\u00e3o ISO 14001 no final de 2017, o n\u00famero de empresas que implementaram um sistema de gest\u00e3o ambiental ISO 14001 mostra uma tend\u00eancia est\u00e1vel em todo o mundo. Abaixo est\u00e3o os resultados ao longo do dos \u00faltimos de 6 anos.<\/p>\n<p style=\"text-align: center;\"><img decoding=\"async\" class=\"aligncenter size-full wp-image-4699\" src=\"\/wp-content\/uploads\/\/sites\/4\/2018\/11\/number-of-iso-14001-certificates-per-year-pt-br-new.png\" alt=\"Number of ISO 14001 certificates per year\" width=\"600\" \/><\/p>\n<p style=\"text-align: center;\">Dados colhidos da <a href=\"https:\/\/www.iso.org\/the-iso-survey.html\" target=\"_blank\" rel=\"noopener\">Pesquisa ISO 2017<\/a><\/p>\n<h2 id=\"what-is-EMS\"><strong>O que \u00e9 um sistema de gest\u00e3o ambiental?<\/strong><\/h2>\n<p>Um sistema de gest\u00e3o ambiental, frequentemente chamado SGA, \u00e9 composto de pol\u00edticas, processos, planos, pr\u00e1ticas e registros que definem as regras governando como sua organiza\u00e7\u00e3o interage com o ambiente. Este sistema precisa ser adequado \u00e0 sua organiza\u00e7\u00e3o em particular, porque apenas a sua organiza\u00e7\u00e3o ter\u00e1 os exatos requisitos legais e intera\u00e7\u00f5es ambientais que combinam como seus processos de neg\u00f3cio espec\u00edficos. Contudo, os requisitos da ISO 14001 proveem uma estrutura e orienta\u00e7\u00f5es para a cria\u00e7\u00e3o do seu sistema de gest\u00e3o ambiental de forma que voc\u00ea n\u00e3o perca elementos importantes necess\u00e1rios para um SGA ser bem-sucedido.<\/p>\n<div class=\"what-item-full tab3\">\n<h2 id=\"importance\"><strong>Indo ao cerne do porqu\u00ea a ISO 14001 \u00e9 importante<\/strong><\/h2>\n<p>Tomar conta de nosso ambiente, e prevenir nossas organiza\u00e7\u00f5es de causar impactos negativos ao ambiente, s\u00e3o os dois desafios mais importantes enfrentados pelo neg\u00f3cio dos dias de hoje. Um dos maiores benef\u00edcios da implementa\u00e7\u00e3o de um SGA est\u00e1 no reconhecimento que vem por estar entre aqueles neg\u00f3cios que se preocupam o bastante em reduzir sua pegada ambiental. Isto pode trazer melhores relacionamentos com clientes, o p\u00fablico, e a comunidade em torno de sua organiza\u00e7\u00e3o, mas isso tamb\u00e9m traz outros benef\u00edcios.<\/p>\n<p>Juntamente com a boa imagem p\u00fablica, muitas organiza\u00e7\u00f5es podem economizar dinheiro atrav\u00e9s da implementa\u00e7\u00e3o de um sistema de gest\u00e3o ambiental. Isto pode ser atingido ao se reduzir incidentes que podem resultar em custos de responsabiliza\u00e7\u00e3o, ao ser capaz de obter seguros a custos mais razo\u00e1veis, e ao conservar mat\u00e9rias primas e energia atrav\u00e9s da redu\u00e7\u00e3o de esfor\u00e7os. Esta melhoria em controle de custo \u00e9 um benef\u00edcio que n\u00e3o pode ser desconsiderado ao se tomar a decis\u00e3o de implementar um sistema de gest\u00e3o ambiental.<\/p>\n<\/div>\n<h2 id=\"structure\"><strong>Como a ISO 14001 se parece?<\/strong><\/h2>\n<p>A estrutura da ISO 14001 \u00e9 dividida em dez se\u00e7\u00f5es. As tr\u00eas primeiras s\u00e3o introdut\u00f3rias, com as \u00faltimas sete contendo os requisitos para o sistema de gest\u00e3o ambiental. Aqui est\u00e1 sobre o que s\u00e3o as sete se\u00e7\u00f5es principais:<\/p>\n<p><strong>Se\u00e7\u00e3o 4: Contexto da organiza\u00e7\u00e3o<\/strong> \u2013 Esta se\u00e7\u00e3o fala sobre os requisitos para entender sua organiza\u00e7\u00e3o para implementar um SGA. Inclui os requisitos para identificar quest\u00f5es internas e externas, identificando as partes interessadas e suas expectativas, definindo o escopo do SGA e identificando os processos necess\u00e1rios para o SGA.<\/p>\n<p><strong>Se\u00e7\u00e3o 5: Lideran\u00e7a<\/strong> \u2013\u00a0Os requisitos de lideran\u00e7a cobrem a necessidade de que a alta ger\u00eancia seja instrumento na implementa\u00e7\u00e3o do SGA. A alta ger\u00eancia precisa demonstrar compromisso com o SGA, garantindo o compromisso ambiental, definindo e comunicando a pol\u00edtica ambiental e atribuindo pap\u00e9is e responsabilidades a toda a organiza\u00e7\u00e3o.<\/p>\n<p><strong>Se\u00e7\u00e3o 6: Planejamento<\/strong> \u2013\u00a0A alta ger\u00eancia tamb\u00e9m deve planejar o funcionamento cont\u00ednuo do SGA. Os riscos e as oportunidades do SGA na organiza\u00e7\u00e3o precisam ser avaliados, e os objetivos ambientais para melhoria precisam ser identificados e os planos devem ser feitos para atingir esses objetivos. Al\u00e9m disso, \u00e9 necess\u00e1rio que a organiza\u00e7\u00e3o avalie todas as maneiras pelas quais os processos organizacionais interagem e afetam o ambiente, bem como os compromissos legais e outros que s\u00e3o necess\u00e1rios para a organiza\u00e7\u00e3o.<\/p>\n<p><strong>Se\u00e7\u00e3o 7: Suporte<\/strong> \u2013 A se\u00e7\u00e3o de suporte lida com o gerenciamento de todos os recursos para o SGA e tamb\u00e9m inclui requisitos relacionados \u00e0 compet\u00eancia, conscientiza\u00e7\u00e3o, comunica\u00e7\u00e3o e controle das informa\u00e7\u00f5es documentadas (os documentos e registros necess\u00e1rios para seus processos).<\/p>\n<p><strong>Se\u00e7\u00e3o 8: Opera\u00e7\u00e3o<\/strong> \u2013 Os requisitos operacionais lidam com todos os aspectos dos controles ambientais necess\u00e1rios aos processos organizacionais, bem como a necessidade de identificar poss\u00edveis situa\u00e7\u00f5es de emerg\u00eancia e planejar respostas para que voc\u00ea esteja preparado para responder caso ocorra uma emerg\u00eancia.<\/p>\n<p><strong>Se\u00e7\u00e3o 9: Avalia\u00e7\u00e3o de desempenho<\/strong> \u2013 Esta se\u00e7\u00e3o inclui os requisitos necess\u00e1rios para garantir que voc\u00ea possa monitorar se o seu SGA est\u00e1 funcionando bem. Inclui monitoramento e medi\u00e7\u00e3o de seus processos, avalia\u00e7\u00e3o da conformidade ambiental, auditorias internas e an\u00e1lise cr\u00edtica cont\u00ednua do SGA pela dire\u00e7\u00e3o.<\/p>\n<p><strong>Se\u00e7\u00e3o 10: Melhoria<\/strong> \u2013 Esta \u00faltima se\u00e7\u00e3o inclui os requisitos necess\u00e1rios para tornar seu SGA melhor ao longo do tempo. Isso inclui a necessidade de avaliar a n\u00e3o-conformidade do processo e tomar a\u00e7\u00f5es corretivas para os processos.<\/p>\n<p>Estas se\u00e7\u00f5es est\u00e3o baseadas em um ciclo PDCA, o qual usa estes elementos para implementar mudan\u00e7as dentro dos processos da organiza\u00e7\u00e3o de forma direcionar e manter melhorias dentro dos processos.<\/p>\n<p style=\"text-align: center;\"><img decoding=\"async\" class=\"aligncenter size-full wp-image-4700\" src=\"\/wp-content\/uploads\/\/sites\/4\/2015\/05\/PDCA-cycle.png\" alt=\"PDCA cycle\" width=\"300\" height=\"300\" srcset=\"\/wp-content\/uploads\/sites\/4\/2015\/05\/PDCA-cycle.png 1004w, \/wp-content\/uploads\/sites\/4\/2015\/05\/PDCA-cycle-150x150.png 150w, \/wp-content\/uploads\/sites\/4\/2015\/05\/PDCA-cycle-300x300.png 300w, \/wp-content\/uploads\/sites\/4\/2015\/05\/PDCA-cycle-768x766.png 768w\" sizes=\"(max-width: 300px) 100vw, 300px\" \/><\/p>\n<p>Para saber mais sobre como isso funciona dentro do padr\u00e3o ISO 14001, este artigo do blog oferece uma explica\u00e7\u00e3o mais detalhada: <a title=\"Plan-Do-Check-Act in the ISO 14001 Standard\" href=\"\/14001academy\/pt-br\/knowledgebase\/pdca-na-norma-iso-14001\/\">PDCA na norma ISO 14001<\/a>.<\/p>\n<h2 id=\"benefits\"><strong>Por que voc\u00ea deveria implementar a ISO 14001 em sua organiza\u00e7\u00e3o?<\/strong><\/h2>\n<p>Os benef\u00edcios da ISO 14001 n\u00e3o podem ser exagerados; organiza\u00e7\u00f5es grandes e pequenas t\u00eam usado esta norma com grande efeito, como mencionado acima. Aqui est\u00e3o alguns poucos destes benef\u00edcios:<\/p>\n<p><strong>Melhore sua imagem e credibilidade<\/strong> - Ao assegurar aos seus clientes que voc\u00ea tem um comprometimento com uma gest\u00e3o demonstr\u00e1vel dos seus impactos ambientais, voc\u00ea pode melhorar sua imagem e participa\u00e7\u00e3o no mercado atrav\u00e9s da manuten\u00e7\u00e3o de uma boa imagem p\u00fablica e rela\u00e7\u00f5es melhoradas com a comunidade.<\/p>\n<p><strong>Melhore o controle de custos<\/strong> - Uma melhoria que todas as organiza\u00e7\u00f5es est\u00e3o buscando \u00e9 a redu\u00e7\u00e3o de custos. O SGA pode ajudar com isto por meio da conserva\u00e7\u00e3o de energia e de mat\u00e9ria prima, enquanto reduzindo incidentes nos quais a organiza\u00e7\u00e3o pode incorrer em custos de responsabilidade e controles ambientais melhorados podem ajudar a obter seguro a custos reduzidos para a organiza\u00e7\u00e3o.<\/p>\n<p><strong>Tome decis\u00f5es com base em evid\u00eancias<\/strong> - Ao assegurar que voc\u00ea est\u00e1 usando dados precisos para tomar suas decis\u00f5es sobre o que melhorar, voc\u00ea pode aumentar enormemente as chances de que suas melhorias ser\u00e3o bem-sucedidas na primeira tentativa ao inv\u00e9s de ter v\u00e1rias tentativas malsucedidas. Ao usar estes dados para rastrear o seu progresso voc\u00ea pode corrigir estas iniciativas de melhoria antes que elas \u201csaiam dos trilhos\u201d, o que pode lhe economizar custos e tempo.<\/p>\n<p><strong>Crie uma cultura de melhoria cont\u00ednua<\/strong> - Com melhoria cont\u00ednua, voc\u00ea pode trabalhar rumo a melhores processos e impactos ambientais reduzidos de uma forma sistem\u00e1tica de forma a melhorar sua imagem p\u00fablica e potencialmente reduzir seus custos, como identificado acima. Quando uma cultura de melhoria \u00e9 criada, as pessoas est\u00e3o sempre buscando formas de tornar seus processos melhores, o que torna manter o SGA mais f\u00e1cil.<\/p>\n<p><strong>Engaje o seu pessoal<\/strong> -Tendo a escolha entre trabalhar para uma organiza\u00e7\u00e3o que mostra preocupa\u00e7\u00e3o com o ambiente ao seu redor e outra que n\u00e3o faz isso, muitas pessoas prefeririam a primeira organiza\u00e7\u00e3o. Ao engajar seus empregados em um esfor\u00e7o de grupo para reduzir sua pegada ambiental voc\u00ea pode aumentar o foco e a reten\u00e7\u00e3o dos empregados.<\/p>\n<h2 id=\"certification\"><strong>Quais s\u00e3o as etapas pr\u00e1ticas para se tornar certificado na ISO 14001?<\/strong><\/h2>\n<p>O que \u00e9 a certifica\u00e7\u00e3o ISSO 14001? Existem dois tipos de certifica\u00e7\u00e3o, a certifica\u00e7\u00e3o do sistema de gest\u00e3o ambiental de uma organiza\u00e7\u00e3o com rela\u00e7\u00e3o aos requisitos da ISO 14001, e a certifica\u00e7\u00e3o de indiv\u00edduos para serem capazes de auditar com rela\u00e7\u00e3o aos requisitos da ISO 14001. Esta se\u00e7\u00e3o discute as etapas para uma organiza\u00e7\u00e3o implementar um sistema de gest\u00e3o ambiental ISSO 14001 e t\u00ea-lo certificado.<\/p>\n<p><strong>A certifica\u00e7\u00e3o ISO 14001 para a sua organiza\u00e7\u00e3o<\/strong> envolve implementar um SGA baseado nos requisitos da ISO 14001, e ent\u00e3o contratar um organismo de certifica\u00e7\u00e3o reconhecido para auditar e aprovar seu SGA como atendendo os requisitos da norma ISO 14001.<\/p>\n<p>Come\u00e7ando com o apoio da dire\u00e7\u00e3o e identifica\u00e7\u00e3o dos requisitos legais para o SGA, voc\u00ea precisar\u00e1 come\u00e7ar com a defini\u00e7\u00e3o de sua pol\u00edtica ambiental, aspectos ambientais, e objetivos e metas ambientais, que juntos definem o escopo e implementa\u00e7\u00e3o geral do sistema de gest\u00e3o ambiental. Juntamente com estes, voc\u00ea precisar\u00e1 criar os processos e procedimentos obrigat\u00f3rios e adicionais necess\u00e1rios para as opera\u00e7\u00f5es de sua organiza\u00e7\u00e3o. Existem v\u00e1rios processos obrigat\u00f3rios que precisam ser inclu\u00eddos, e outros a serem adicionados \u00e0 medida que a organiza\u00e7\u00e3o os achar necess\u00e1rios. Para uma boa explica\u00e7\u00e3o sobre isto, d\u00ea uma olhada neste artigo sobre <a href=\"\/14001academy\/pt-br\/knowledgebase\/lista-de-documentos-obrigatorios-requeridos-pela-iso-140012015\/\">Lista de documentos obrigat\u00f3rios requeridos pela ISO 14001:2015<\/a>.<\/p>\n<p>Esta cria\u00e7\u00e3o de documentos e registros pode ser feita internamente pela sua organiza\u00e7\u00e3o, ou voc\u00ea pode obter ajuda atrav\u00e9s da contra\u00e7\u00e3o de um consultor ou compra de documenta\u00e7\u00e3o padr\u00e3o. Para ver exemplos de documenta\u00e7\u00e3o, visite esta p\u00e1gina de <a title=\"Free Downloads\" href=\"\/14001academy\/free-downloads\/\">downloads gratuitos da ISO 14001<\/a>\u00a0page.<\/p>\n<p>Uma vez que todos os processos e procedimentos estejam no lugar, voc\u00ea precisar\u00e1 operar o SGA por um per\u00edodo de tempo. Ao fazer isso, voc\u00ea ser\u00e1 capaz de coletar os registros necess\u00e1rios para ir para as pr\u00f3ximas etapas: auditar e analisar criticamente seu sistema e tornar-se certificado.<\/p>\n<h2 id=\"mandatory-steps\"><strong>Etapas obrigat\u00f3rias para terminar a implementa\u00e7\u00e3o e obter a certifica\u00e7\u00e3o<\/strong><\/h2>\n<p>Ap\u00f3s concluir toda a sua documenta\u00e7\u00e3o e implent\u00e1-la, sua organiza\u00e7\u00e3o tamb\u00e9m precisa realizar estas etapas para assegurar uma certifica\u00e7\u00e3o bem-sucedida:<\/p>\n<p><strong>Auditoria Interna<\/strong> \u2013 A auditoria interna existe para voc\u00ea verificar os processos do seu SGA. A meta \u00e9 assegurar que os registros est\u00e3o no lugar para confirmar a conformidade dos processos e para descobrir problemas e fraquezas que de outra forma permaneceriam escondidas,<\/p>\n<p><strong>An\u00e1lise cr\u00edtica pela dire\u00e7\u00e3o<\/strong> \u2013 Uma an\u00e1lise cr\u00edtica formal pela sua dire\u00e7\u00e3o para avaliar os fatos relevantes sobre os processos do Sistema de gest\u00e3o de forma a tomar decis\u00f5es apropriadas e designar recursos.<\/p>\n<p><strong>A\u00e7\u00f5es corretivas<\/strong> \u2013 Seguindo a auditoria interna e a an\u00e1lise cr\u00edtica pela dire\u00e7\u00e3o, voc\u00ea precisa corrigir a causa raiz de quaisquer problemas identificados e documentar como eles foram resolvidos.<\/p>\n<p>O processo de certifica\u00e7\u00e3o de uma organiza\u00e7\u00e3o \u00e9 divido em duas etapas:<\/p>\n<p><strong>Est\u00e1gio Um (an\u00e1lise cr\u00edtica da documenta\u00e7\u00e3o)<\/strong> \u2013 Os auditores do seu organismo de certifica\u00e7\u00e3o escolhido verificar\u00e3o para assegurar que sua documenta\u00e7\u00e3o atende os requisitos da ISO 14001.<\/p>\n<p><strong>Est\u00e1gio Dois (auditoria principal)<\/strong> \u2013 Aqui, os auditors do organismo de certifica\u00e7\u00e3o verificar\u00e3o se suas atividades correntes est\u00e3o em conformidade com a ISO 14001 e sua pr\u00f3pria documenta\u00e7\u00e3o por meio da revis\u00e3o de documentos, registros e pr\u00e1ticas da organiza\u00e7\u00e3o.<\/p>\n<h2 id=\"training\"><strong>Quais treinamentos e certifica\u00e7\u00f5es da ISO 14001 est\u00e3o dispon\u00edveis se voc\u00ea \u00e9 um indiv\u00edduo?<\/strong><\/h2>\n<p>Treinamento nos conceitos da ISO 14001 est\u00e1 dispon\u00edvel, e existem uma variedade de op\u00e7\u00f5es de cursos para indiv\u00edduos escolherem. Apenas o primeiro dos cursos mencionados abaixo pode levar a certifica\u00e7\u00e3o para o indiv\u00edduo ser capaz de auditar por um organismo de certifica\u00e7\u00e3o, mas os outros s\u00e3o muito \u00fateis para aqueles que estar\u00e3o utilizando estas habilidades dentro de sua pr\u00f3pria organiza\u00e7\u00e3o.<\/p>\n<p><strong>Curo de Auditor L\u00edder da ISO 14001<\/strong> \u2013 Este \u00e9 um curso de quarto a cinco dias com foco no entendimento da norma de SGA ISO 14001 e em ser capaz de us\u00e1-lo para auditar sistemas de gest\u00e3o com rela\u00e7\u00e3o a estes requisitos. O curso inclui um exame ao final para verificar o conhecimento e compet\u00eancia, e \u00e9 apenas com um curso acreditado que um indiv\u00edduo pode se tornar aprovado para auditar por um organismo de certifica\u00e7\u00e3o.<\/p>\n<p><strong>Curso de Auditor Interno da ISO 14001<\/strong> \u2013 Este \u00e9 comumente um curso de dois ou tr\u00eas dias que \u00e9 baseado no curso de auditor l\u00edder acima, mas n\u00e3o inclui o teste de compet\u00eancia, assim este \u00e9 mais \u00fatil para algu\u00e9m come\u00e7ando a realizar auditorias internas dentro de uma organiza\u00e7\u00e3o.<\/p>\n<p><strong>Curso de Conscientiza\u00e7\u00e3o e Implementa\u00e7\u00e3o da ISO 14001<\/strong> \u2013 V\u00e1rios cursos s\u00e3o oferecidos que proveem conhecimento da ISO 14001 e como implement\u00e1-la. Estes podem ser cursos de um, dois ou at\u00e9 mesmo cinco dias, e pode at\u00e9 mesmo incluir sess\u00f5es de treinamento online como um m\u00e9todo de ensinar o material. Estes cursos s\u00e3o bons para aqueles que precisam de uma vis\u00e3o geral da norma ISO 14001, ou aqueles que estar\u00e3o envolvidos na implementa\u00e7\u00e3o dentro de uma organiza\u00e7\u00e3o, e muitos s\u00e3o mais econ\u00f4micos do que investir no curso de auditor l\u00edder para aqueles envolvidos neste n\u00edvel.<\/p>\n<p>Existe um n\u00famero de organiza\u00e7\u00f5es de treinamento acreditadas ao redor do mundo onde voc\u00ea pode ganhar qualifica\u00e7\u00f5es individuais na ISO 14001.<\/p>\n<p style=\"text-align: left;\"><em>Para saber mais sobre a implementa\u00e7\u00e3o da ISO 14001, por favor, visite nossa p\u00e1gina <a title=\"ISO 14001 Download gratuito\" href=\"\/14001academy\/free-downloads\/\">ISO 14001 Download gratuito<\/a>. Voc\u00ea encontrar\u00e1 v\u00e1rios recursos \u00fateis.<\/em><\/p>\n\n\n            \n        <\/div>\n    <\/div>\n<\/div>\n<\/section>\n<\/div><\/div><\/div><\/div><\/div>","protected":false},"excerpt":{"rendered":"<p>O que \u00e9 a ISO 14001? MODELOS ISO 14001 CURSOS ISO 14001 MATERIAIS GRATUITOS SUM\u00c1RIO O que \u00e9 a ISO 14001? Introdu\u00e7\u00e3o O que \u00e9 um SGA? Import\u00e2ncia da ISO 14001 Estrutura da ISO 14001 Benef\u00edcios da ISO 14001 Tornando-se certificado Etapas obrigat\u00f3rias Treinamento para indiv\u00edduos \u201cO que \u00e9 a ISO 14001?\u201d Existe um resposta &#8230;<\/p>\n","protected":false},"author":27,"featured_media":31550,"parent":0,"menu_order":37,"comment_status":"open","ping_status":"closed","template":"page-what-is-iso.php","meta":{"_acf_changed":false,"footnotes":""},"toolkit-document-types":[],"class_list":["post-5916","page","type-page","status-publish","has-post-thumbnail","hentry"],"acf":[],"_links":{"self":[{"href":"https:\/\/staging.advisera.com\/14001academy\/pt-br\/wp-json\/wp\/v2\/pages\/5916","targetHints":{"allow":["GET"]}}],"collection":[{"href":"https:\/\/staging.advisera.com\/14001academy\/pt-br\/wp-json\/wp\/v2\/pages"}],"about":[{"href":"https:\/\/staging.advisera.com\/14001academy\/pt-br\/wp-json\/wp\/v2\/types\/page"}],"author":[{"embeddable":true,"href":"https:\/\/staging.advisera.com\/14001academy\/pt-br\/wp-json\/wp\/v2\/users\/27"}],"replies":[{"embeddable":true,"href":"https:\/\/staging.advisera.com\/14001academy\/pt-br\/wp-json\/wp\/v2\/comments?post=5916"}],"version-history":[{"count":1,"href":"https:\/\/staging.advisera.com\/14001academy\/pt-br\/wp-json\/wp\/v2\/pages\/5916\/revisions"}],"predecessor-version":[{"id":32818,"href":"https:\/\/staging.advisera.com\/14001academy\/pt-br\/wp-json\/wp\/v2\/pages\/5916\/revisions\/32818"}],"wp:featuredmedia":[{"embeddable":true,"href":"https:\/\/staging.advisera.com\/14001academy\/pt-br\/wp-json\/wp\/v2\/media\/31550"}],"wp:attachment":[{"href":"https:\/\/staging.advisera.com\/14001academy\/pt-br\/wp-json\/wp\/v2\/media?parent=5916"}],"wp:term":[{"taxonomy":"toolkit-document-types","embeddable":true,"href":"https:\/\/staging.advisera.com\/14001academy\/pt-br\/wp-json\/wp\/v2\/toolkit-document-types?post=5916"}],"curies":[{"name":"wp","href":"https:\/\/api.w.org\/{rel}","templated":true}]}}