{"id":5641,"date":"2015-05-14T11:22:46","date_gmt":"2015-05-14T11:22:46","guid":{"rendered":"https:\/\/multiacademstg.wpengine.com\/14001academy\/what-is-iso-14001\/-2\/"},"modified":"2024-12-20T15:20:59","modified_gmt":"2024-12-20T15:20:59","slug":"quest-ce-que-iso-14001","status":"publish","type":"page","link":"https:\/\/staging.advisera.com\/14001academy\/fr\/quest-ce-que-iso-14001\/","title":{"rendered":"Qu&rsquo;est-ce-que l&rsquo;ISO 14001?"},"content":{"rendered":"<div id=\"pl-5641\"  class=\"panel-layout\" ><div id=\"pg-5641-0\"  class=\"panel-grid panel-no-style\" ><div id=\"pgc-5641-0-0\"  class=\"panel-grid-cell\" ><div id=\"panel-5641-0-0-0\" class=\"so-panel widget widget_hero-with-buttons-widget panel-first-child\" data-index=\"0\" ><div\n\t\t\t\n\t\t\tclass=\"so-widget-hero-with-buttons-widget so-widget-hero-with-buttons-widget-default-d75171398898-5641\"\n\t\t\t\n\t\t><section class=\"iso-hero sans\" style=\"background: #03284d;\">\n    <div class=\"container\">\n        <h1 class=\"iso-hero_title  \">\n            Qu'est-ce que la norme ISO 14001?\n        <\/h1>\n        <p class=\"iso-hero_subtitle \">\n                \n        <\/p>\n        <div class=\"iso-hero_buttons\">\n                            <div class=\"iso-hero_button\">\n                    <div class=\"button-image\">\n                        <img decoding=\"async\" width=\"64\" height=\"64\" src=\"\/wp-content\/uploads\/sites\/4\/2021\/10\/what-is-ISO-14001-Templates-button.png\" class=\"attachment-full size-full\" alt=\"-\">\n                    <\/div>\n                    <div class=\"button-content\">\n                        <span>DOCUMENTS-TYPE ISO 14001<\/span>\n                    <\/div>\n                    <a href=\"https:\/\/staging.advisera.com\/14001academy\/fr\/boite-a-outils-de-documentation-iso-14001\/\"><\/a>\n                <\/div>\n                            <div class=\"iso-hero_button\">\n                    <div class=\"button-image\">\n                        <img decoding=\"async\" width=\"67\" height=\"67\" src=\"\/wp-content\/uploads\/sites\/4\/2021\/10\/what-is-ISO-14001-Courses-button.png\" class=\"attachment-full size-full\" alt=\"-\">\n                    <\/div>\n                    <div class=\"button-content\">\n                        <span>COURS ISO 14001<\/span>\n                    <\/div>\n                    <a href=\"https:\/\/staging.advisera.com\/training\/iso-14001-courses\/\"><\/a>\n                <\/div>\n                            <div class=\"iso-hero_button\">\n                    <div class=\"button-image\">\n                        <img decoding=\"async\" width=\"67\" height=\"67\" src=\"\/wp-content\/uploads\/sites\/4\/2021\/10\/what-is-ISO-14001-Free-Materials-button.png\" class=\"attachment-full size-full\" alt=\"-\">\n                    <\/div>\n                    <div class=\"button-content\">\n                        <span>CONTENU GRATUIT<\/span>\n                    <\/div>\n                    <a href=\"https:\/\/staging.advisera.com\/14001academy\/free-downloads\/\"><\/a>\n                <\/div>\n                    <\/div>\n    <\/div>\n<\/section><\/div><\/div><div id=\"panel-5641-0-0-1\" class=\"so-panel widget widget_content-with-sidebar-widget panel-last-child\" data-index=\"1\" ><div\n\t\t\t\n\t\t\tclass=\"so-widget-content-with-sidebar-widget so-widget-content-with-sidebar-widget-default-d75171398898-5641\"\n\t\t\t\n\t\t><section class=\"content-with-sidebar\">\n<div class=\"container\">\n\n    <div class=\"sidebar-area\">\n        <div class=\"sidebar-bg\"><\/div>\n        <div class=\"sidebar-wrapper\">\n            <div class=\"sidebar\">\n\n                \n                <h2 class=\"sidebar-title\">\n                    SOMMAIRE\n                <\/h2>\n\n                                    <div class=\"sidebar-item no-collapse\">\n                        <div class=\"sidebar-item-links\">\n                            <a class=\"scrollToAnchor\" href=\"#what-is-iso\">Qu\u2019est-ce que la norme ISO 14001?<\/a>\n<a class=\"scrollToAnchor\" href=\"#introduction\">Introduction<\/a>\n<a class=\"scrollToAnchor\" href=\"#what-is-EMS\">Qu'est-ce que le SME?<\/a>\n<a class=\"scrollToAnchor\" href=\"#importance\">Importance de la norme ISO 14001<\/a>\n<a class=\"scrollToAnchor\" href=\"#structure\">Structure de l'ISO 14001<\/a>\n<a class=\"scrollToAnchor\" href=\"#benefits\">Avantages de la norme ISO 14001<\/a>\n<a class=\"scrollToAnchor\" href=\"#certification\">Etre certifi\u00e9<\/a>\n<a class=\"scrollToAnchor\" href=\"#mandatory-steps\">Etapes obligatoires<\/a>\n<a class=\"scrollToAnchor\" href=\"#training\">Formation pour les particuliers<\/a>\n                        <\/div>\n                    <\/div>\n\n                            <\/div>\n        <\/div>\n    <\/div>\n    <div class=\"content-area\">\n        <div class=\"what-is-groups\">\n\n            \n            <h2 id=\"what-is-iso\">\"Qu'est-ce que la norme ISO 14001?\" Y at-il une r\u00e9ponse simple \u00e0 cette question?<\/h2>\n<p>Vous n'\u00eates pas le seul \u00e0 penser cela. Ce guide de pr\u00e9sentation est l\u00e0 pour vous apprendre les bases de la norme ISO 14001, vous aider \u00e0 d\u00e9couvrir quelles sont les exigences ISO 14001 , et pour vous donner un guide sur ce qui doit \u00eatre fait pour mettre en \u0153uvre un syst\u00e8me de gestion de l'environnement et devenir certifi\u00e9.<\/p>\n<h2 id=\"introduction\">Quels sont les simples bases de la norme ISO 14001?<\/h2>\n<p>ISO 14001 est devenue la norme internationale pour la conception et la mise en \u0153uvre d'un syst\u00e8me de gestion de l'environnement. La norme est publi\u00e9e par l'ISO (Organisation internationale de normalisation), un organisme international qui cr\u00e9e et distribue des normes qui sont accept\u00e9es dans le monde entier. La version la plus r\u00e9cente des exigences du syst\u00e8me de gestion de l'environnement a \u00e9t\u00e9 publi\u00e9 en 2015, et est appel\u00e9e \"ISO 14001:2015\". La norme a \u00e9t\u00e9 accept\u00e9e par la majorit\u00e9 des pays membres avant d'\u00eatre diffus\u00e9e et mis \u00e0 jour, et en tant que telle, elle est devenu une norme reconnue internationalement et accept\u00e9e par la majorit\u00e9 des pays \u00e0 travers le monde.<\/p>\n<p>Dans un sondage concernant la certification ISO 14001, r\u00e9alis\u00e9 \u00e0 la fin de l\u2019ann\u00e9e 2017, il a \u00e9t\u00e9 not\u00e9 que le nombre d\u2019entreprise ayant mis en place un syst\u00e8me de gestion des risques environnementaux est rest\u00e9 stable \u00e0 l\u2019\u00e9chelle mondiale. Ci-dessous, vous trouverez les conclusions concernant ces six derni\u00e8res ann\u00e9es.<\/p>\n<p style=\"text-align: center;\"><img decoding=\"async\" class=\"aligncenter size-full wp-image-4699\" src=\"\/wp-content\/uploads\/\/sites\/4\/2018\/11\/number-of-iso-14001-certificates-per-year-fr-new.png\" alt=\"Number of ISO 14001 certificates per year\" width=\"600\" \/><\/p>\n<p style=\"text-align: center;\">Donn\u00e9es extraites de <a href=\"https:\/\/www.iso.org\/the-iso-survey.html\" target=\"_blank\" rel=\"noopener\">l'\u00e9tude ISO 2017<\/a><\/p>\n<p><div id=\"middle-banner\" class=\"banner-shortcode\"><\/div><script>loadMiddleBanner();<\/script><\/p>\n<h2 id=\"what-is-EMS\"><strong>Qu'est-ce qu'un syst\u00e8me de management environnemental?<\/strong><\/h2>\n<p>Un syst\u00e8me de management environnemental, souvent appel\u00e9 SME, est compos\u00e9 des politiques, des processus, des plans, des pratiques et des documents qui d\u00e9finissent les r\u00e8gles r\u00e9gissant la fa\u00e7on dont votre entreprise interagit avec l'environnement. Ce syst\u00e8me doit \u00eatre adapt\u00e9 \u00e0 votre entreprise en particulier, parce que votre entreprise a des exigences l\u00e9gales exactes et des interactions environnementales qui correspondent \u00e0 vos processus op\u00e9rationnels sp\u00e9cifiques. Cependant, les exigences ISO 14001 fournissent un cadre et des lignes directrices pour la cr\u00e9ation de votre syst\u00e8me de management environnemental afin que vous ne manquiez pas d'\u00e9l\u00e9ments importants n\u00e9cessaires pour r\u00e9ussir un SME.<\/p>\n<div class=\"what-item-full tab3\">\n<h2 id=\"importance\"><strong>Comprendre les raisons profondes pour lesquelles la norme ISO 14001 est importante<\/strong><\/h2>\n<p>Prendre soin de notre environnement et emp\u00eacher nos entreprises de causer des impacts n\u00e9gatifs sur l'environnement sont deux des d\u00e9fis les plus importants auxquels font face les entreprises d'aujourd'hui. Un des plus grands avantages de la mise en \u0153uvre d'un SME est la reconnaissance attach\u00e9e au fait d'\u00eatre parmi les entreprises qui se soucient de r\u00e9duire leur empreinte environnementale. Cela peut g\u00e9n\u00e9rer de meilleures relations avec les clients, le public et la communaut\u00e9 en g\u00e9n\u00e9ral pour votre entreprise, mais cela apporte aussi d'autres avantages.<\/p>\n<p>Avec une bonne image publique, de nombreuses entreprises peuvent \u00e9conomiser de l'argent gr\u00e2ce \u00e0 la mise en \u0153uvre d'un syst\u00e8me de management environnemental. Ceci peut \u00eatre r\u00e9alis\u00e9 gr\u00e2ce \u00e0 la r\u00e9duction des incidents qui peuvent entra\u00eener des co\u00fbts li\u00e9s \u00e0 la responsabilit\u00e9, de pouvoir obtenir une assurance \u00e0 un co\u00fbt plus raisonnable, et la conservation des produits de d\u00e9part et de l'\u00e9nergie gr\u00e2ce \u00e0 des efforts de r\u00e9duction. Cette am\u00e9lioration de la ma\u00eetrise des co\u00fbts est un avantage qui ne peut \u00eatre n\u00e9glig\u00e9 au moment de la d\u00e9cision de mettre en \u0153uvre un syst\u00e8me de management environnemental.<\/p>\n<\/div>\n<h2 id=\"structure\"><strong>Comment est constitu\u00e9e la norme ISO 14001?<\/strong><\/h2>\n<p>La norme ISO 14001 est structur\u00e9e en dix sections. Les trois premi\u00e8res pr\u00e9sentent la norme, les sept suivantes contiennent les \u00e9l\u00e9ments requis pour mettre en place le syst\u00e8me de gestion des risques environnementaux. Voici ci-dessous, en substance, ce que contiennent ces sept sections.<\/p>\n<p><strong>Section 4: Contexte<\/strong> \u2013 Cette section traite des \u00e9l\u00e9ments requis afin de comprendre comment est organis\u00e9e votre entreprise, afin de pouvoir mettre en place un EMS (Environmental Management System). Vous y trouverez comment identifier les probl\u00e8mes internes ou externes, les parties concern\u00e9es et leurs attentes, d\u00e9finir le champ d\u2019application de l\u2019EMS et identifier les processus \u00e0 mettre en \u0153uvre pour impl\u00e9menter l\u2019EMS.<\/p>\n<p><strong>Section 5: Direction<\/strong> \u2013\u00a0Cette section explique pourquoi les dirigeants d\u2019une entreprise doivent \u00eatre impliqu\u00e9 dans la mise en place d\u2019un EMS. Ils doivent montrer qu\u2019ils sont concern\u00e9s et d\u00e9termin\u00e9s \u00e0 assurer la mise en place et la continuit\u00e9 de l\u2019EMS, d\u00e9finir et communiquer la politique de gestion des risques environnementaux, et assigner les r\u00f4les et responsabilit\u00e9s de chacun au sein de l\u2019entreprise.<\/p>\n<p><strong>Section 6: Planification<\/strong> \u2013\u00a0Les dirigeants doivent \u00e9galement planifier la mise en place et les moyens de p\u00e9renniser l\u2019EMS une fois mis en place. Les risques et opportunit\u00e9s offerts par l\u2019EMS doivent \u00eatre d\u00e9termin\u00e9s ; les objectifs d\u2019am\u00e9lioration doivent \u00eatre identifi\u00e9s et leur mise en place doit \u00eatre soigneusement planifi\u00e9e. De plus, il est aussi indispensable pour l\u2019entreprise de d\u00e9terminer de quelle mani\u00e8re les processus organisationnels vont interagir avec l\u2019environnement et l\u2019affecter, ainsi que les implications l\u00e9gales au regard des divers engagements de l\u2019entreprise.<\/p>\n<p><strong>Section 7: Support<\/strong> \u2013 Cette section traite de la gestion des ressources pour l\u2019EMS, et inclus les \u00e9l\u00e9ments requis en ce qui concerne les comp\u00e9tences, la vigilance, la communication et les contr\u00f4les des informations document\u00e9es (les documents et enregistrements requis pour les processus).<\/p>\n<p><strong>Section 8: Op\u00e9ration<\/strong> \u2013\u00a0Cette section traite de tous les aspects du contr\u00f4le de l\u2019environnement requis par les processus organisationnels, ainsi que de la n\u00e9cessit\u00e9 d\u2019identifier les potentielles urgences susceptibles de se produire pour pr\u00e9voir les r\u00e9ponses ad\u00e9quates en amont et donc \u00eatre pr\u00eat \u00e0 r\u00e9agir si l\u2019urgence susmentionn\u00e9e venait \u00e0 se produire.<\/p>\n<p><strong>Section 9: Evaluation des performances<\/strong> \u2013\u00a0Cette section traite des \u00e9l\u00e9ments requis pour que vous puissiez vous assurer que votre EMS fonctionne correctement. Cela inclue de surveiller et d\u2019\u00e9valuer les processus, v\u00e9rifier que l\u2019EMS est bien respect\u00e9, les audits internes, et les r\u00e9visions r\u00e9guli\u00e8res de l\u2019EMS.<\/p>\n<p><strong>Section 10: Am\u00e9lioration<\/strong> \u2013\u00a0Cette derni\u00e8re section traite des \u00e9l\u00e9ments requis pour am\u00e9liorer votre EMS au fil du temps. Cela inclue de contr\u00f4ler l\u2019EMS afin de d\u00e9tecter toute non-conformit\u00e9, et de prendre les mesures ad-hoc afin de mettre en conformit\u00e9 les processus concern\u00e9s.<\/p>\n<p>Ces sections sont bas\u00e9es sur un cycle Planifier-Faire-V\u00e9rifier-Agir qui utilise ces \u00e9l\u00e9ments pour mettre en \u0153uvre le changement dans les processus de l'entreprise pour mener et maintenir des am\u00e9liorations dans les processus.<\/p>\n<p style=\"text-align: center;\"><img decoding=\"async\" class=\"aligncenter size-full wp-image-4700\" src=\"\/wp-content\/uploads\/\/sites\/4\/2015\/05\/PDCA-cycle.png\" alt=\"PDCA cycle\" width=\"300\" height=\"300\" srcset=\"\/wp-content\/uploads\/sites\/4\/2015\/05\/PDCA-cycle.png 1004w, \/wp-content\/uploads\/sites\/4\/2015\/05\/PDCA-cycle-150x150.png 150w, \/wp-content\/uploads\/sites\/4\/2015\/05\/PDCA-cycle-300x300.png 300w, \/wp-content\/uploads\/sites\/4\/2015\/05\/PDCA-cycle-768x766.png 768w\" sizes=\"(max-width: 300px) 100vw, 300px\" \/><\/p>\n<p>Pour en savoir plus sur le fonctionnement de la norme ISO 14001, vous trouverez davantage d\u2019informations dans cet article sur notre blog: <a title=\"Plan-Do-Check-Act in the ISO 14001 Standard\" href=\"\/14001academy\/knowledgebase\/plan-do-check-act-in-the-iso-14001-standard\/\">Plan-Do-Check-Act in the ISO 14001 standard<\/a>.<\/p>\n<h2 id=\"benefits\"><strong>Pourquoi devriez-vous mettre en \u0153uvre la norme ISO 14001 dans votre entreprise?<\/strong><\/h2>\n<p>Les avantages de la norme ISO 14001 ne sauraient \u00eatre surestim\u00e9s; des petites et grandes entreprises ont utilis\u00e9 cette norme pour de grands effets, comme mentionn\u00e9 ci-dessus. Voici quelques-uns de ces avantages:<\/p>\n<p>Am\u00e9liorer votre image et votre cr\u00e9dibilit\u00e9 - En assurant aux clients que vous \u00eates engag\u00e9 dans une gestion d\u00e9montrable de vos impacts environnementaux, vous pouvez am\u00e9liorer votre image et vos parts de march\u00e9 en conservant une bonne image publique et en am\u00e9liorant les relations avec la collectivit\u00e9.<\/p>\n<p>Am\u00e9liorer le contr\u00f4le des co\u00fbts \u2013 La r\u00e9duction des co\u00fbts est une am\u00e9lioration que recherchent toutes les entreprises . Le SME peut aider \u00e0 cela en conservant les mati\u00e8res premi\u00e8res et les mat\u00e9riaux \u00e9nerg\u00e9tiques, tout en r\u00e9duisant les incidents pour lesquels une entreprise peut encourir des co\u00fbts de responsabilit\u00e9, et des contr\u00f4les environnementaux am\u00e9lior\u00e9s peuvent aider \u00e0 obtenir une r\u00e9duction des co\u00fbts d' assurance pour la soci\u00e9t\u00e9.<\/p>\n<p>Prendre des d\u00e9cisions fond\u00e9es sur des preuves - En veillant \u00e0 ce que vous utilisiez des donn\u00e9es pr\u00e9cises pour prendre vos d\u00e9cisions sur ce qu'il faut am\u00e9liorer, vous pouvez augmenter consid\u00e9rablement les chances que vos am\u00e9liorations soient couronn\u00e9es de succ\u00e8s d\u00e8s la premi\u00e8re fois plut\u00f4t que d'avoir plusieurs tentatives infructueuses. En utilisant ces donn\u00e9es pour suivre vos progr\u00e8s, vous pouvez corriger ces initiatives d'am\u00e9lioration avant qu'elles ne \u00abd\u00e9raillent\u00bb, ce qui peut r\u00e9duire les co\u00fbts et le temps pass\u00e9.<\/p>\n<p>Cr\u00e9er une culture d'am\u00e9lioration continue - Avec l'am\u00e9lioration continue, vous pouvez travailler \u00e0 l'am\u00e9lioration des processus et \u00e0 la r\u00e9duction des impacts environnementaux de fa\u00e7on syst\u00e9matique afin d'am\u00e9liorer votre image publique et potentiellement r\u00e9duire vos co\u00fbts, tels que d\u00e9finis ci-dessus. Quand on cr\u00e9e une culture d'am\u00e9lioration, les gens sont toujours \u00e0 la recherche des moyens de rendre leurs processus meilleurs, ce qui facilite la continuit\u00e9 du SME.<\/p>\n<p>Engagez vos personnes - \u00c9tant donn\u00e9 le choix entre travailler pour une entreprise qui montre les soins et le souci de l'environnement autour de lui et celui qui n'a pas, la plupart des gens pr\u00e9f\u00e9reraient la premi\u00e8re entreprise. En engageant vos employ\u00e9s dans un effort collectif pour r\u00e9duire votre empreinte environnementale, vous pouvez augmenter l'accent des employ\u00e9s et la r\u00e9tention.<\/p>\n<h2 id=\"certification\"><strong>Quelles sont les \u00e9tapes pratiques pour \u00eatre certifi\u00e9 ISO 14001?<\/strong><\/h2>\n<p>Qu'est-ce que la certification ISO 14001? Il existe deux types de certification: la certification du syst\u00e8me de management environnemental d'une entreprise par rapport \u00e0 la norme 14001 , et la certification des individus capables d'auditer par rapport aux exigences ISO 14001. Cette section a examin\u00e9 les \u00e9tapes de mise en \u0153uvre d'un syst\u00e8me de management environnemental ISO 14001 pour une entreprise et sa certification.<\/p>\n<p>La certification ISO 14001 pour votre entreprise implique la mise en \u0153uvre d'un SME sur la base des exigences de l'ISO 14001, puis l'embauche d'un organisme de certification reconnu pour v\u00e9rifier et approuver votre SME comme r\u00e9pondant aux exigences de la norme ISO 14001.<\/p>\n<p>En d\u00e9marrant avec le soutien manag\u00e9rial et en identifiant les exigences l\u00e9gales pour l'EMS, vous aurez besoin de commencer \u00e0 d\u00e9finir votre politique environnementale, les aspects environnementaux, et les objectifs et cibles environnementaux, qui d\u00e9finissent ensemble la port\u00e9e g\u00e9n\u00e9rale et la mise en \u0153uvre du syst\u00e8me de management environnemental. Avec ces derniers, vous aurez besoin pour cr\u00e9er les processus et les proc\u00e9dures obligatoires et suppl\u00e9mentaires n\u00e9cessaires pour les op\u00e9rations de votre entreprise. Il existe plusieurs proc\u00e9d\u00e9s obligatoires qui doivent \u00eatre inclus, et d'autres \u00e0 ajouter si la soci\u00e9t\u00e9 les trouve n\u00e9cessaire. Pour une information compl\u00e8te sur ce sujet, jetez un oeil \u00e0 ce livre blanc sur la liste de v\u00e9rification de la <a href=\"\/14001academy\/knowledgebase\/list-of-mandatory-documents-required-by-iso-140012015\/\">List of mandatory documents required by ISO 14001:2015<\/a>.<\/p>\n<p>Cette cr\u00e9ation de documents et de dossiers peut \u00eatre fait en interne par votre entreprise, ou vous pouvez obtenir de l'aide par le biais d'embaucher un consultant ou l'achat d'une documentation standard. Pour voir des \u00e9chantillons de la documentation, visitez cette page <a title=\"T\u00e9l\u00e9chargements gratuits\" href=\"\/14001academy\/fr\/telechargements-gratuits\/\">t\u00e9l\u00e9chargements gratuits ISO 14001<\/a>.<\/p>\n<p>Une fois que tous les processus et les proc\u00e9dures sont en place, vous aurez besoin pour faire fonctionner le SME pendant une p\u00e9riode de temps. En faisant cela, vous serez en mesure de recueillir les dossiers n\u00e9cessaires pour aller aux prochaines \u00e9tapes: audit et la r\u00e9vision de votre syst\u00e8me et de devenir certifi\u00e9.<\/p>\n<h2 id=\"mandatory-steps\"><strong>Etapes obligatoires pour achever la mise en \u0153uvre et obtenir la certification<\/strong><\/h2>\n<p>Apr\u00e8s avoir termin\u00e9 tous vos documents et leur mise en \u0153uvre, votre entreprise doit \u00e9galement effectuer ces \u00e9tapes pour assurer une certification r\u00e9ussie:<\/p>\n<p><strong>Audit interne<\/strong> - L'audit interne est l\u00e0 pour que vous puissiez v\u00e9rifier vos processus SME. L'objectif est de veiller \u00e0 ce que les dossiers soient en place pour confirmer la conformit\u00e9 des processus et de d\u00e9couvrir des probl\u00e8mes et des faiblesses qui autrement seraient rest\u00e9s cach\u00e9s.<br \/>\nRevue de gestion - Un examen formel par votre direction pour \u00e9valuer les faits pertinents concernant les processus du syst\u00e8me de management afin de prendre des d\u00e9cisions appropri\u00e9es et allouer les ressources.<\/p>\n<p><strong>Les actions correctives<\/strong> - Suite \u00e0 l'audit interne et \u00e0 la revue de gestion, vous devez corriger la cause de tous les probl\u00e8mes identifi\u00e9s et documenter la fa\u00e7on dont ils ont \u00e9t\u00e9 r\u00e9solus.<\/p>\n<p>Le processus de certification de l'entreprise est divis\u00e9 en deux \u00e9tapes:<\/p>\n<p><strong>Premi\u00e8re \u00e9tape (examen de la documentation)<\/strong> - Les auditeurs de l'organisme de certification que vous aurez choisi effectueront une v\u00e9rification pour vous assurer que votre documentation est conforme aux exigences de la norme ISO 14001.<\/p>\n<p><strong>La deuxi\u00e8me \u00e9tape (audit principal)<\/strong> - Ici, les v\u00e9rificateurs de l'organisme de certification v\u00e9rifient si vos activit\u00e9s r\u00e9elles et votre propre documentation sont conformes \u00e0 l'ISO 14001 en examinant les documents, dossiers, et les pratiques de l'entreprise.<\/p>\n<h2 id=\"training\"><strong>Est-ce que la formation ISO 14001 et la certification sont disponibles si vous \u00eates un particulier?<\/strong><\/h2>\n<p>La formation aux concepts de la norme ISO 14001 est disponible, et il existe une gamme d'options de cours pour les individuels. Seul les premiers des cours mentionn\u00e9s ci-dessous peuvent conduire \u00e0 la certification pour l'individu en mesure d'auditer pour un organisme de certification, mais les autres sont tr\u00e8s utiles pour ceux qui utiliseront ces comp\u00e9tences au sein de leur propre entreprise:<\/p>\n<p><strong>ISO 14001 Cours destin\u00e9 aux auditeurs principaux<\/strong> \u2013 C'est un cours de quatre \u00e0 cinq jours de formation ax\u00e9 sur la compr\u00e9hension de la norme ISO 14001 SME et pour \u00eatre capable de l'utiliser pour l'audit des syst\u00e8mes de management par rapport \u00e0 ces exigences. Le cours comprend un examen \u00e0 la fin pour v\u00e9rifier les connaissances et les comp\u00e9tences, et ce n'est seulement qu'avec un cours accr\u00e9dit\u00e9 qu'un individu peut \u00eatre homologu\u00e9 pour auditer pour un organisme de certification.<\/p>\n<p><strong>ISO 14001 Cours pour Auditeur interne<\/strong> \u2013 C'est g\u00e9n\u00e9ralement un cours de deux ou trois jours qui se fonde sur le cours d'auditeur principal ci-dessus, mais ne comprend pas le test de comp\u00e9tences, de sorte qu'il est tr\u00e8s utile pour quelqu'un qui commence \u00e0 faire des v\u00e9rifications internes au sein d'une soci\u00e9t\u00e9.<\/p>\n<p><strong>Cours de sensibilisation et de mise en oeuvre de l'ISO 14001<\/strong> - Plusieurs cours sont propos\u00e9s qui fournissent des connaissances de la norme ISO 14001 et comment la mettre en \u0153uvre. Ceux-ci peuvent \u00eatre de un ou deux ou m\u00eame cinq jours de cours, et peuvent m\u00eame inclure des sessions d'apprentissage en ligne en tant que m\u00e9thode d'enseignement. Ces cours sont bons pour ceux qui ont besoin d'une vue d'ensemble sur la norme ISO 14001, ou ceux qui seront impliqu\u00e9s dans la mise en \u0153uvre au sein d'une entreprise, et beaucoup plus \u00e9conomiques que d'investir dans le cours d'auditeur principal pour ceux qui participent \u00e0 ce niveau.<\/p>\n<p>Il y a un certain nombre d'organismes de formation accr\u00e9dit\u00e9s dans le monde o\u00f9 vous pouvez acqu\u00e9rir des qualifications individuelles dans la norme ISO 14001.<\/p>\n<p style=\"text-align: left;\"><em>Pour en savoir plus sur la mise en place de la norme ISO 14001, merci de visiter la page <a title=\"De t\u00e9l\u00e9chargement gratuit de la norme ISO 14001\" href=\"\/14001academy\/fr\/telechargements-gratuits\/\">de t\u00e9l\u00e9chargement gratuit de la norme ISO 14001<\/a>. Vous y trouverez de nombreuses ressources tr\u00e8s utiles.<\/em><\/p>\n\n\n            \n        <\/div>\n    <\/div>\n<\/div>\n<\/section>\n<\/div><\/div><\/div><\/div><\/div>","protected":false},"excerpt":{"rendered":"<p>Qu&rsquo;est-ce que la norme ISO 14001? DOCUMENTS-TYPE ISO 14001 COURS ISO 14001 CONTENU GRATUIT SOMMAIRE Qu\u2019est-ce que la norme ISO 14001? Introduction Qu&rsquo;est-ce que le SME? Importance de la norme ISO 14001 Structure de l&rsquo;ISO 14001 Avantages de la norme ISO 14001 Etre certifi\u00e9 Etapes obligatoires Formation pour les particuliers \u00ab\u00a0Qu&rsquo;est-ce que la norme ISO &#8230;<\/p>\n","protected":false},"author":27,"featured_media":32128,"parent":0,"menu_order":37,"comment_status":"open","ping_status":"closed","template":"page-what-is-iso.php","meta":{"_acf_changed":false,"footnotes":""},"toolkit-document-types":[],"class_list":["post-5641","page","type-page","status-publish","has-post-thumbnail","hentry"],"acf":[],"_links":{"self":[{"href":"https:\/\/staging.advisera.com\/14001academy\/fr\/wp-json\/wp\/v2\/pages\/5641","targetHints":{"allow":["GET"]}}],"collection":[{"href":"https:\/\/staging.advisera.com\/14001academy\/fr\/wp-json\/wp\/v2\/pages"}],"about":[{"href":"https:\/\/staging.advisera.com\/14001academy\/fr\/wp-json\/wp\/v2\/types\/page"}],"author":[{"embeddable":true,"href":"https:\/\/staging.advisera.com\/14001academy\/fr\/wp-json\/wp\/v2\/users\/27"}],"replies":[{"embeddable":true,"href":"https:\/\/staging.advisera.com\/14001academy\/fr\/wp-json\/wp\/v2\/comments?post=5641"}],"version-history":[{"count":1,"href":"https:\/\/staging.advisera.com\/14001academy\/fr\/wp-json\/wp\/v2\/pages\/5641\/revisions"}],"predecessor-version":[{"id":32815,"href":"https:\/\/staging.advisera.com\/14001academy\/fr\/wp-json\/wp\/v2\/pages\/5641\/revisions\/32815"}],"wp:featuredmedia":[{"embeddable":true,"href":"https:\/\/staging.advisera.com\/14001academy\/fr\/wp-json\/wp\/v2\/media\/32128"}],"wp:attachment":[{"href":"https:\/\/staging.advisera.com\/14001academy\/fr\/wp-json\/wp\/v2\/media?parent=5641"}],"wp:term":[{"taxonomy":"toolkit-document-types","embeddable":true,"href":"https:\/\/staging.advisera.com\/14001academy\/fr\/wp-json\/wp\/v2\/toolkit-document-types?post=5641"}],"curies":[{"name":"wp","href":"https:\/\/api.w.org\/{rel}","templated":true}]}}