{"id":4173,"date":"2015-05-14T11:22:46","date_gmt":"2015-05-14T11:22:46","guid":{"rendered":"https:\/\/multiacademstg.wpengine.com\/14001academy\/what-is-iso-14001\/-2\/"},"modified":"2024-12-20T15:25:44","modified_gmt":"2024-12-20T15:25:44","slug":"que-es-iso-14001","status":"publish","type":"page","link":"https:\/\/staging.advisera.com\/14001academy\/es\/que-es-iso-14001\/","title":{"rendered":"\u00bfQu\u00e9 es ISO 14001?"},"content":{"rendered":"<div id=\"pl-4173\"  class=\"panel-layout\" ><div id=\"pg-4173-0\"  class=\"panel-grid panel-no-style\" ><div id=\"pgc-4173-0-0\"  class=\"panel-grid-cell\" ><div id=\"panel-4173-0-0-0\" class=\"so-panel widget widget_hero-with-buttons-widget panel-first-child\" data-index=\"0\" ><div\n\t\t\t\n\t\t\tclass=\"so-widget-hero-with-buttons-widget so-widget-hero-with-buttons-widget-default-d75171398898-4173\"\n\t\t\t\n\t\t><section class=\"iso-hero sans\" style=\"background: #03284d;\">\n    <div class=\"container\">\n        <h1 class=\"iso-hero_title  \">\n            \u00bfQu\u00e9 es ISO 14001?\n        <\/h1>\n        <p class=\"iso-hero_subtitle \">\n                \n        <\/p>\n        <div class=\"iso-hero_buttons\">\n                            <div class=\"iso-hero_button\">\n                    <div class=\"button-image\">\n                        <img decoding=\"async\" width=\"64\" height=\"64\" src=\"\/wp-content\/uploads\/sites\/4\/2021\/10\/what-is-ISO-14001-Templates-button.png\" class=\"attachment-full size-full\" alt=\"-\">\n                    <\/div>\n                    <div class=\"button-content\">\n                        <span>PLANTILLAS PARA ISO 14001<\/span>\n                    <\/div>\n                    <a href=\"https:\/\/staging.advisera.com\/14001academy\/es\/paquete-de-documentos-sobre-iso-14001\/\"><\/a>\n                <\/div>\n                            <div class=\"iso-hero_button\">\n                    <div class=\"button-image\">\n                        <img decoding=\"async\" width=\"67\" height=\"67\" src=\"\/wp-content\/uploads\/sites\/4\/2021\/10\/what-is-ISO-14001-Courses-button.png\" class=\"attachment-full size-full\" alt=\"-\">\n                    <\/div>\n                    <div class=\"button-content\">\n                        <span>CURSOS DE ISO 14001<\/span>\n                    <\/div>\n                    <a href=\"https:\/\/staging.advisera.com\/es\/formacion\/?standard=iso-14001\"><\/a>\n                <\/div>\n                            <div class=\"iso-hero_button\">\n                    <div class=\"button-image\">\n                        <img decoding=\"async\" width=\"67\" height=\"67\" src=\"\/wp-content\/uploads\/sites\/4\/2021\/10\/what-is-ISO-14001-Free-Materials-button.png\" class=\"attachment-full size-full\" alt=\"-\">\n                    <\/div>\n                    <div class=\"button-content\">\n                        <span>MATERIALES GRATIS<\/span>\n                    <\/div>\n                    <a href=\"https:\/\/staging.advisera.com\/es\/recursos\/iso-14001-descargas-gratuitas\/\"><\/a>\n                <\/div>\n                    <\/div>\n    <\/div>\n<\/section><\/div><\/div><div id=\"panel-4173-0-0-1\" class=\"so-panel widget widget_content-with-sidebar-widget panel-last-child\" data-index=\"1\" ><div\n\t\t\t\n\t\t\tclass=\"so-widget-content-with-sidebar-widget so-widget-content-with-sidebar-widget-default-d75171398898-4173\"\n\t\t\t\n\t\t><section class=\"content-with-sidebar\">\n<div class=\"container\">\n\n    <div class=\"sidebar-area\">\n        <div class=\"sidebar-bg\"><\/div>\n        <div class=\"sidebar-wrapper\">\n            <div class=\"sidebar\">\n\n                \n                <h2 class=\"sidebar-title\">\n                    TABLA DE CONTENIDO\n                <\/h2>\n\n                                    <div class=\"sidebar-item no-collapse\">\n                        <div class=\"sidebar-item-links\">\n                            <a class=\"scrollToAnchor\" href=\"#what-is-iso\">\u00bfQu\u00e9 es ISO 14001?<\/a>\n<a class=\"scrollToAnchor\" href=\"#introduction\">Introduction<\/a>\n<a class=\"scrollToAnchor\" href=\"#what-is-EMS\">\u00bfQu\u00e9 es EMS?<\/a>\n<a class=\"scrollToAnchor\" href=\"#importance\">Importancia de ISO 14001<\/a>\n<a class=\"scrollToAnchor\" href=\"#structure\">Estructura de ISO 14001<\/a>\n<a class=\"scrollToAnchor\" href=\"#benefits\">Beneficios de ISO 14001<\/a>\n<a class=\"scrollToAnchor\" href=\"#certification\">Obtenga la certificaci\u00f3n correspondiente<\/a>\n<a class=\"scrollToAnchor\" href=\"#mandatory-steps\">Pasos obligatorios<\/a>\n<a class=\"scrollToAnchor\" href=\"#training\">Formaci\u00f3n para personas individuales<\/a>\n                        <\/div>\n                    <\/div>\n\n                            <\/div>\n        <\/div>\n    <\/div>\n    <div class=\"content-area\">\n        <div class=\"what-is-groups\">\n\n            \n            <h2 id=\"what-is-iso\">\u201c\u00bfQu\u00e9 es ISO 14001?\u201d \u00bfHay una respuesta simple para esta pregunta?<\/h2>\n<p>No es el \u00fanico que piensa esto. Esta gu\u00eda que le ofrece una visi\u00f3n general de la norma est\u00e1 aqu\u00ed para que conozca los principios b\u00e1sicos de ISO 14001, para ayudarle a descubrir cu\u00e1les son los requisitos de ISO 14001 y para servirle de orientaci\u00f3n sobre lo que se necesita hacer para implementar el sistema de gesti\u00f3n medioambiental y conseguir la correspondiente certificaci\u00f3n.<\/p>\n<h2 id=\"introduction\">\u00bfCu\u00e1les son los principios b\u00e1sicos de ISO 14001?<\/h2>\n<p>La norma ISO 14001se ha convertido en la norma internacional para dise\u00f1ar e implementar un sistema de gesti\u00f3n medioambiental. La norma fue publicada por ISO (Organizaci\u00f3n Internacional de Normalizaci\u00f3n), un organismo internacional que crea y distribuye normas que son aceptadas a nivel mundial. La versi\u00f3n m\u00e1s reciente de los requisitos del sistema de gesti\u00f3n medioambiental se public\u00f3 en el a\u00f1o 2015, y se conoce como \"ISO 14001:2015\". La norma fue acordada por una mayor\u00eda de pa\u00edses miembros antes de ser publicada y actualizada, y como tal se ha convertido en una norma reconocida internacionalmente y aceptada por una gran mayor\u00eda de pa\u00edses en todo el mundo.<\/p>\n<p>En una encuesta de certificaci\u00f3n ISO 14001 de finales de 2017, el n\u00famero de empresas que hab\u00edan implementado un sistema de gesti\u00f3n ambiental ISO 14001 muestra una tendencia estable en todo el mundo. A continuaci\u00f3n se muestran los resultados del per\u00edodo anterior de 6 a\u00f1os.<\/p>\n<p style=\"text-align: center;\"><img decoding=\"async\" class=\"aligncenter size-full wp-image-4699\" src=\"\/wp-content\/uploads\/\/sites\/4\/2018\/11\/number-of-iso-14001-certificates-per-year-es-new.png\" alt=\"Number of ISO 14001 certificates per year\" width=\"600\" \/><\/p>\n<p style=\"text-align: center;\">Datos extra\u00eddos de la investigaci\u00f3n de mercado sobre <a href=\"https:\/\/www.iso.org\/the-iso-survey.html\" target=\"_blank\" rel=\"noopener\">ISO llevada a cabo en el a\u00f1o 2017<\/a><\/p>\n<h2 id=\"what-is-EMS\"><strong>\u00bfQu\u00e9 es un sistema de gesti\u00f3n medioambiental?<\/strong><\/h2>\n<p>Un sistema de gesti\u00f3n medioambiental, a menudo llamado EMS, est\u00e1 formado por pol\u00edticas, procesos, planes, pr\u00e1cticas y registros que definen las reglas que gobiernan c\u00f3mo su empresa interacciona con el medio ambiente. Este sistema necesita ser adaptado a su empresa en particular, porque s\u00f3lo su empresa tendr\u00e1 los requisitos legales y las interacciones medioambientales exactas que se correspondan con sus procesos de negocio espec\u00edficos. Sin embargo, los requisitos de ISO 14001 proporcionan un marco y unas directrices para crear su propio sistema de gesti\u00f3n medioambiental para que usted no se pierda elementos importantes que se necesitan para que un EMS tenga \u00e9xito.<\/p>\n<div class=\"what-item-full tab3\">\n<h2 id=\"importance\"><strong>Conozca por qu\u00e9 la norma ISO 14001 es importante<\/strong><\/h2>\n<p>El cuidado de nuestro medio ambiente y la prevenci\u00f3n a la hora de evitar que nuestras empresas causen impactos negativos en el medio ambiente son dos de los retos m\u00e1s importantes a los que se enfrentan los negocios hoy en d\u00eda. Una de las mayores ventajas al implementar un EMS es el reconocimiento que conlleva estar entre esos negocios que se preocupan lo suficiente como para reducir su huella medioambiental. Esto puede mejorar las relaciones con los clientes, el p\u00fablico y la comunidad en general, pero adem\u00e1s tambi\u00e9n conlleva otras ventajas a\u00f1adidas.<\/p>\n<p>Adem\u00e1s de lograr una buena imagen p\u00fablica, muchas empresas pueden ahorrar dinero gracias a la implementaci\u00f3n de un sistema de gesti\u00f3n medioambiental. Esto se puede conseguir reduciendo los incidentes que pueden resultar en costes de responsabilidad, siendo capaz de obtener seguros a un coste m\u00e1s razonable, y conservando materiales de entrada y energ\u00eda mediante los esfuerzos de reducci\u00f3n. Esta mejora en el control de costes es un beneficio que no puede pasarse por alto al tomar la decisi\u00f3n de implementar un sistema de gesti\u00f3n medioambiental.<\/p>\n<\/div>\n<p><div id=\"middle-banner\" class=\"banner-shortcode\"><\/div><script>loadMiddleBanner();<\/script><\/p>\n<h2 id=\"structure\"><strong>\u00bfQu\u00e9 aspecto tiene la norma ISO 14001?<\/strong><\/h2>\n<p>La estructura ISO 14001 est\u00e1 dividida en diez secciones. Las tres primeras son introductorias, y las \u00faltimas siete contienen los requisitos para el sistema de gesti\u00f3n ambiental. Aqu\u00ed se explica de qu\u00e9 tratan las siete secciones principales:<\/p>\n<p><strong>Secci\u00f3n 4: Contexto de la organizaci\u00f3n<\/strong> \u2013 Esta secci\u00f3n trata sobre los requisitos para comprender su organizaci\u00f3n para implementar un SGA. Incluye los requisitos para identificar problemas internos y externos, identificar las partes interesadas y sus expectativas, definir el alcance del SGA e identificar los procesos necesarios para el SGA.<\/p>\n<p><strong>Secci\u00f3n 5: Liderazgo<\/strong> \u2013 Los requisitos de liderazgo cubren la necesidad de que la alta direcci\u00f3n sea fundamental en la implementaci\u00f3n del SGA. La alta direcci\u00f3n debe demostrar su compromiso con el SGA asegurando el compromiso ambiental, definiendo y comunicando la pol\u00edtica ambiental y asignando roles y responsabilidades en toda la organizaci\u00f3n.<\/p>\n<p><strong>Secci\u00f3n 6: Planificaci\u00f3n<\/strong> \u2013 La alta direcci\u00f3n tambi\u00e9n debe planificar el trabajo continuo del SGA. Se deben evaluar los riesgos y las oportunidades del SGA en la organizaci\u00f3n, identificar los objetivos ambientales de mejora y realizar planes para alcanzar estos objetivos. Adem\u00e1s, es necesario que la organizaci\u00f3n eval\u00fae todas las formas en las que los procesos organizativos interact\u00faan y afectan al medio ambiente, as\u00ed como los compromisos legales y de otro tipo que se requieren para la organizaci\u00f3n.<\/p>\n<p><strong>Secci\u00f3n 7: Soporte<\/strong> \u2013 La secci\u00f3n de soporte lidia con la administraci\u00f3n de todos los recursos para el SGA, y tambi\u00e9n incluye los requisitos sobre competencia, conocimiento, comunicaci\u00f3n y control de la informaci\u00f3n documentada (los documentos y registros requeridos para sus procesos).<\/p>\n<p><strong>Secci\u00f3n 8: Operaci\u00f3n<\/strong> \u2013 Los requisitos de operaci\u00f3n tratan todos los aspectos de los controles ambientales que necesitan los procesos organizativos, as\u00ed como la necesidad de identificar posibles situaciones de emergencia y planificar respuestas para que usted est\u00e9 preparado para responder en caso de que ocurra una emergencia.<\/p>\n<p><strong>Secci\u00f3n 9: Evaluaci\u00f3n del desempe\u00f1o<\/strong> \u2013 Esta secci\u00f3n incluye los requisitos necesarios para asegurar que puede controlar que est\u00e1 funcionando bien su SGA. Incluye el control y la medici\u00f3n de sus procesos, la evaluaci\u00f3n del cumplimiento ambiental, las auditor\u00edas internas y la revisi\u00f3n continua de la gesti\u00f3n del SGA.<\/p>\n<p><strong>Secci\u00f3n 10: Mejora<\/strong> \u2013 Esta \u00faltima secci\u00f3n incluye los requisitos necesarios para mejorar su SGA a lo largo del tiempo. Esto incluye la necesidad de evaluar la no conformidad del proceso y tomar medidas correctivas para los procesos.<\/p>\n<p>Estas secciones se basan en un ciclo Planificar-Hacer-Comprobar, que usa estos elementos para implementar cambios dentro de los procesos de la organizaci\u00f3n para impulsar y mantener mejoras dentro de los procesos.<\/p>\n<p style=\"text-align: center;\"><img decoding=\"async\" class=\"aligncenter size-full wp-image-4700\" src=\"\/wp-content\/uploads\/\/sites\/4\/2015\/05\/PDCA-cycle.png\" alt=\"PDCA cycle\" width=\"300\" height=\"300\" srcset=\"\/wp-content\/uploads\/sites\/4\/2015\/05\/PDCA-cycle.png 1004w, \/wp-content\/uploads\/sites\/4\/2015\/05\/PDCA-cycle-150x150.png 150w, \/wp-content\/uploads\/sites\/4\/2015\/05\/PDCA-cycle-300x300.png 300w, \/wp-content\/uploads\/sites\/4\/2015\/05\/PDCA-cycle-768x766.png 768w\" sizes=\"(max-width: 300px) 100vw, 300px\" \/><\/p>\n<p>Para obtener m\u00e1s informaci\u00f3n sobre c\u00f3mo funciona la norma ISO 14001, este art\u00edculo del blog ofrece una explicaci\u00f3n m\u00e1s detallada: <a title=\"Plan-Do-Check-Act in the ISO 14001 Standard\" href=\"\/14001academy\/es\/knowledgebase\/plan-do-check-act-planificar-hacer-revisar-actuar-en-el-estandar-iso-14001\/\">Plan-Do-Check-Act (Planificar-Hacer-Revisar-Actuar) en el est\u00e1ndar ISO 14001<\/a>.<\/p>\n<h2 id=\"benefits\"><strong>\u00bfPor qu\u00e9 deber\u00eda implementar ISO 14001 en su organizaci\u00f3n?<\/strong><\/h2>\n<p>Los beneficios de ISO 14001 no pueden ser exagerados; empresas de peque\u00f1o y gran tama\u00f1o han utilizado esta norma para conseguir unos efectos considerables, como ya se mencion\u00f3 anteriormente. Aqu\u00ed le presentamos tan s\u00f3lo algunos de estos beneficios:<\/p>\n<p><strong>Mejorar su imagen y credibilidad <\/strong>\u2013 Asegurando a los clientes que tiene un compromiso con la gesti\u00f3n demostrable de sus impactos medioambientales, puede mejorar su imagen y su cuota de mercado mediante el mantenimiento de una buena imagen p\u00fablica y la mejora de sus relaciones con la comunidad.<\/p>\n<p><strong>Mejorar el control de los costes<\/strong> \u2013 Una mejora que interesa a todas las empresas es la reducci\u00f3n de costes. El EMS puede ayudar con esto conservando la energ\u00eda y los materiales de entrada, al mismo tiempo que reduciendo los incidentes por los que una empresa puede incurrir en costes de responsabilidad, y mejorando los controles medioambientales que pueden ayudar a obtener seguros con unos costes reducidos para la empresa.<\/p>\n<p><strong>Utilizar la toma de decisiones basada en la evidencia<\/strong> \u2013 Asegur\u00e1ndose de que est\u00e1 usando datos precisos para tomar sus decisiones sobre lo que hay que mejorar, puede aumentar enormemente las posibilidades de que sus mejoras tengan \u00e9xito la primera vez, en lugar de tener que pasar por varios intentos fracasados. Usando estos datos para hacer un seguimiento de su progreso puede corregir estas iniciativas de mejora antes de que se pase el momento, lo que puede ayudarle a ahorrar costes y tiempo.<\/p>\n<p><strong>Crear una cultura de mejora continua<\/strong> \u2013 Con una mejora continuada, puede trabajar para conseguir unos procesos mejores y unos impactos medioambientales reducidos de una manera sistem\u00e1tica para mejorar su imagen p\u00fablica y reducir sus costes potencialmente, como ya se dijo anteriormente. Cuando se crea un ambiente de mejora, las personas siempre est\u00e1n buscando maneras de mejorar sus procesos, lo que hace que mantener el EMS sea mucho m\u00e1s f\u00e1cil.<\/p>\n<p><strong>Involucrar a su gente<\/strong> \u2013 Si se da la opci\u00f3n de elegir entre trabajar para una empresa que se preocupa por el medio ambiente y una que no lo hace, la mayor\u00eda de la gente preferir\u00eda la primera empresa. Conseguir que sus empleados se involucren en un esfuerzo de grupo para reducir su huella medioambiental puede aumentar la concentraci\u00f3n de sus empleados y fomentar la retenci\u00f3n.<\/p>\n<h2 id=\"certification\"><strong>\u00bfCu\u00e1les son los pasos pr\u00e1cticos que hay que seguir para obtener la certificaci\u00f3n ISO 14001?<\/strong><\/h2>\n<p>\u00bfQu\u00e9 es la certificaci\u00f3n ISO 14001? Hay dos tipos diferentes de certificaci\u00f3n: certificaci\u00f3n del sistema de gesti\u00f3n medioambiental de una empresa con respecto a los requisitos de ISO 14001, y la certificaci\u00f3n de individuos para poder auditar teniendo en cuenta los requisitos de la norma ISO 14001. Esta secci\u00f3n trata de los pasos necesarios para que una empresa implemente el sistema de gesti\u00f3n medioambiental ISO 14001 y para que pueda conseguir la certificaci\u00f3n correspondiente.<\/p>\n<p><strong>La certificaci\u00f3n ISO 14001 para su empresa<\/strong> implica implementar un EMS basado en los requisitos de ISO 14001, y despu\u00e9s contratar a un organismo reconocido de certificaci\u00f3n para auditar y aprobar su EMS como un sistema que cumple con los requisitos de la norma ISO 14001.<\/p>\n<p>A partir del apoyo de la direcci\u00f3n y la identificaci\u00f3n de los requisitos legales para el EMS, necesitar\u00e1 empezar definiendo su pol\u00edtica medioambiental, aspectos medioambientales, y objetivos y metas medioambientales, que juntos definen el \u00e1mbito general y la implementaci\u00f3n del sistema de gesti\u00f3n medioambiental. Junto con estos, tambi\u00e9n necesitar\u00e1 crear los procesos y procedimientos obligatorios y adicionales necesarios para las operaciones de su organizaci\u00f3n. Hay varios procesos obligatorios que necesitan ser incluidos, y otros que necesitan ser a\u00f1adidos a medida que la empresa los considera necesarios. Para conseguir una explicaci\u00f3n adecuada sobre esto, eche un vistazo a la documentaci\u00f3n t\u00e9cnica en la <a href=\"\/14001academy\/es\/knowledgebase\/list-of-mandatory-documents-required-by-iso-140012015\/\">Lista de documentos obligatorios requeridos por ISO 14001:2015<\/a>.<\/p>\n<p>Esta creaci\u00f3n de documentos y registros tiene que ser llevada a cabo de manera interna por su empresa, o puede solicitar ayuda contratando a un consultor o comprando la documentaci\u00f3n est\u00e1ndar. Para ver ejemplos de los documentos, visite esta <a title=\"Free Downloads\" href=\"\/14001academy\/es\/descargas-gratuitas\/\">p\u00e1gina de descargas gratuitas para ISO 14001<\/a>.<\/p>\n<p>Una vez que todos los procesos y procedimientos han sido establecidos, necesitar\u00e1 trabajar con el EMS durante alg\u00fan tiempo. Haciendo esto, ser\u00e1 capaz de compilar los registros necesarios para pasar a las siguientes etapas: auditar y revisar su sistema y obtener la certificaci\u00f3n correspondiente.<\/p>\n<h2 id=\"mandatory-steps\"><strong>Pasos obligatorios para finalizar con la implementaci\u00f3n y conseguir la certificaci\u00f3n<\/strong><\/h2>\n<p>Despu\u00e9s de terminar con todos los documentos y con su implementaci\u00f3n, su organizaci\u00f3n tambi\u00e9n tiene que realizar los siguientes pasos para asegurar una certificaci\u00f3n con \u00e9xito :<\/p>\n<p><strong>Auditor\u00eda Interna <\/strong>\u2013 La auditor\u00eda interna es necesaria para que usted compruebe sus procesos del EMS. El objetivo es asegurar que los registros est\u00e1n en su lugar para confirmar el cumplimiento de los procesos y para encontrar los problemas y debilidades que de otra forma permanecer\u00edan ocultos.<\/p>\n<p><strong>Revisi\u00f3n por parte de la direcci\u00f3n <\/strong>\u2013 Una revisi\u00f3n formal por parte de la direcci\u00f3n para evaluar los hechos relevantes sobre los procesos del sistema de gesti\u00f3n para tomar las decisiones apropiadas y asignar los recursos adecuados.<\/p>\n<p><strong>Acciones correctivas <\/strong>\u2013 Despu\u00e9s de la auditor\u00eda interna y de la revisi\u00f3n por parte de la direcci\u00f3n, necesitar\u00e1 corregir la causa ra\u00edz de todos los problemas identificados y documentar c\u00f3mo se resolvieron.<\/p>\n<p>El proceso de certificaci\u00f3n de la empresa se divide en dos fases diferentes:<\/p>\n<p><strong>Primera Fase (revisi\u00f3n de la documentaci\u00f3n)<\/strong> \u2013 Los auditores de su organismo de certificaci\u00f3n elegido comprobar\u00e1n la documentaci\u00f3n para asegurarse de que todos los documentos cumplen con los requisitos de ISO 14001.<\/p>\n<p><strong>Segunda Fase (auditor\u00eda principal)<\/strong> \u2013 Aqu\u00ed, los auditores del organismo de certificaci\u00f3n comprobar\u00e1n si sus actividades actuales cumplen tanto con la norma ISO 14001 como con su propia documentaci\u00f3n revisando los documentos, registros y las pr\u00e1cticas de la empresa.<\/p>\n<h2 id=\"training\"><strong>\u00bfQu\u00e9 formaci\u00f3n y certificaci\u00f3n est\u00e1n disponibles para la norma ISO 14001 si es usted un particular?<\/strong><\/h2>\n<p>Est\u00e1 disponible la formaci\u00f3n en los conceptos b\u00e1sicos de ISO 14001, y adem\u00e1s hay una gran variedad de cursos para que las personas individuales tengan la opci\u00f3n de elegir entre ellos. S\u00f3lo el primero de los cursos mencionados a continuaci\u00f3n puede conducir a la certificaci\u00f3n para que el individuo sea capaz de auditar para un organismo de certificaci\u00f3n, pero los otros son muy \u00fatiles para todos aquellos que est\u00e1n utilizando este tipo de conocimientos dentro de su propia empresa:<\/p>\n<p><strong>Curso de Auditor Principal para ISO 14001<\/strong> \u2013 Es un curso de formaci\u00f3n con una duraci\u00f3n aproximada de cuatro a cinco d\u00edas que se centra en entender la norma para el EMS 14001 y en ser capaz de usarlo para auditar sistemas de gesti\u00f3n teniendo en cuenta estos requisitos. El curso incluye un examen final para verificar los conocimientos y competencias adquiridos, y es s\u00f3lo con un curso acreditado que un individuo puede ser aprobado para auditar para un organismo de certificaci\u00f3n.<\/p>\n<p><strong>Curso de Auditor Interno para ISO 14001<\/strong> \u2013 Este curso con una duraci\u00f3n aproximada de dos o tres d\u00edas se basa en el curso anterior de auditor principal, pero no incluye el test de competencia, por lo que es m\u00e1s \u00fatil para alguien que est\u00e9 comenzando a realizar auditor\u00edas internas dentro de una empresa.<\/p>\n<p><strong>Curso de Implementaci\u00f3n y Concienciaci\u00f3n para ISO 14001<\/strong> \u2013 Se ofrecen varios cursos que proporcionan los conocimientos necesarios sobre ISO 14001 y ofrecen la informaci\u00f3n necesaria acerca de c\u00f3mo implementar esta norma. Estos pueden ser cursos de uno, dos o incluso cinco d\u00edas, y pueden incluir tambi\u00e9n sesiones de aprendizaje online como m\u00e9todo para ense\u00f1ar el material correspondiente. Estos cursos son adecuados para aquellos que necesitan una visi\u00f3n general de la norma ISO 14001, o para aquellos que estar\u00e1n involucrados en la implementaci\u00f3n dentro de una empresa, y muchos son m\u00e1s econ\u00f3micos que el curso de auditor principal que estar\u00eda indicado para aquellos que necesitan este nivel particular.<br \/>\nHay algunas organizaciones de formaci\u00f3n acreditadas en todo el mundo donde se pueden obtener t\u00edtulos y certificaciones individuales para la norma ISO 14001.<\/p>\n<p style=\"text-align: left;\"><em>Para obtener m\u00e1s informaci\u00f3n sobre la implementaci\u00f3n de ISO 14001, visite nuestra p\u00e1gina de <a title=\"Descarga gratuita de ISO 14001\" href=\"\/14001academy\/es\/descargas-gratuitas\/\">descarga gratuita de ISO 14001<\/a>. Encontrar\u00e1 gran cantidad de recursos \u00fatiles.<\/em><\/p>\n<p><div id=\"custom-banner\" class=\"banner-shortcode no-bottom-border\"><\/div><\/p>\n\n\n            \n        <\/div>\n    <\/div>\n<\/div>\n<\/section>\n<\/div><\/div><\/div><\/div><\/div>","protected":false},"excerpt":{"rendered":"<p>\u00bfQu\u00e9 es ISO 14001? PLANTILLAS PARA ISO 14001 CURSOS DE ISO 14001 MATERIALES GRATIS TABLA DE CONTENIDO \u00bfQu\u00e9 es ISO 14001? Introduction \u00bfQu\u00e9 es EMS? Importancia de ISO 14001 Estructura de ISO 14001 Beneficios de ISO 14001 Obtenga la certificaci\u00f3n correspondiente Pasos obligatorios Formaci\u00f3n para personas individuales \u201c\u00bfQu\u00e9 es ISO 14001?\u201d \u00bfHay una respuesta simple &#8230;<\/p>\n","protected":false},"author":27,"featured_media":30936,"parent":0,"menu_order":37,"comment_status":"open","ping_status":"closed","template":"page-what-is-iso.php","meta":{"_acf_changed":false,"footnotes":""},"toolkit-document-types":[],"class_list":["post-4173","page","type-page","status-publish","has-post-thumbnail","hentry"],"acf":[],"_links":{"self":[{"href":"https:\/\/staging.advisera.com\/14001academy\/es\/wp-json\/wp\/v2\/pages\/4173","targetHints":{"allow":["GET"]}}],"collection":[{"href":"https:\/\/staging.advisera.com\/14001academy\/es\/wp-json\/wp\/v2\/pages"}],"about":[{"href":"https:\/\/staging.advisera.com\/14001academy\/es\/wp-json\/wp\/v2\/types\/page"}],"author":[{"embeddable":true,"href":"https:\/\/staging.advisera.com\/14001academy\/es\/wp-json\/wp\/v2\/users\/27"}],"replies":[{"embeddable":true,"href":"https:\/\/staging.advisera.com\/14001academy\/es\/wp-json\/wp\/v2\/comments?post=4173"}],"version-history":[{"count":2,"href":"https:\/\/staging.advisera.com\/14001academy\/es\/wp-json\/wp\/v2\/pages\/4173\/revisions"}],"predecessor-version":[{"id":32821,"href":"https:\/\/staging.advisera.com\/14001academy\/es\/wp-json\/wp\/v2\/pages\/4173\/revisions\/32821"}],"wp:featuredmedia":[{"embeddable":true,"href":"https:\/\/staging.advisera.com\/14001academy\/es\/wp-json\/wp\/v2\/media\/30936"}],"wp:attachment":[{"href":"https:\/\/staging.advisera.com\/14001academy\/es\/wp-json\/wp\/v2\/media?parent=4173"}],"wp:term":[{"taxonomy":"toolkit-document-types","embeddable":true,"href":"https:\/\/staging.advisera.com\/14001academy\/es\/wp-json\/wp\/v2\/toolkit-document-types?post=4173"}],"curies":[{"name":"wp","href":"https:\/\/api.w.org\/{rel}","templated":true}]}}