{"id":6731,"date":"2015-05-14T11:22:46","date_gmt":"2015-05-14T11:22:46","guid":{"rendered":"https:\/\/multiacademstg.wpengine.com\/14001academy\/what-is-iso-14001\/-2\/"},"modified":"2024-12-20T15:24:22","modified_gmt":"2024-12-20T15:24:22","slug":"was-ist-iso-14001","status":"publish","type":"page","link":"https:\/\/staging.advisera.com\/14001academy\/de\/was-ist-iso-14001\/","title":{"rendered":"Was ist ISO 14001?"},"content":{"rendered":"<div id=\"pl-6731\"  class=\"panel-layout\" ><div id=\"pg-6731-0\"  class=\"panel-grid panel-no-style\" ><div id=\"pgc-6731-0-0\"  class=\"panel-grid-cell\" ><div id=\"panel-6731-0-0-0\" class=\"so-panel widget widget_hero-with-buttons-widget panel-first-child\" data-index=\"0\" ><div\n\t\t\t\n\t\t\tclass=\"so-widget-hero-with-buttons-widget so-widget-hero-with-buttons-widget-default-d75171398898-6731\"\n\t\t\t\n\t\t><section class=\"iso-hero sans\" style=\"background: #03284d;\">\n    <div class=\"container\">\n        <h1 class=\"iso-hero_title  \">\n            Was ist ISO 14001?\n        <\/h1>\n        <p class=\"iso-hero_subtitle \">\n                \n        <\/p>\n        <div class=\"iso-hero_buttons\">\n                            <div class=\"iso-hero_button\">\n                    <div class=\"button-image\">\n                        <img decoding=\"async\" width=\"64\" height=\"64\" src=\"\/wp-content\/uploads\/sites\/4\/2021\/10\/what-is-ISO-14001-Templates-button.png\" class=\"attachment-full size-full\" alt=\"-\">\n                    <\/div>\n                    <div class=\"button-content\">\n                        <span>ISO 14001 VORLAGEN<\/span>\n                    <\/div>\n                    <a href=\"https:\/\/staging.advisera.com\/14001academy\/de\/iso-14001-dokumentations-toolkit\/\"><\/a>\n                <\/div>\n                            <div class=\"iso-hero_button\">\n                    <div class=\"button-image\">\n                        <img decoding=\"async\" width=\"67\" height=\"67\" src=\"\/wp-content\/uploads\/sites\/4\/2021\/10\/what-is-ISO-14001-Courses-button.png\" class=\"attachment-full size-full\" alt=\"-\">\n                    <\/div>\n                    <div class=\"button-content\">\n                        <span>ISO 14001 KURSE<\/span>\n                    <\/div>\n                    <a href=\"https:\/\/staging.advisera.com\/de\/schulung\/?standard=iso-14001\"><\/a>\n                <\/div>\n                            <div class=\"iso-hero_button\">\n                    <div class=\"button-image\">\n                        <img decoding=\"async\" width=\"67\" height=\"67\" src=\"\/wp-content\/uploads\/sites\/4\/2021\/10\/what-is-ISO-14001-Free-Materials-button.png\" class=\"attachment-full size-full\" alt=\"-\">\n                    <\/div>\n                    <div class=\"button-content\">\n                        <span>ISO 14001 KURSE<\/span>\n                    <\/div>\n                    <a href=\"https:\/\/staging.advisera.com\/de\/ressourcen\/iso-14001-kostenlose-downloads\/\"><\/a>\n                <\/div>\n                    <\/div>\n    <\/div>\n<\/section><\/div><\/div><div id=\"panel-6731-0-0-1\" class=\"so-panel widget widget_content-with-sidebar-widget panel-last-child\" data-index=\"1\" ><div\n\t\t\t\n\t\t\tclass=\"so-widget-content-with-sidebar-widget so-widget-content-with-sidebar-widget-default-d75171398898-6731\"\n\t\t\t\n\t\t><section class=\"content-with-sidebar\">\n<div class=\"container\">\n\n    <div class=\"sidebar-area\">\n        <div class=\"sidebar-bg\"><\/div>\n        <div class=\"sidebar-wrapper\">\n            <div class=\"sidebar\">\n\n                \n                <h2 class=\"sidebar-title\">\n                    INHALTSVERZEICHNIS\n                <\/h2>\n\n                                    <div class=\"sidebar-item no-collapse\">\n                        <div class=\"sidebar-item-links\">\n                            <a class=\"scrollToAnchor\" href=\"#what-is-iso\"><span data-mce-type=\"bookmark\" style=\"display: inline-block; width: 0px; overflow: hidden; line-height: 0;\" class=\"mce_SELRES_start\">\ufeff<\/span>Was ist ISO 14001?<\/a>\n<a class=\"scrollToAnchor\" href=\"#introduction\">Einf\u00fchrung<\/a>\n<a class=\"scrollToAnchor\" href=\"#what-is-EMS\">Was ist UMS?<\/a>\n<a class=\"scrollToAnchor\" href=\"#importance\">Wichtigkeit von ISO 14001<\/a>\n<a class=\"scrollToAnchor\" href=\"#structure\">Struktur von ISO 14001<\/a>\n<a class=\"scrollToAnchor\" href=\"#benefits\">Vorteile von ISO 14001<\/a>\n<a class=\"scrollToAnchor\" href=\"#certification\">Zertifiziert werden<\/a>\n<a class=\"scrollToAnchor\" href=\"#mandatory-steps\">Obligatorische Schritte<\/a>\n<a class=\"scrollToAnchor\" href=\"#training\">Schulung f\u00fcr Einzelpersonen<\/a>\n                        <\/div>\n                    <\/div>\n\n                            <\/div>\n        <\/div>\n    <\/div>\n    <div class=\"content-area\">\n        <div class=\"what-is-groups\">\n\n            \n            <h2 id=\"what-is-iso\">\u201cWas ist ISO 14001?\u201d Gibt es auf diese Frage eine simple Antwort?<\/h2>\n<p>Sie sind nicht allein, wenn Sie das denken. Diesen zusammenfassenden Leitfaden gibt es f\u00fcr Sie, um die Grundlagen von ISO 14001 kennenzulernen, Ihnen zu helfen zu erfahren, was die ISO 14001-Anforderungen sind und Ihnen eine Anleitung daf\u00fcr zu bieten, was getan werden muss, um ein Umweltmanagementsystem zu implementieren und zertifiziert zu werden.<\/p>\n<h2 id=\"introduction\">Was sind die simplen Grundlagen von hat ISO 14001?<\/h2>\n<p>ISO 14001 wurde zur internationalen Norm f\u00fcr die Gestaltung und Implementierung eines Umweltmanagementsystems. Die Norm wird von ISO (International Organization for Standardization), einer internationalen Einrichtung, die weltweit anerkannte Normen erstellt und verteilt, ver\u00f6ffentlicht. Die letzte Version der Umweltmanagementsystem-Anforderungen wurde 2015 ver\u00f6ffentlicht und wird als \u201eISO 14001:2015\u201c bezeichnet. Die Norm wurde vor seiner Freigabe und Aktualisierung von einer Mehrheit von Mitgliedsl\u00e4ndern vereinbart und als solcher wurde es zur international anerkannten Norm, die weltweit von einer Mehrzahl von L\u00e4ndern angenommen wird.<\/p>\n<p>In einer Umfrage zur ISO 14001 Zertifizierung Ende 2017 zeigt die Anzahl der Unternehmen, die ein Umweltmanagementsystem nach ISO 14001 implementiert haben, weltweit einen stabilen Trend. Nachfolgend sind die Ergebnisse der letzten 6 Jahre aufgef\u00fchrt.<\/p>\n<p style=\"text-align: center;\"><img decoding=\"async\" class=\"aligncenter size-full wp-image-4699\" src=\"\/wp-content\/uploads\/\/sites\/4\/2018\/11\/number-of-iso-14001-certificates-per-year-de-new.png\" alt=\"Number of ISO 14001 certificates per year\" width=\"600\" \/><\/p>\n<p style=\"text-align: center;\">Daten entnommen aus der <a href=\"https:\/\/www.iso.org\/the-iso-survey.html\" target=\"_blank\" rel=\"noopener\">2017 ISO-Umfrage<\/a><\/p>\n<h2 id=\"what-is-EMS\"><strong>Was ist ein Umweltmanagementsystem?<\/strong><\/h2>\n<p>Ein Umweltmanagementsystem, oft UMS genannt, umfasst Richtlinien, Prozesse, Pl\u00e4ne, Praktiken und Aufzeichnungen, welche die Regeln, die bestimmen, wie Ihr Unternehmen mit der Umwelt interagiert, definieren. Das System muss auf Ihr jeweiliges Unternehmen zugeschnitten sein, denn nur Ihr Unternehmen wird \u00fcber die genauen gesetzlichen Anforderungen und Umweltinteraktionen verf\u00fcgen, die Ihren spezifischen Gesch\u00e4ftsprozessen entsprechen. Die ISO 14001-Anforderungen bieten allerdings ein Rahmenwerk und Anleitungen zur Erstellung Ihres Umweltmanagementsystems, damit Sie keine wichtigen Elemente \u00fcbersehen, die ein UMS ben\u00f6tigt, um erfolgreich zu sein.<\/p>\n<div class=\"what-item-full tab3\">\n<h2 id=\"importance\"><strong>Auf den Punkt gebracht, warum ISO 14001 wichtig ist<\/strong><\/h2>\n<p>Auf unsere Umwelt zu achten und zu vermeiden, dass unser Unternehmen negative Auswirkungen auf die Umwelt hat, sind die zwei wichtigsten Herausforderungen, mit denen Unternehmen heute konfrontiert sind. Einer der gr\u00f6\u00dften Vorteile der Implementierung eines UMS ist die Erkenntnis, sich unter jenen Unternehmen zu befinden, die sich gen\u00fcgend darum k\u00fcmmern, ihre Umweltbelastung zu reduzieren. Das kann f\u00fcr Ihr Unternehmen zu besseren Beziehungen mit Kunden, der \u00d6ffentlichkeit und der Gemeinschaft in ihrer Gesamtheit f\u00fchren, bringt jedoch auch noch anderen Nutzen.<\/p>\n<p>Neben dem guten \u00f6ffentlichen Ansehen k\u00f6nnen viele Unternehmen durch die Implementierung eines Umweltmanagementsystems Geld sparen. Erreicht werden kann das durch die Reduzierung von Vorf\u00e4llen, aus welchen sich Haftungskosten ergeben k\u00f6nnen, wie auch zum Erhalt g\u00fcnstigerer Versicherungskosten und einem sparsamen Umgang mit Einsatzstoffen und Energie durch Reduzierungsbem\u00fchungen f\u00fchren. Diese Verbesserung in der Kostenkontrolle ist ein Vorteil, der nicht \u00fcbersehen werden darf, wenn man sich entscheidet, ein Umweltmanagementsystem zu implementieren.<\/p>\n<\/div>\n<p><div id=\"middle-banner\" class=\"banner-shortcode\"><\/div><script>loadMiddleBanner();<\/script><\/p>\n<h2 id=\"structure\"><strong>Wie sieht ISO 14001 wirklich aus?<\/strong><\/h2>\n<p>Die ISO 14001 Struktur ist in zehn Abschnitte unterteilt. Die ersten drei sind einleitend, die letzten sieben enthalten die Anforderungen an das Umweltmanagementsystem. Hier sind die sieben Hauptabschnitte:<\/p>\n<p><strong>Abschnitt 4: Kontext der Organisation<\/strong> \u2013 In diesem Abschnitt werden Anforderungen zum Verst\u00e4ndnis Ihrer Organisation f\u00fcr die Implementierung eines EMS beschrieben. Sie enth\u00e4lt die Anforderungen zur Ermittlung interner und externer Fragen, zur Ermittlung der interessierten Parteien und ihrer Erwartungen, zur Festlegung des Umfangs des EMS und zur Ermittlung der f\u00fcr das EMS erforderlichen Prozesse.<\/p>\n<p><strong>Abschnitt 5: F\u00fchrung<\/strong> \u2013 Die Anforderungen an die F\u00fchrung decken die Notwendigkeit ab, dass das Top-Management bei der Umsetzung des EMS ma\u00dfgeblich ist. Das Top-Management muss Engagement f\u00fcr das EMS zeigen, indem es das Umweltengagement sicherstellt, die Umweltpolitik definiert und kommuniziert sowie Rollen und Verantwortlichkeiten innerhalb der gesamten Organisation zuweist.<\/p>\n<p><strong>Abschnitt 6: Planung<\/strong> \u2013 Das Top-Management muss au\u00dferdem die laufende Funktion des EMS planen. Die Risiken und Chancen des EMS in der Organisation m\u00fcssen bewertet werden und es m\u00fcssen Umweltziele zur Verbesserung identifiziert und Pl\u00e4ne zur Erreichung dieser Ziele erarbeitet werden. Dar\u00fcber hinaus muss die Organisation alle Arten der Interaktion der organisatorischen Prozesse und ihrer Auswirkungen auf die Umgebung sowie die rechtlichen und sonstigen Verpflichtungen der Organisation beurteilen.<\/p>\n<p><strong>Abschnitt 7: Support<\/strong> \u2013 Der Support-Abschnitt befasst sich mit der Verwaltung aller Ressourcen des EMS und enth\u00e4lt Anforderungen in Bezug auf Kompetenz, Sensibilisierung, Kommunikation und Kontrolle der dokumentierten Informationen (die f\u00fcr Ihre Prozesse erforderlichen Dokumente und Aufzeichnungen).<\/p>\n<p><strong>Abschnitt 8: Unternehmen<\/strong> \u2013 Die Anforderungen an das Unternehmen betreffen alle Aspekte der Umweltkontrollen, die von den organisatorischen Prozessen ben\u00f6tigt werden, sowie die Notwendigkeit, potenzielle Notfallsituationen zu erkennen und Reaktionen zu planen, damit Sie im Notfall darauf reagieren k\u00f6nnen.<\/p>\n<p><strong>Abschnitt 9: Leistungsbewertung<\/strong>\u00a0\u2013 Dieser Abschnitt enth\u00e4lt die Anforderungen, die erforderlich sind, um sicherzustellen, dass Sie \u00fcberwachen k\u00f6nnen, ob Ihr EMS ordnungsgem\u00e4\u00df funktioniert. Dazu geh\u00f6ren die \u00dcberwachung und Messung Ihrer Prozesse, die Bewertung der Einhaltung von Umweltvorschriften, interne Audits und die laufende \u00dcberpr\u00fcfung des EMS durch das Management.<\/p>\n<p><strong>Abschnitt 10: Verbesserung<\/strong>\u00a0\u2013 Dieser letzte Abschnitt enth\u00e4lt die Anforderungen, die erforderlich sind, um Ihr EMS kontinuierlich zu verbessern. Dies beinhaltet die Notwendigkeit, Prozessabweichungen zu bewerten und Korrekturma\u00dfnahmen f\u00fcr Prozesse zu ergreifen.<\/p>\n<p>Diese Abschnitte basieren auf einem Plan-Do-Check-Act-Zyklus, der diese Elemente zur Implementierung von \u00c4nderungen innerhalb der Prozesse der Organisation verwendet, um Verbesserungen in den Prozessen zu lenken und aufrechtzuerhalten.<\/p>\n<p style=\"text-align: center;\"><img decoding=\"async\" class=\"aligncenter size-full wp-image-4700\" src=\"\/wp-content\/uploads\/\/sites\/4\/2015\/05\/PDCA-cycle.png\" alt=\"PDCA cycle\" width=\"300\" height=\"300\" srcset=\"\/wp-content\/uploads\/sites\/4\/2015\/05\/PDCA-cycle.png 1004w, \/wp-content\/uploads\/sites\/4\/2015\/05\/PDCA-cycle-150x150.png 150w, \/wp-content\/uploads\/sites\/4\/2015\/05\/PDCA-cycle-300x300.png 300w, \/wp-content\/uploads\/sites\/4\/2015\/05\/PDCA-cycle-768x766.png 768w\" sizes=\"(max-width: 300px) 100vw, 300px\" \/><\/p>\n<p>In diesem Blogartikel erhalten Sie eine ausf\u00fchrliche Erkl\u00e4rung dar\u00fcber, wie dies im ISO 14001 Standard funktioniert: <a title=\"Plan-Do-Check-Act in the ISO 14001 Standard\" href=\"\/14001academy\/de\/knowledgebase\/plan-do-check-act-planen-tun-prufen-agieren-im-iso-14001-standard\/\">Plan-Do-Check-Act (Planen-Tun-Pr\u00fcfen-Agieren) in der ISO 14001-Norm<\/a>.<\/p>\n<h2 id=\"benefits\"><strong>Warum sollten Sie in Ihrer Organisation ISO 14001 implementieren?<\/strong><\/h2>\n<p>Die Vorteile von ISO 14001 k\u00f6nnen gar nicht genug betont werden; wie bereits oben erw\u00e4hnt, haben gro\u00dfe und kleine Unternehmen diese Norm mit gro\u00dfer Auswirkung verwendet.<\/p>\n<p><strong>Verbesserung Ihres Images und Ihrer Vertrauensw\u00fcrdigkeit<\/strong> \u2013 Indem Sie Ihren Kunden versichern, dass Sie sich f\u00fcr ein nachweisliches Management Ihrer Umweltauswirkungen engagieren, k\u00f6nnen Sie durch die Aufrechterhaltung eines guten \u00f6ffentlichen Ansehens und der verbesserten gemeinschaftlichen Beziehungen Ihr Image und Ihre Marktanteile steigern.<\/p>\n<p><strong>Verbesserung der Kostenkontrolle<\/strong> \u2013 Eine Verbesserung, die alle Unternehmen suchen, ist die Reduzierung der Kosten. Das UMS kann dabei helfen, indem mit Energie und Einsatzmaterial sparsam umgegangen wird, w\u00e4hrend gleichzeitig Vorf\u00e4lle, f\u00fcr die einem Unternehmen Haftungskosten entstehen k\u00f6nnen, reduziert werden und verbesserte Umweltkontrollen dazu beitragen, Versicherungen zu reduzierten Kosten f\u00fcr das Unternehmen zu bekommen.<\/p>\n<p><strong>Verwendung evidenzbasierter Entscheidungsfindung<\/strong> \u2013 Durch die Sicherstellung, dass Sie bei der Entscheidung, was zu verbessern ist, akkurate Daten verwenden, k\u00f6nnen Sie die Chancen, dass Ihre Verbesserungen gleich beim ersten Mal erfolgreich sein werden, betr\u00e4chtlich erh\u00f6hen und m\u00fcssen nicht mehrere erfolglose Versuche hinnehmen. Durch Verwendung dieser Daten zur Verfolgung von Fortschritten, k\u00f6nnen Sie diese Verbesserungsinitiativen korrigieren, bevor sie \u201eentgleisen\u201c, was Kosten und Zeit sparen kann.<\/p>\n<p><strong>Schaffung einer Kultur kontinuierlicher Verbesserung<\/strong> \u2013 Mit einer kontinuierlichen Verbesserung k\u00f6nnen Sie systematisch auf bessere Prozesse und reduzierte Umweltbelastungen hinarbeiten, um Ihr \u00f6ffentliches Image zu verbessern und m\u00f6glicherweise, wie oben angef\u00fchrt, Ihre Kosten reduzieren. Wird eine Kultur der Verbesserung geschaffen, suchen die Leute immer nach einer M\u00f6glichkeit, ihre Prozesse besser zu machen, was die Instandhaltung des UMS einfacher macht.<br \/>\n<strong><br \/>\nEngagement Ihrer Mitarbeiter<\/strong> \u2013 Bei der Wahl f\u00fcr ein Unternehmen zu arbeiten, das Achtsamkeit und Interesse f\u00fcr die Umwelt zeigt oder einem Unternehmen, das dies nicht tut, w\u00fcrden die meisten Menschen das erste Unternehmen bevorzugen. Wenn Sie Ihre Mitarbeiter bei gemeinsamen Bem\u00fchungen zur Reduzierung Ihrer Umweltbelastung mitrei\u00dfen, k\u00f6nnen Sie den Mitarbeiterfokus und die Mitarbeitererhaltung steigern.<\/p>\n<h2 id=\"certification\"><strong>Was sind die praktischen Schritte, um f\u00fcr ISO 14001 zertifiziert zu werden?<\/strong><\/h2>\n<p>Was ist die ISO 14001-Zertifizieirung? Es gibt zwei Arten von Zertifizierung: die Zertifizierung eines Umweltmanagementsystems eines Unternehmens gegen die ISO 14001-Anforderungen und die Zertifizierung von Einzelpersonen, damit diese gegen die ISO 14001-Anforderungen auditieren k\u00f6nnen. Dieser Abschnitt bespricht die Schritte f\u00fcr ein Unternehmen, um ein ISO 14001-Umweltmanagementsystem zu implementieren und dieses zertifizieren zu lassen.<\/p>\n<p>Zu der ISO 14001-<strong>Zertifizierung Ihres Unternehmens<\/strong> geh\u00f6rt die Implementierung eines UMS, basierend auf den ISO 14001-Anforderungen und danach die Beauftragung einer anerkannten Zertifizierungsstelle, um Ihr UMS zu auditieren und best\u00e4tigen zu lassen, dass Ihr UMS die Anforderungen der ISO 14001-Norm erf\u00fcllt.<\/p>\n<p>Beginnend mit der Management-Unterst\u00fctzung und Identifizierung der gesetzlichen Anforderungen f\u00fcr das UMS, m\u00fcssen Sie damit beginnen, Ihre Umweltpolitik, Umweltaspekte und Umweltzielsetzungen und Ziele zu definieren, welche zusammen den Gesamtumfang und die Implementierung des Umweltmanagementsystems definieren. Einhergehend damit m\u00fcssen Sie die obligatorischen und zus\u00e4tzlichen Prozesse und Verfahren, die f\u00fcr den operativen Betrieb Ihrer Organisation erforderlich sind, erstellen. Es gibt mehrere obligatorische Prozesse, die miteingeschlossen werden m\u00fcssen und andere, welche das Unternehmen als notwendig erachtet. F\u00fcr eine gute Erkl\u00e4rung dar\u00fcber lesen Sie bitte dieses White paper \u00a0<a href=\"\/14001academy\/de\/knowledgebase\/liste-erforderlicher-obligatorischer-dokumente-fur-iso-140012015\/\">Liste erforderlicher obligatorischer Dokumente f\u00fcr ISO 14001:2015<\/a>.<\/p>\n<p>Diese Erstellung von Dokumenten und Aufzeichnungen kann von Ihrem Unternehmen intern vorgenommen werden oder mit der Hilfe eines angeheuerten Beraters oder durch den Kauf einer Standard-Dokumentation erfolgen. Um Beispiel-Dokumente zu sehen, besuchen Sie bitte diese Seite <a title=\"Free Downloads\" href=\"\/14001academy\/de\/kostenlose-downloads\/\">kostenlose ISO 14001 Downloads<\/a>\u00a0page.<\/p>\n<p>Sobald alle Prozesse und Verfahren eingerichtet sind, m\u00fcssen Sie das UMS f\u00fcr einige Zeit betreiben. Dadurch sind Sie in der Lage, die erforderlichen Aufzeichnungen zu sammeln, um den n\u00e4chsten Schritt anzugehen: die Auditierung und \u00dcberpr\u00fcfung Ihres Systems, sowie zertifiziert zu werden.<\/p>\n<h2 id=\"mandatory-steps\"><strong>Obligatorische Schritte, um die Implementierung abzuschlie\u00dfen und zertifiziert zu werden<\/strong><\/h2>\n<p>Nach Beendigung aller Ihrer Dokumentationen und der Implementierung muss Ihre Organisation die folgenden Schritte durchf\u00fchren, um eine erfolgreiche Zertifizierung sicherzustellen.<\/p>\n<p><strong>Internes Audit<\/strong> \u2013 Das interne Audit ist f\u00fcr Sie vorhanden, um Ihre UMS-Prozesse zu \u00fcberpr\u00fcfen. Das Ziel ist, sicherzustellen, dass Aufzeichnungen vorhanden sind, um die Konformit\u00e4t der Prozesse zu best\u00e4tigen und Probleme und Schwachstellen zu finden, die ansonsten versteckt blieben.<\/p>\n<p><strong>Managementbewertung<\/strong>\u00a0\u2013 Eine formale \u00dcberpr\u00fcfung durch Ihr Management zur Evaluierung der relevanten Fakten Ihrer Managementsystem-Prozesse, um die geeigneten Entscheidungen treffen zu k\u00f6nnen und Ressourcen zuzuordnen.<\/p>\n<p><strong>Korrekturma\u00dfnahmen<\/strong> \u2013 Im Anschluss an das interne Audit und die Managementbewertung m\u00fcssen Sie die Grundursache jedes identifizierten Problems korrigieren und dokumentieren, wie die L\u00f6sung erfolgte.<\/p>\n<p>Der Zertifizierungsprozess f\u00fcr das Unternehmen ist in zwei Phasen unterteilt:<\/p>\n<p><strong>Phase Eins (Dokumentations\u00fcberpr\u00fcfung)<\/strong> \u2013 Die Auditoren der von Ihnen gew\u00e4hlten Zertifizierungsstelle f\u00fchren die \u00dcberpr\u00fcfung durch, um sicherzustellen, dass Ihre Dokumentation den Anforderungen von ISO 14001 entspricht.<\/p>\n<p><strong>Phase Zwei (Hauptaudit)<\/strong> \u2013 Hier \u00fcberpr\u00fcft die Zertifizierungsstelle, ob Ihre tats\u00e4chlichen Aktivit\u00e4ten sowohl mit ISO 14001, als auch mit Ihrer eigenen Dokumentation konform sind, indem sie Dokumente, Aufzeichnungen und Unternehmenspraktiken \u00fcberpr\u00fcft.<\/p>\n<h2 id=\"training\"><strong>Welche ISO 14001-Schulungen und Zertifizierungen gibt es, wenn Sie eine Einzelperson sind?<\/strong><\/h2>\n<p>Es ist eine Schulung f\u00fcr die Konzepte von ISO 14001 erh\u00e4ltlich, und es steht eine Reihe von Kursoptionen f\u00fcr Einzelpersonen zur Auswahl. Nur der erste der nachfolgend genannten Kurse kann zu einer Zertifizierung einer Einzelperson f\u00fchren, die ausgebildet wird, um f\u00fcr eine Zertifizierungsstelle zu auditieren, die anderen Kurse k\u00f6nnen jedoch sehr n\u00fctzlich sein f\u00fcr jene, die diese Kenntnisse im eigenen Unternehmen anwenden m\u00f6chten:<\/p>\n<p><strong>ISO 14001 Kurs \u201eLeitender Auditor\u201c<\/strong> \u2013 Das ist ein viert\u00e4giger bis f\u00fcnft\u00e4giger Schulungskurs, fokussiert auf das Verst\u00e4ndnis der ISO 14001 UMS-Norm und die F\u00e4higkeit, dieses f\u00fcr die Auditierung von Managementsystemen gegen diese Anforderungen zu nutzen. Zum Kurs geh\u00f6rt ein Examen am Ende, um Kenntnisse und Kompetenz zu \u00fcberpr\u00fcfen und nur mit einem akkreditierten Kurs kann eine Einzelperson daf\u00fcr zugelassen werden, f\u00fcr eine Zertifizierungsstelle zu auditieren.<\/p>\n<p><strong>ISO 14001 Kurs \u201eInterner Auditor\u201c<\/strong> \u2013 Das ist \u00fcblicherweise ein zweit\u00e4giger oder dreit\u00e4giger Kurs, der auf dem oben genannten Kurs \u201eLeitender Aduitor\u201c basiert, jedoch nicht den Kompetenztest beinhaltet und daher sehr sinnvoll f\u00fcr jemanden sein kann, der damit beginnt, interne Audits innerhalb eines Unternehmens durchzuf\u00fchren.<\/p>\n<p><strong>ISO 14001 Kurs \u201eSensibilisierung und Implementierung\u201c<\/strong> \u2013 Es werden mehrere Kurse angeboten, die Wissen \u00fcber ISO 14001 vermitteln und wie es zu implementieren ist. Dies k\u00f6nnen eint\u00e4gige oder zweit\u00e4gige, aber auch f\u00fcnft\u00e4gige Kurse sein und sie k\u00f6nnen auch Online-eLearning-Sitzungen als Unterrichtsmethode beinhalten. Diese Kurse sind gut f\u00fcr jene, die einen \u00dcberblick \u00fcber die ISO 14001-Norm brauchen oder jene, die in die Implementierung in einem Unternehmen einbezogen sind, und viele Kurse davon sind wirtschaftlicher als die Kurse f\u00fcr leitende Auditoren f\u00fcr jene, die auf dieser Ebene involviert sind.<\/p>\n<p>Es gibt weltweit eine Reihe akkreditierter Schulungsorganisationen, in denen Sie individuelle Qualifikationen f\u00fcr ISO 14001 erwerben k\u00f6nnen.<\/p>\n<p style=\"text-align: left;\"><em>Um mehr \u00fcber die Implementierung von ISO 14001 zu erfahren, besuchen Sie bitte unsere Seite <a title=\"ISO 14001 Kostenloser Download\" href=\"\/14001academy\/de\/kostenlose-downloads\/\">ISO 14001 Kostenloser Download<\/a>. Dort finden Sie eine Vielzahl hilfreicher Ressourcen.<\/em><\/p>\n<p><div id=\"custom-banner\" class=\"banner-shortcode no-bottom-border\"><\/div><\/p>\n\n\n            \n        <\/div>\n    <\/div>\n<\/div>\n<\/section>\n<\/div><\/div><\/div><\/div><\/div>","protected":false},"excerpt":{"rendered":"<p>Was ist ISO 14001? ISO 14001 VORLAGEN ISO 14001 KURSE ISO 14001 KURSE INHALTSVERZEICHNIS \ufeffWas ist ISO 14001? Einf\u00fchrung Was ist UMS? Wichtigkeit von ISO 14001 Struktur von ISO 14001 Vorteile von ISO 14001 Zertifiziert werden Obligatorische Schritte Schulung f\u00fcr Einzelpersonen \u201cWas ist ISO 14001?\u201d Gibt es auf diese Frage eine simple Antwort? Sie sind &#8230;<\/p>\n","protected":false},"author":27,"featured_media":30985,"parent":0,"menu_order":37,"comment_status":"open","ping_status":"closed","template":"page-what-is-iso.php","meta":{"_acf_changed":false,"footnotes":""},"toolkit-document-types":[],"class_list":["post-6731","page","type-page","status-publish","has-post-thumbnail","hentry"],"acf":[],"_links":{"self":[{"href":"https:\/\/staging.advisera.com\/14001academy\/de\/wp-json\/wp\/v2\/pages\/6731","targetHints":{"allow":["GET"]}}],"collection":[{"href":"https:\/\/staging.advisera.com\/14001academy\/de\/wp-json\/wp\/v2\/pages"}],"about":[{"href":"https:\/\/staging.advisera.com\/14001academy\/de\/wp-json\/wp\/v2\/types\/page"}],"author":[{"embeddable":true,"href":"https:\/\/staging.advisera.com\/14001academy\/de\/wp-json\/wp\/v2\/users\/27"}],"replies":[{"embeddable":true,"href":"https:\/\/staging.advisera.com\/14001academy\/de\/wp-json\/wp\/v2\/comments?post=6731"}],"version-history":[{"count":1,"href":"https:\/\/staging.advisera.com\/14001academy\/de\/wp-json\/wp\/v2\/pages\/6731\/revisions"}],"predecessor-version":[{"id":32820,"href":"https:\/\/staging.advisera.com\/14001academy\/de\/wp-json\/wp\/v2\/pages\/6731\/revisions\/32820"}],"wp:featuredmedia":[{"embeddable":true,"href":"https:\/\/staging.advisera.com\/14001academy\/de\/wp-json\/wp\/v2\/media\/30985"}],"wp:attachment":[{"href":"https:\/\/staging.advisera.com\/14001academy\/de\/wp-json\/wp\/v2\/media?parent=6731"}],"wp:term":[{"taxonomy":"toolkit-document-types","embeddable":true,"href":"https:\/\/staging.advisera.com\/14001academy\/de\/wp-json\/wp\/v2\/toolkit-document-types?post=6731"}],"curies":[{"name":"wp","href":"https:\/\/api.w.org\/{rel}","templated":true}]}}